{"id":67853,"date":"2024-01-13T10:41:33","date_gmt":"2024-09-20T12:17:43","guid":{"rendered":"https:\/\/staging.nbg.eu\/product\/surefire-m340dft-pro\/"},"modified":"2024-09-20T12:18:38","modified_gmt":"2024-09-20T12:18:38","slug":"surefire-m340dft-pro","status":"publish","type":"product","link":"https:\/\/staging.nbg.eu\/hu\/termek\/surefire-m340dft-pro\/","title":{"rendered":"SureFire M340DFT-PRO"},"content":{"rendered":"<div class=\"product-description\">\n<h2>SureFire M340DFT-PRO Turbo Mini Scout Light Pro<\/h2>\n<p>Az M340DFT-PRO jellemz\u0151i:<\/p>\n<ul>\n<li>95 000 candela cs\u00facs f\u00e9nyer\u0151ss\u00e9g a mell\u00e9kelt SF18350 akkumul\u00e1torral<\/li>\n<li>Turbo f\u00e9nysug\u00e1r minta nagy t\u00e1vols\u00e1g\u00fa c\u00e9lpont azonos\u00edt\u00e1shoz<\/li>\n<li>Alacsony profil\u00fa r\u00f6gz\u00edt\u0151 az optim\u00e1lis elhelyez\u00e9shez<\/li>\n<li>K\u00e9t \u00fczemanyag lehet\u0151s\u00e9g: SF18350 \u00fajrat\u00f6lthet\u0151 vagy 123A l\u00edtium elem<\/li>\n<li>Tart\u00f3ss\u00e1g \u00e9s \u00e1tfog\u00f3 t\u00e1vvez\u00e9rl\u00e9si lehet\u0151s\u00e9gek<\/li>\n<\/ul>\n<p>Az M340DFT-PRO prec\u00edzi\u00f3s reflektora koncentr\u00e1lt f\u00e9nysugarat biztos\u00edt, amely alkalmas nagy t\u00e1vols\u00e1g\u00fa alkalmaz\u00e1sokhoz. Rep\u00fcl\u0151g\u00e9p-alum\u00edniumb\u00f3l k\u00e9sz\u00fclt \u00e9s katonai min\u0151s\u00e9g\u0171 kem\u00e9nyan\u00f3dos bevonattal rendelkezik, ez a fegyverl\u00e1mp\u00e1t ellen\u00e1ll\u00f3v\u00e1 teszi a zord k\u00f6r\u00fclm\u00e9nyekkel szemben.<\/p>\n<\/div>\n","protected":false},"excerpt":{"rendered":"<p>Kompakt, nagy teljes\u00edtm\u00e9ny\u0171 fegyverl\u00e1mp\u00e1s 95 000 candela cs\u00facs f\u00e9nyer\u0151ss\u00e9ggel.<\/p>\n","protected":false},"featured_media":67854,"template":"","meta":{"_acf_changed":false},"product_brand":[11863],"product_cat":[12958,12967],"product_tag":[],"class_list":{"0":"post-67853","1":"product","2":"type-product","3":"status-publish","4":"has-post-thumbnail","6":"product_brand-surefire","7":"product_cat-lampak","8":"product_cat-puska","10":"first","11":"instock","12":"taxable","13":"shipping-taxable","14":"purchasable","15":"product-type-variable","16":"wvs-archive-product-wrapper"},"acf":[],"_links":{"self":[{"href":"https:\/\/staging.nbg.eu\/hu\/wp-json\/wp\/v2\/product\/67853","targetHints":{"allow":["GET"]}}],"collection":[{"href":"https:\/\/staging.nbg.eu\/hu\/wp-json\/wp\/v2\/product"}],"about":[{"href":"https:\/\/staging.nbg.eu\/hu\/wp-json\/wp\/v2\/types\/product"}],"wp:featuredmedia":[{"embeddable":true,"href":"https:\/\/staging.nbg.eu\/hu\/wp-json\/wp\/v2\/media\/67854"}],"wp:attachment":[{"href":"https:\/\/staging.nbg.eu\/hu\/wp-json\/wp\/v2\/media?parent=67853"}],"wp:term":[{"taxonomy":"product_brand","embeddable":true,"href":"https:\/\/staging.nbg.eu\/hu\/wp-json\/wp\/v2\/product_brand?post=67853"},{"taxonomy":"product_cat","embeddable":true,"href":"https:\/\/staging.nbg.eu\/hu\/wp-json\/wp\/v2\/product_cat?post=67853"},{"taxonomy":"product_tag","embeddable":true,"href":"https:\/\/staging.nbg.eu\/hu\/wp-json\/wp\/v2\/product_tag?post=67853"}],"curies":[{"name":"wp","href":"https:\/\/api.w.org\/{rel}","templated":true}]}}