{"id":67603,"date":"2024-01-13T11:48:33","date_gmt":"2024-01-13T11:48:33","guid":{"rendered":"https:\/\/staging.nbg.eu\/product\/surefire-m340v-pro\/"},"modified":"2024-09-20T12:16:09","modified_gmt":"2024-09-20T12:16:09","slug":"surefire-m340v-pro","status":"publish","type":"product","link":"https:\/\/staging.nbg.eu\/hu\/termek\/surefire-m340v-pro\/","title":{"rendered":"SureFire M340V-PRO"},"content":{"rendered":"<div class=\"product-description\">\n<h2>Mini Scout Light Pro infrav\u00f6r\u00f6s<\/h2>\n<p>Egycell\u00e1s Scout Light Pro. Ez a sokoldal\u00fa megvil\u00e1g\u00edt\u00f3 eszk\u00f6z a k\u00f6vetkez\u0151ket k\u00edn\u00e1lja:<\/p>\n<ul>\n<li>250 lumen feh\u00e9r f\u00e9ny \u00e9s 100 mW infrav\u00f6r\u00f6s kibocs\u00e1t\u00e1s<\/li>\n<li>Hibrid f\u00e9nysug\u00e1r k\u00f6zepes \u00e9s hossz\u00fa t\u00e1v\u00fa azonos\u00edt\u00e1shoz \u00e9s helyzetfelismer\u00e9shez<\/li>\n<li>\u00daj alacsony profil\u00fa r\u00f6gz\u00edt\u00e9s az optim\u00e1lis poz\u00edcion\u00e1l\u00e1shoz \u00e9s kieg\u00e9sz\u00edt\u0151 kompatibilit\u00e1shoz<\/li>\n<li>Egyszer\u0171 \u00fczemm\u00f3dv\u00e1lt\u00e1s feh\u00e9r f\u00e9ny, kikapcsol\u00e1s \u00e9s infrav\u00f6r\u00f6s k\u00f6z\u00f6tt<\/li>\n<li>Rep\u00fcl\u0151g\u00e9pipari alum\u00ednium szerkezet katonai min\u0151s\u00e9g\u0171 kem\u00e9ny elox\u00e1l\u00e1ssal<\/li>\n<li>Egy darab 123A l\u00edtium elemmel m\u0171k\u00f6dik<\/li>\n<li>Kompatibilis MIL-STD-1913 \u00e9s M-LOK s\u00ednekkel<\/li>\n<\/ul>\n<p>Harci ig\u00e9nybev\u00e9telre tervezve, ez a kompakt eszk\u00f6z el\u0151nyt biztos\u00edt b\u00e1rmilyen gyenge f\u00e9nyviszonyok k\u00f6z\u00f6tt.<\/p>\n<\/div>\n","protected":false},"excerpt":{"rendered":"<p>Kompakt taktikai l\u00e1mpa 250 lumen feh\u00e9r \u00e9s 100 mW infrav\u00f6r\u00f6s f\u00e9nykibocs\u00e1t\u00e1ssal.<\/p>\n","protected":false},"featured_media":67604,"template":"","meta":{"_acf_changed":false},"product_brand":[11863],"product_cat":[12958,12967],"product_tag":[],"class_list":{"0":"post-67603","1":"product","2":"type-product","3":"status-publish","4":"has-post-thumbnail","6":"product_brand-surefire","7":"product_cat-lampak","8":"product_cat-puska","10":"first","11":"instock","12":"taxable","13":"shipping-taxable","14":"purchasable","15":"product-type-simple"},"acf":[],"_links":{"self":[{"href":"https:\/\/staging.nbg.eu\/hu\/wp-json\/wp\/v2\/product\/67603","targetHints":{"allow":["GET"]}}],"collection":[{"href":"https:\/\/staging.nbg.eu\/hu\/wp-json\/wp\/v2\/product"}],"about":[{"href":"https:\/\/staging.nbg.eu\/hu\/wp-json\/wp\/v2\/types\/product"}],"wp:featuredmedia":[{"embeddable":true,"href":"https:\/\/staging.nbg.eu\/hu\/wp-json\/wp\/v2\/media\/67604"}],"wp:attachment":[{"href":"https:\/\/staging.nbg.eu\/hu\/wp-json\/wp\/v2\/media?parent=67603"}],"wp:term":[{"taxonomy":"product_brand","embeddable":true,"href":"https:\/\/staging.nbg.eu\/hu\/wp-json\/wp\/v2\/product_brand?post=67603"},{"taxonomy":"product_cat","embeddable":true,"href":"https:\/\/staging.nbg.eu\/hu\/wp-json\/wp\/v2\/product_cat?post=67603"},{"taxonomy":"product_tag","embeddable":true,"href":"https:\/\/staging.nbg.eu\/hu\/wp-json\/wp\/v2\/product_tag?post=67603"}],"curies":[{"name":"wp","href":"https:\/\/api.w.org\/{rel}","templated":true}]}}