{"id":67317,"date":"2024-01-13T12:52:23","date_gmt":"2024-09-20T12:05:14","guid":{"rendered":"https:\/\/staging.nbg.eu\/product\/surefire-sr07-weaponlight-switch\/"},"modified":"2024-09-20T12:06:04","modified_gmt":"2024-09-20T12:06:04","slug":"surefire-sr07-fegyverlampa-kapcsolo","status":"publish","type":"product","link":"https:\/\/staging.nbg.eu\/hu\/termek\/surefire-sr07-fegyverlampa-kapcsolo\/","title":{"rendered":"SureFire SR07 Fegyverlampa Kapcsolo"},"content":{"rendered":"<p>\nA SureFire SR07 t\u00e1voli aktiv\u00e1l\u00e1st biztos\u00edt a SureFire fegyverf\u00e9nyek sz\u00e1m\u00e1ra. Jellemz\u0151k:<\/p>\n<ul>\n<li>Pillanatnyi bekapcsol\u00e1s\u00fa nyom\u00f3gomb<\/li>\n<li>\u00c1lland\u00f3 bekapcsol\u00e1s\u00fa nyom\u00f3gomb<\/li>\n<li>18 cm-es k\u00e1bel<\/li>\n<li>R\u00e1pattinthat\u00f3 Picatinny s\u00ednr\u00f6gz\u00edt\u0151<\/li>\n<\/ul>\n<p>Kett\u0151s kapcsol\u00f3val ir\u00e1ny\u00edthat\u00f3.<\/p>\n","protected":false},"excerpt":{"rendered":"<p>T\u00e1vvez\u00e9relhet\u0151 kett\u0151s kapcsol\u00f3 SureFire fegyverf\u00e9nyekhez. S\u00ednre szerelhet\u0151.<\/p>\n","protected":false},"featured_media":67318,"template":"","meta":{"_acf_changed":false},"product_brand":[11863],"product_cat":[12982,12958,12967],"product_tag":[],"class_list":{"0":"post-67317","1":"product","2":"type-product","3":"status-publish","4":"has-post-thumbnail","6":"product_brand-surefire","7":"product_cat-lampa-kiegeszitok","8":"product_cat-lampak","9":"product_cat-puska","11":"first","12":"instock","13":"taxable","14":"shipping-taxable","15":"purchasable","16":"product-type-simple"},"acf":[],"_links":{"self":[{"href":"https:\/\/staging.nbg.eu\/hu\/wp-json\/wp\/v2\/product\/67317","targetHints":{"allow":["GET"]}}],"collection":[{"href":"https:\/\/staging.nbg.eu\/hu\/wp-json\/wp\/v2\/product"}],"about":[{"href":"https:\/\/staging.nbg.eu\/hu\/wp-json\/wp\/v2\/types\/product"}],"wp:featuredmedia":[{"embeddable":true,"href":"https:\/\/staging.nbg.eu\/hu\/wp-json\/wp\/v2\/media\/67318"}],"wp:attachment":[{"href":"https:\/\/staging.nbg.eu\/hu\/wp-json\/wp\/v2\/media?parent=67317"}],"wp:term":[{"taxonomy":"product_brand","embeddable":true,"href":"https:\/\/staging.nbg.eu\/hu\/wp-json\/wp\/v2\/product_brand?post=67317"},{"taxonomy":"product_cat","embeddable":true,"href":"https:\/\/staging.nbg.eu\/hu\/wp-json\/wp\/v2\/product_cat?post=67317"},{"taxonomy":"product_tag","embeddable":true,"href":"https:\/\/staging.nbg.eu\/hu\/wp-json\/wp\/v2\/product_tag?post=67317"}],"curies":[{"name":"wp","href":"https:\/\/api.w.org\/{rel}","templated":true}]}}