{"id":67275,"date":"2024-01-13T13:21:56","date_gmt":"2024-09-20T12:04:00","guid":{"rendered":"https:\/\/staging.nbg.eu\/product\/surefire-switch-st07\/"},"modified":"2024-09-20T12:04:50","modified_gmt":"2024-09-20T12:04:50","slug":"surefire-switch-st07","status":"publish","type":"product","link":"https:\/\/staging.nbg.eu\/hu\/termek\/surefire-switch-st07\/","title":{"rendered":"SureFire Switch ST07"},"content":{"rendered":"<p>\nA SureFire Switch ST07 t\u00e1vir\u00e1ny\u00edt\u00e1st biztos\u00edt kompatibilis fegyverf\u00e9nyekhez. Jellemz\u0151k:<\/p>\n<ul>\n<li>17,8 cm-es k\u00e1bel puska\/karab\u00e9ly haszn\u00e1lathoz<\/li>\n<li>O-gy\u0171r\u0171s t\u00f6m\u00edt\u00e9s\u0171 csatlakoz\u00f3 az id\u0151j\u00e1r\u00e1s-\u00e1ll\u00f3s\u00e1g\u00e9rt<\/li>\n<li>T\u00e9p\u0151z\u00e1ras r\u00f6gz\u00edt\u00e9s a sokoldal\u00fa elhelyez\u00e9shez<\/li>\n<\/ul>\n<p>Ez a t\u00e1vkapcsol\u00f3 jav\u00edtja a taktikai ir\u00e1ny\u00edt\u00e1st.<\/p>\n","protected":false},"excerpt":{"rendered":"<p>T\u00e1vir\u00e1ny\u00edt\u00f3 kapcsol\u00f3 SureFire fegyverf\u00e9nyekhez. 17,8 cm-es k\u00e1bel, id\u0151j\u00e1r\u00e1s\u00e1ll\u00f3.<\/p>\n","protected":false},"featured_media":67276,"template":"","meta":{"_acf_changed":false},"product_brand":[11863],"product_cat":[12982,12958,12967],"product_tag":[],"class_list":{"0":"post-67275","1":"product","2":"type-product","3":"status-publish","4":"has-post-thumbnail","6":"product_brand-surefire","7":"product_cat-lampa-kiegeszitok","8":"product_cat-lampak","9":"product_cat-puska","11":"first","12":"instock","13":"taxable","14":"shipping-taxable","15":"purchasable","16":"product-type-simple"},"acf":[],"_links":{"self":[{"href":"https:\/\/staging.nbg.eu\/hu\/wp-json\/wp\/v2\/product\/67275","targetHints":{"allow":["GET"]}}],"collection":[{"href":"https:\/\/staging.nbg.eu\/hu\/wp-json\/wp\/v2\/product"}],"about":[{"href":"https:\/\/staging.nbg.eu\/hu\/wp-json\/wp\/v2\/types\/product"}],"wp:featuredmedia":[{"embeddable":true,"href":"https:\/\/staging.nbg.eu\/hu\/wp-json\/wp\/v2\/media\/67276"}],"wp:attachment":[{"href":"https:\/\/staging.nbg.eu\/hu\/wp-json\/wp\/v2\/media?parent=67275"}],"wp:term":[{"taxonomy":"product_brand","embeddable":true,"href":"https:\/\/staging.nbg.eu\/hu\/wp-json\/wp\/v2\/product_brand?post=67275"},{"taxonomy":"product_cat","embeddable":true,"href":"https:\/\/staging.nbg.eu\/hu\/wp-json\/wp\/v2\/product_cat?post=67275"},{"taxonomy":"product_tag","embeddable":true,"href":"https:\/\/staging.nbg.eu\/hu\/wp-json\/wp\/v2\/product_tag?post=67275"}],"curies":[{"name":"wp","href":"https:\/\/api.w.org\/{rel}","templated":true}]}}