{"id":67089,"date":"2024-01-13T13:29:38","date_gmt":"2024-09-20T11:59:50","guid":{"rendered":"https:\/\/staging.nbg.eu\/product\/surefire-x300u-a\/"},"modified":"2025-02-19T14:50:43","modified_gmt":"2025-02-19T14:50:43","slug":"surefire-x300u-a","status":"publish","type":"product","link":"https:\/\/staging.nbg.eu\/hu\/termek\/surefire-x300u-a\/","title":{"rendered":"SureFire X300U-A"},"content":{"rendered":"<div class=\"product-description\">\n<h2>SureFire X300U-A Taktikai Fegyverl\u00e1mpa<\/h2>\n<p>A SureFire X300U-A egy nagy teljes\u00edtm\u00e9ny\u0171 taktikai l\u00e1mpa. 1000 lumen f\u00e9nyer\u0151t bocs\u00e1t ki, melyet egy prec\u00edzi\u00f3s TIR lencse f\u00f3kusz\u00e1l.<\/p>\n<ul>\n<li>Gyorsan lev\u00e1laszthat\u00f3 karrendszer a gyors fel- \u00e9s leszerel\u00e9shez<\/li>\n<li>K\u00e9tkezes kapcsol\u00f3 az azonnali aktiv\u00e1l\u00e1shoz<\/li>\n<li>Rep\u00fcl\u0151g\u00e9p-min\u0151s\u00e9g\u0171 alum\u00ednium test katonai szabv\u00e1ny szerinti kem\u00e9ny elox\u00e1lt bevonattal<\/li>\n<li>IPX7 v\u00edz\u00e1ll\u00f3s\u00e1gi besorol\u00e1s (1 m\u00e9ter m\u00e9lys\u00e9gig 30 percig)<\/li>\n<li>1,25 \u00f3ra \u00fczemid\u0151 k\u00e9t mell\u00e9kelt 123A l\u00edtium elemmel<\/li>\n<li>Kompakt kialak\u00edt\u00e1s: 3,76 h\u00fcvelyk hossz\u00fa, 4,0 uncia s\u00faly\u00fa<\/li>\n<\/ul>\n<p>A SureFire X300U-A megvil\u00e1g\u00edtja a c\u00e9lpontokat jelent\u0151s t\u00e1vols\u00e1gb\u00f3l, mik\u00f6zben fenntartja a helyzetfelismer\u00e9st.<\/p>\n<\/div>\n","protected":false},"excerpt":{"rendered":"<p>SureFire X300U-A: 1000 lumenes taktikai l\u00e1mpa k\u00e9zi- \u00e9s vad\u00e1szfegyverekhez.<\/p>\n","protected":false},"featured_media":67090,"template":"","meta":{"_acf_changed":false},"product_brand":[11863],"product_cat":[12958,12924,12951],"product_tag":[],"class_list":{"0":"post-67089","1":"product","2":"type-product","3":"status-publish","4":"has-post-thumbnail","6":"product_brand-surefire","7":"product_cat-lampak","8":"product_cat-pisztoly","9":"product_cat-pisztoly-lampak","11":"first","12":"instock","13":"taxable","14":"shipping-taxable","15":"purchasable","16":"product-type-variable","17":"wvs-archive-product-wrapper"},"acf":[],"_links":{"self":[{"href":"https:\/\/staging.nbg.eu\/hu\/wp-json\/wp\/v2\/product\/67089","targetHints":{"allow":["GET"]}}],"collection":[{"href":"https:\/\/staging.nbg.eu\/hu\/wp-json\/wp\/v2\/product"}],"about":[{"href":"https:\/\/staging.nbg.eu\/hu\/wp-json\/wp\/v2\/types\/product"}],"wp:featuredmedia":[{"embeddable":true,"href":"https:\/\/staging.nbg.eu\/hu\/wp-json\/wp\/v2\/media\/67090"}],"wp:attachment":[{"href":"https:\/\/staging.nbg.eu\/hu\/wp-json\/wp\/v2\/media?parent=67089"}],"wp:term":[{"taxonomy":"product_brand","embeddable":true,"href":"https:\/\/staging.nbg.eu\/hu\/wp-json\/wp\/v2\/product_brand?post=67089"},{"taxonomy":"product_cat","embeddable":true,"href":"https:\/\/staging.nbg.eu\/hu\/wp-json\/wp\/v2\/product_cat?post=67089"},{"taxonomy":"product_tag","embeddable":true,"href":"https:\/\/staging.nbg.eu\/hu\/wp-json\/wp\/v2\/product_tag?post=67089"}],"curies":[{"name":"wp","href":"https:\/\/api.w.org\/{rel}","templated":true}]}}