{"id":66827,"date":"2024-01-13T20:15:17","date_gmt":"2024-09-20T11:57:11","guid":{"rendered":"https:\/\/staging.nbg.eu\/product\/surefire-x300u-b\/"},"modified":"2025-02-19T14:58:32","modified_gmt":"2025-02-19T14:58:32","slug":"surefire-x300u-b","status":"publish","type":"product","link":"https:\/\/staging.nbg.eu\/hu\/termek\/surefire-x300u-b\/","title":{"rendered":"SureFire X300U-B"},"content":{"rendered":"<div class=\"product-description\">\n<h2>SureFire X300U-B Taktikai Fegyverl\u00e1mpa<\/h2>\n<p>A SureFire X300U-B egy nagy teljes\u00edtm\u00e9ny\u0171 taktikai l\u00e1mpa. 1000 lumen f\u00e9nyer\u0151t bocs\u00e1t ki, amit egy prec\u00edzi\u00f3s TIR lencse f\u00f3kusz\u00e1l.<\/p>\n<ul>\n<li>T-hornyos h\u00fcvelykujjcsavar a s\u00ednekhez val\u00f3 biztos r\u00f6gz\u00edt\u00e9shez<\/li>\n<li>K\u00e9tkezes kapcsol\u00f3 az azonnali aktiv\u00e1l\u00e1shoz<\/li>\n<li>Rep\u00fcl\u0151g\u00e9p-alum\u00ednium test katonai specifik\u00e1ci\u00f3j\u00fa kem\u00e9ny elox\u00e1lt bevonattal<\/li>\n<li>IPX7 v\u00edz\u00e1ll\u00f3s\u00e1gi besorol\u00e1s (1 m\u00e9ter 30 percig)<\/li>\n<li>1,25 \u00f3ra \u00fczemid\u0151 k\u00e9t mell\u00e9kelt 123A l\u00edtium elemmel<\/li>\n<li>Kompakt kialak\u00edt\u00e1s: 3,76 h\u00fcvelyk hossz\u00fa, 4,0 uncia s\u00faly\u00fa<\/li>\n<\/ul>\n<p>A SureFire X300U-B megvil\u00e1g\u00edtja a c\u00e9lpontokat nagy t\u00e1vols\u00e1gb\u00f3l, mik\u00f6zben lehet\u0151v\u00e9 teszi a helyzet \u00e1ttekint\u00e9s\u00e9t.<\/p>\n<\/div>\n","protected":false},"excerpt":{"rendered":"<p>SureFire X300U-B: 1000 lumenes taktikai l\u00e1mpa k\u00e9zifegyverekhez \u00e9s hossz\u00fa cs\u00f6v\u0171 fegyverekhez.<\/p>\n","protected":false},"featured_media":66828,"template":"","meta":{"_acf_changed":false},"product_brand":[11863],"product_cat":[12958,12924,12951],"product_tag":[],"class_list":{"0":"post-66827","1":"product","2":"type-product","3":"status-publish","4":"has-post-thumbnail","6":"product_brand-surefire","7":"product_cat-lampak","8":"product_cat-pisztoly","9":"product_cat-pisztoly-lampak","11":"first","12":"instock","13":"taxable","14":"shipping-taxable","15":"purchasable","16":"product-type-variable","17":"wvs-archive-product-wrapper"},"acf":[],"_links":{"self":[{"href":"https:\/\/staging.nbg.eu\/hu\/wp-json\/wp\/v2\/product\/66827","targetHints":{"allow":["GET"]}}],"collection":[{"href":"https:\/\/staging.nbg.eu\/hu\/wp-json\/wp\/v2\/product"}],"about":[{"href":"https:\/\/staging.nbg.eu\/hu\/wp-json\/wp\/v2\/types\/product"}],"wp:featuredmedia":[{"embeddable":true,"href":"https:\/\/staging.nbg.eu\/hu\/wp-json\/wp\/v2\/media\/66828"}],"wp:attachment":[{"href":"https:\/\/staging.nbg.eu\/hu\/wp-json\/wp\/v2\/media?parent=66827"}],"wp:term":[{"taxonomy":"product_brand","embeddable":true,"href":"https:\/\/staging.nbg.eu\/hu\/wp-json\/wp\/v2\/product_brand?post=66827"},{"taxonomy":"product_cat","embeddable":true,"href":"https:\/\/staging.nbg.eu\/hu\/wp-json\/wp\/v2\/product_cat?post=66827"},{"taxonomy":"product_tag","embeddable":true,"href":"https:\/\/staging.nbg.eu\/hu\/wp-json\/wp\/v2\/product_tag?post=66827"}],"curies":[{"name":"wp","href":"https:\/\/api.w.org\/{rel}","templated":true}]}}