{"id":66581,"date":"2024-01-30T18:10:41","date_gmt":"2024-09-20T11:53:42","guid":{"rendered":"https:\/\/staging.nbg.eu\/product\/surefire-x300t-a\/"},"modified":"2024-09-20T11:54:36","modified_gmt":"2024-09-20T11:54:36","slug":"surefire-x300t-a","status":"publish","type":"product","link":"https:\/\/staging.nbg.eu\/hu\/termek\/surefire-x300t-a\/","title":{"rendered":"SureFire X300T-A"},"content":{"rendered":"<div class=\"product-description\">\n<h2>SureFire X300T-A Taktikai Fegyverl\u00e1mpa<\/h2>\n<p>A SureFire X300T-A egy nagy teljes\u00edtm\u00e9ny\u0171 taktikai l\u00e1mpa. 66 000 kandela cs\u00facs f\u00e9nyer\u0151ss\u00e9ggel \u00e9s 650 lumen f\u00e9ny\u00e1rammal rendelkezik, \u00e9s a k\u00f6vetkez\u0151ket ny\u00fajtja:<\/p>\n<ul>\n<li>Turbo sug\u00e1rnyal\u00e1b minta c\u00e9lpontok azonos\u00edt\u00e1s\u00e1hoz nagy t\u00e1vols\u00e1gb\u00f3l<\/li>\n<li>Lever Latch r\u00f6gz\u00edt\u0151 rendszer Universal \u00e9s Picatinny s\u00ednekre szerel\u00e9shez<\/li>\n<li>K\u00e9tkezes kapcsol\u00f3rendszer gyors aktiv\u00e1l\u00e1shoz<\/li>\n<li>Kompatibilis a megl\u00e9v\u0151 X300U-A tokkal<\/li>\n<li>Rep\u00fcl\u0151g\u00e9p-min\u0151s\u00e9g\u0171 alum\u00ednium test, katonai specifik\u00e1ci\u00f3j\u00fa kem\u00e9ny elox\u00e1lt bevonattal<\/li>\n<li>IPX7 v\u00edz\u00e1ll\u00f3s\u00e1gi besorol\u00e1s (1 m\u00e9ter 30 percig)<\/li>\n<li>1,5 \u00f3ra \u00fczemid\u0151 k\u00e9t mell\u00e9kelt 123A l\u00edtium elemmel<\/li>\n<\/ul>\n<p>Az X300T-A ak\u00e1r 514 m\u00e9ter t\u00e1vols\u00e1gban is megvil\u00e1g\u00edtja a c\u00e9lpontokat.<\/p>\n<\/div>\n","protected":false},"excerpt":{"rendered":"<p>SureFire X300T-A: 66.000 kandela f\u00e9nyerej\u0171 taktikai l\u00e1mpa nagy t\u00e1vols\u00e1g\u00fa szem\u00e9lyazonos\u00edt\u00e1shoz.<\/p>\n","protected":false},"featured_media":66582,"template":"","meta":{"_acf_changed":false},"product_brand":[11863],"product_cat":[12958,12924,12951],"product_tag":[],"class_list":{"0":"post-66581","1":"product","2":"type-product","3":"status-publish","4":"has-post-thumbnail","6":"product_brand-surefire","7":"product_cat-lampak","8":"product_cat-pisztoly","9":"product_cat-pisztoly-lampak","11":"first","12":"instock","13":"taxable","14":"shipping-taxable","15":"purchasable","16":"product-type-variable","17":"wvs-archive-product-wrapper"},"acf":[],"_links":{"self":[{"href":"https:\/\/staging.nbg.eu\/hu\/wp-json\/wp\/v2\/product\/66581","targetHints":{"allow":["GET"]}}],"collection":[{"href":"https:\/\/staging.nbg.eu\/hu\/wp-json\/wp\/v2\/product"}],"about":[{"href":"https:\/\/staging.nbg.eu\/hu\/wp-json\/wp\/v2\/types\/product"}],"wp:featuredmedia":[{"embeddable":true,"href":"https:\/\/staging.nbg.eu\/hu\/wp-json\/wp\/v2\/media\/66582"}],"wp:attachment":[{"href":"https:\/\/staging.nbg.eu\/hu\/wp-json\/wp\/v2\/media?parent=66581"}],"wp:term":[{"taxonomy":"product_brand","embeddable":true,"href":"https:\/\/staging.nbg.eu\/hu\/wp-json\/wp\/v2\/product_brand?post=66581"},{"taxonomy":"product_cat","embeddable":true,"href":"https:\/\/staging.nbg.eu\/hu\/wp-json\/wp\/v2\/product_cat?post=66581"},{"taxonomy":"product_tag","embeddable":true,"href":"https:\/\/staging.nbg.eu\/hu\/wp-json\/wp\/v2\/product_tag?post=66581"}],"curies":[{"name":"wp","href":"https:\/\/api.w.org\/{rel}","templated":true}]}}