{"id":66371,"date":"2024-01-16T19:29:25","date_gmt":"2024-09-20T11:51:02","guid":{"rendered":"https:\/\/staging.nbg.eu\/product\/surefire-x300t-b-weaponlight\/"},"modified":"2024-09-20T11:51:56","modified_gmt":"2024-09-20T11:51:56","slug":"surefire-x300t-b-fegyverlampa","status":"publish","type":"product","link":"https:\/\/staging.nbg.eu\/hu\/termek\/surefire-x300t-b-fegyverlampa\/","title":{"rendered":"SureFire X300T-B FEGYVERL\u00c1MPA"},"content":{"rendered":"<div class=\"product-description\">\n<h2>SureFire X300T-B FEGYVERL\u00c1MPA<\/h2>\n<p>A SureFire X300T-B FEGYVERL\u00c1MPA egy vil\u00e1g\u00edt\u00e1si megold\u00e1s professzion\u00e1lis felhaszn\u00e1l\u00f3k sz\u00e1m\u00e1ra. Ez a Turbo sorozat\u00fa verzi\u00f3 a k\u00f6vetkez\u0151ket ny\u00fajtja:<\/p>\n<ul>\n<li>66 000 candela cs\u00facs f\u00e9nyer\u0151ss\u00e9g<\/li>\n<li>650 lumen f\u00f3kusz\u00e1lt feh\u00e9r f\u00e9ny<\/li>\n<li>Turbo f\u00e9nysug\u00e1r a fenyeget\u00e9sek azonos\u00edt\u00e1s\u00e1ra nagy t\u00e1vols\u00e1gb\u00f3l<\/li>\n<li>1,5 \u00f3ra \u00fczemid\u0151 k\u00e9t mell\u00e9kelt 123A l\u00edtium elemmel<\/li>\n<\/ul>\n<p>Az X300T-B jellemz\u0151i:<\/p>\n<ul>\n<li>T-hornyos csavar a Universal \u00e9s Picatinny s\u00ednekhez val\u00f3 r\u00f6gz\u00edt\u00e9shez<\/li>\n<li>K\u00e9tkezes kapcsol\u00f3 az azonnali aktiv\u00e1l\u00e1shoz<\/li>\n<li>Kompatibilis a megl\u00e9v\u0151 X300U-B tokkal<\/li>\n<li>Rep\u00fcl\u0151g\u00e9p-alum\u00ednium test katonai min\u0151s\u00e9g\u0171 elox\u00e1lt bevonattal<\/li>\n<li>IPX7 v\u00edz\u00e1ll\u00f3s\u00e1gi besorol\u00e1s (1 m\u00e9ter m\u00e9lys\u00e9gig, 30 percig)<\/li>\n<\/ul>\n<p>F\u0151bb m\u0171szaki adatok:<\/p>\n<ul>\n<li>Hossz: 9,55 cm<\/li>\n<li>S\u00faly elemekkel: 124,7 g<\/li>\n<li>Lencse \u00e1tm\u00e9r\u0151: 2,9 cm<\/li>\n<li>Hat\u00f3t\u00e1vols\u00e1g: 514 m\u00e9ter<\/li>\n<\/ul>\n<p>A SureFire X300T-B FEGYVERL\u00c1MPA teljes\u00edtm\u00e9nyt \u00e9s megb\u00edzhat\u00f3s\u00e1got ny\u00fajt kritikus helyzetekben.<\/p>\n<\/div>\n","protected":false},"excerpt":{"rendered":"<p>Er\u0151teljes 650 lumenes fegyverl\u00e1mpa 66 000 kandela f\u00e9nyerej\u0171 sug\u00e1rral, rendk\u00edv\u00fcl nagy t\u00e1vols\u00e1g\u00fa azonos\u00edt\u00e1shoz.<\/p>\n","protected":false},"featured_media":83171,"template":"","meta":{"_acf_changed":false},"product_brand":[11863],"product_cat":[12958,12924,12951],"product_tag":[],"class_list":{"0":"post-66371","1":"product","2":"type-product","3":"status-publish","4":"has-post-thumbnail","6":"product_brand-surefire","7":"product_cat-lampak","8":"product_cat-pisztoly","9":"product_cat-pisztoly-lampak","11":"first","12":"instock","13":"taxable","14":"shipping-taxable","15":"purchasable","16":"product-type-variable","17":"wvs-archive-product-wrapper"},"acf":[],"_links":{"self":[{"href":"https:\/\/staging.nbg.eu\/hu\/wp-json\/wp\/v2\/product\/66371","targetHints":{"allow":["GET"]}}],"collection":[{"href":"https:\/\/staging.nbg.eu\/hu\/wp-json\/wp\/v2\/product"}],"about":[{"href":"https:\/\/staging.nbg.eu\/hu\/wp-json\/wp\/v2\/types\/product"}],"wp:featuredmedia":[{"embeddable":true,"href":"https:\/\/staging.nbg.eu\/hu\/wp-json\/wp\/v2\/media\/83171"}],"wp:attachment":[{"href":"https:\/\/staging.nbg.eu\/hu\/wp-json\/wp\/v2\/media?parent=66371"}],"wp:term":[{"taxonomy":"product_brand","embeddable":true,"href":"https:\/\/staging.nbg.eu\/hu\/wp-json\/wp\/v2\/product_brand?post=66371"},{"taxonomy":"product_cat","embeddable":true,"href":"https:\/\/staging.nbg.eu\/hu\/wp-json\/wp\/v2\/product_cat?post=66371"},{"taxonomy":"product_tag","embeddable":true,"href":"https:\/\/staging.nbg.eu\/hu\/wp-json\/wp\/v2\/product_tag?post=66371"}],"curies":[{"name":"wp","href":"https:\/\/api.w.org\/{rel}","templated":true}]}}