{"id":66245,"date":"2024-01-18T13:56:08","date_gmt":"2024-09-20T11:48:27","guid":{"rendered":"https:\/\/staging.nbg.eu\/product\/surefire-switch-assembly-z-xbc\/"},"modified":"2024-09-20T11:49:24","modified_gmt":"2024-09-20T11:49:24","slug":"surefire-kapcsolo-egyseg-z-xbc","status":"publish","type":"product","link":"https:\/\/staging.nbg.eu\/hu\/termek\/surefire-kapcsolo-egyseg-z-xbc\/","title":{"rendered":"SureFire Kapcsol\u00f3 Egys\u00e9g Z-XBC"},"content":{"rendered":"<p>\nA SureFire Switch Assembly Z-XBC az X300, X400 \u00e9s XH30 fegyverl\u00e1mp\u00e1k gy\u00e1ri cserealkatr\u00e9sze. Jellemz\u0151i:<\/p>\n<ul>\n<li>K\u00e9tkezes, pillanatnyi \u00e9s \u00e1lland\u00f3 bekapcsol\u00e1s\u00fa nyom\u00f3\/v\u00e1lt\u00f3 kapcsol\u00f3<\/li>\n<li>Tart\u00f3s m\u0171anyag szerkezet<\/li>\n<li>Fekete vagy homoksz\u00edn\u0171 kivitelben el\u00e9rhet\u0151<\/li>\n<\/ul>\n<p>Nem kompatibilis az XH50G fegyverl\u00e1mp\u00e1val. Gy\u0151z\u0151dj\u00f6n meg arr\u00f3l, hogy a megfelel\u0151 kapcsol\u00f3t haszn\u00e1lja SureFire fegyverl\u00e1mp\u00e1j\u00e1hoz.<\/p>\n","protected":false},"excerpt":{"rendered":"<p>Cserekkapcsol\u00f3 SureFire X300\/X400\/XH30 fegyverf\u00e9nyekhez. Kett\u0151s \u00fczemm\u00f3d\u00fa.<\/p>\n","protected":false},"featured_media":66246,"template":"","meta":{"_acf_changed":false},"product_brand":[11863],"product_cat":[12982,12958,12924,12951],"product_tag":[],"class_list":{"0":"post-66245","1":"product","2":"type-product","3":"status-publish","4":"has-post-thumbnail","6":"product_brand-surefire","7":"product_cat-lampa-kiegeszitok","8":"product_cat-lampak","9":"product_cat-pisztoly","10":"product_cat-pisztoly-lampak","12":"first","13":"instock","14":"taxable","15":"shipping-taxable","16":"purchasable","17":"product-type-variable","18":"wvs-archive-product-wrapper"},"acf":[],"_links":{"self":[{"href":"https:\/\/staging.nbg.eu\/hu\/wp-json\/wp\/v2\/product\/66245","targetHints":{"allow":["GET"]}}],"collection":[{"href":"https:\/\/staging.nbg.eu\/hu\/wp-json\/wp\/v2\/product"}],"about":[{"href":"https:\/\/staging.nbg.eu\/hu\/wp-json\/wp\/v2\/types\/product"}],"wp:featuredmedia":[{"embeddable":true,"href":"https:\/\/staging.nbg.eu\/hu\/wp-json\/wp\/v2\/media\/66246"}],"wp:attachment":[{"href":"https:\/\/staging.nbg.eu\/hu\/wp-json\/wp\/v2\/media?parent=66245"}],"wp:term":[{"taxonomy":"product_brand","embeddable":true,"href":"https:\/\/staging.nbg.eu\/hu\/wp-json\/wp\/v2\/product_brand?post=66245"},{"taxonomy":"product_cat","embeddable":true,"href":"https:\/\/staging.nbg.eu\/hu\/wp-json\/wp\/v2\/product_cat?post=66245"},{"taxonomy":"product_tag","embeddable":true,"href":"https:\/\/staging.nbg.eu\/hu\/wp-json\/wp\/v2\/product_tag?post=66245"}],"curies":[{"name":"wp","href":"https:\/\/api.w.org\/{rel}","templated":true}]}}