{"id":66183,"date":"2024-01-19T18:03:48","date_gmt":"2024-01-19T18:03:48","guid":{"rendered":"https:\/\/staging.nbg.eu\/product\/surefire-sf18350\/"},"modified":"2024-09-20T11:47:34","modified_gmt":"2024-09-20T11:47:34","slug":"surefire-sf18350","status":"publish","type":"product","link":"https:\/\/staging.nbg.eu\/hu\/termek\/surefire-sf18350\/","title":{"rendered":"SureFire SF18350"},"content":{"rendered":"<div class=\"product-description\">\n<h2>SureFire SF18350 \u00fajrat\u00f6lthet\u0151 akkumul\u00e1tor<\/h2>\n<p>Az SF18350 \u00fajrat\u00f6lthet\u0151 akkumul\u00e1tor SureFire 3 voltos Dual Fuel vil\u00e1g\u00edt\u00f3eszk\u00f6z\u00f6kh\u00f6z. Jellemz\u0151i:<\/p>\n<ul>\n<li>3,7 volt \/ 1100 mAh kapacit\u00e1s<\/li>\n<li>MICRO-USB t\u00f6lt\u00e9s<\/li>\n<li>L\u00edtium-ion v\u00e9dett 18350 kialak\u00edt\u00e1s<\/li>\n<li>Kompatibilis SureFire Dual Fuel, egy 123A-val m\u0171k\u00f6d\u0151 term\u00e9kekkel<\/li>\n<\/ul>\n<p>Tartalmaz MICRO-USB &#8211; USB k\u00e1belt t\u00f6lt\u00e9shez. Nem kompatibilis nem Dual Fuel term\u00e9kekkel.<\/p>\n<\/div>\n","protected":false},"excerpt":{"rendered":"<p>\u00dajrat\u00f6lthet\u0151 18350 akkumul\u00e1tor: 3,7V, 1100mAh, MICRO-USB t\u00f6lt\u00e9s.<\/p>\n","protected":false},"featured_media":66184,"template":"","meta":{"_acf_changed":false},"product_brand":[11863],"product_cat":[12906,12958],"product_tag":[],"class_list":{"0":"post-66183","1":"product","2":"type-product","3":"status-publish","4":"has-post-thumbnail","6":"product_brand-surefire","7":"product_cat-akkumulatorok","8":"product_cat-lampak","10":"first","11":"instock","12":"taxable","13":"shipping-taxable","14":"purchasable","15":"product-type-simple"},"acf":[],"_links":{"self":[{"href":"https:\/\/staging.nbg.eu\/hu\/wp-json\/wp\/v2\/product\/66183","targetHints":{"allow":["GET"]}}],"collection":[{"href":"https:\/\/staging.nbg.eu\/hu\/wp-json\/wp\/v2\/product"}],"about":[{"href":"https:\/\/staging.nbg.eu\/hu\/wp-json\/wp\/v2\/types\/product"}],"wp:featuredmedia":[{"embeddable":true,"href":"https:\/\/staging.nbg.eu\/hu\/wp-json\/wp\/v2\/media\/66184"}],"wp:attachment":[{"href":"https:\/\/staging.nbg.eu\/hu\/wp-json\/wp\/v2\/media?parent=66183"}],"wp:term":[{"taxonomy":"product_brand","embeddable":true,"href":"https:\/\/staging.nbg.eu\/hu\/wp-json\/wp\/v2\/product_brand?post=66183"},{"taxonomy":"product_cat","embeddable":true,"href":"https:\/\/staging.nbg.eu\/hu\/wp-json\/wp\/v2\/product_cat?post=66183"},{"taxonomy":"product_tag","embeddable":true,"href":"https:\/\/staging.nbg.eu\/hu\/wp-json\/wp\/v2\/product_tag?post=66183"}],"curies":[{"name":"wp","href":"https:\/\/api.w.org\/{rel}","templated":true}]}}