{"id":66141,"date":"2024-01-19T18:29:10","date_gmt":"2024-09-20T11:44:54","guid":{"rendered":"https:\/\/staging.nbg.eu\/product\/surefire-sf18650-b\/"},"modified":"2024-09-20T11:45:43","modified_gmt":"2024-09-20T11:45:43","slug":"surefire-sf18650-b","status":"publish","type":"product","link":"https:\/\/staging.nbg.eu\/hu\/termek\/surefire-sf18650-b\/","title":{"rendered":"SureFire SF18650-B"},"content":{"rendered":"<div class=\"product-description\">\n<h2>SureFire SF18650-B \u00fajrat\u00f6lthet\u0151 akkumul\u00e1tor<\/h2>\n<p>Az SF18650 \u00fajrat\u00f6lthet\u0151 akkumul\u00e1torok k\u00f6z\u00f6tt 3,6 volt \u00e9s 3500 mAh kapacit\u00e1ssal rendelkezik, hosszabb \u00fczemid\u0151t biztos\u00edtva. MICRO-USB t\u00f6lt\u00e9ssel rendelkezik, k\u00fcl\u00f6nb\u00f6z\u0151 forr\u00e1sokb\u00f3l val\u00f3 k\u00e9nyelmes t\u00f6lt\u00e9shez. Kompatibilis egyes SureFire term\u00e9kekkel, bele\u00e9rtve a FURY-DFT, EDC2-DFT \u00e9s M600DF sorozatokat. USB-n kereszt\u00fcl vagy k\u00fcls\u0151 18650 b\u00f6lcs\u0151t\u00f6lt\u0151vel (nem tartoz\u00e9k) t\u00f6lthet\u0151 a maxim\u00e1lis sokoldal\u00fas\u00e1g \u00e9rdek\u00e9ben. Az SF18650-B akkumul\u00e1tor t\u00f6lthet\u0151 \u00e9s \u00fajra felhaszn\u00e1lhat\u00f3.<\/p>\n<\/div>\n","protected":false},"excerpt":{"rendered":"<p>Nagy kapacit\u00e1s\u00fa 3500mAh-s \u00fajrat\u00f6lthet\u0151 akkumul\u00e1tor MICRO-USB t\u00f6lt\u00e9ssel.<\/p>\n","protected":false},"featured_media":66142,"template":"","meta":{"_acf_changed":false},"product_brand":[11863],"product_cat":[12906,12957,12926,12958],"product_tag":[],"class_list":{"0":"post-66141","1":"product","2":"type-product","3":"status-publish","4":"has-post-thumbnail","6":"product_brand-surefire","7":"product_cat-akkumulatorok","8":"product_cat-edc","9":"product_cat-edc-lampak","10":"product_cat-lampak","12":"first","13":"instock","14":"taxable","15":"shipping-taxable","16":"purchasable","17":"product-type-simple"},"acf":[],"_links":{"self":[{"href":"https:\/\/staging.nbg.eu\/hu\/wp-json\/wp\/v2\/product\/66141","targetHints":{"allow":["GET"]}}],"collection":[{"href":"https:\/\/staging.nbg.eu\/hu\/wp-json\/wp\/v2\/product"}],"about":[{"href":"https:\/\/staging.nbg.eu\/hu\/wp-json\/wp\/v2\/types\/product"}],"wp:featuredmedia":[{"embeddable":true,"href":"https:\/\/staging.nbg.eu\/hu\/wp-json\/wp\/v2\/media\/66142"}],"wp:attachment":[{"href":"https:\/\/staging.nbg.eu\/hu\/wp-json\/wp\/v2\/media?parent=66141"}],"wp:term":[{"taxonomy":"product_brand","embeddable":true,"href":"https:\/\/staging.nbg.eu\/hu\/wp-json\/wp\/v2\/product_brand?post=66141"},{"taxonomy":"product_cat","embeddable":true,"href":"https:\/\/staging.nbg.eu\/hu\/wp-json\/wp\/v2\/product_cat?post=66141"},{"taxonomy":"product_tag","embeddable":true,"href":"https:\/\/staging.nbg.eu\/hu\/wp-json\/wp\/v2\/product_tag?post=66141"}],"curies":[{"name":"wp","href":"https:\/\/api.w.org\/{rel}","templated":true}]}}