{"id":66063,"date":"2024-01-21T16:19:01","date_gmt":"2024-09-20T11:39:30","guid":{"rendered":"https:\/\/staging.nbg.eu\/product\/surefire-edc1-dft\/"},"modified":"2024-09-20T11:40:27","modified_gmt":"2024-09-20T11:40:27","slug":"surefire-edc1-dft","status":"publish","type":"product","link":"https:\/\/staging.nbg.eu\/hu\/termek\/surefire-edc1-dft\/","title":{"rendered":"SureFire EDC1-DFT"},"content":{"rendered":"<div class=\"product-description\">\n<h2>SureFire EDC1-DFT Turbo Zsebl\u00e1mpa<\/h2>\n<p>A SureFire EDC1-DFT Turbo egy kompakt, mindennapos hordoz\u00e1sra tervezett zsebl\u00e1mpa. Ez a Dual Fuel zsebl\u00e1mpa a k\u00f6vetkez\u0151ket ny\u00fajtja:<\/p>\n<ul>\n<li>95 000 kandela cs\u00facs f\u00e9nyer\u0151ss\u00e9g (a mell\u00e9kelt SF18350 akkumul\u00e1torral)<\/li>\n<li>Turbo f\u00e9nysug\u00e1r minta koncentr\u00e1lt, nagy t\u00e1vols\u00e1g\u00fa megvil\u00e1g\u00edt\u00e1shoz<\/li>\n<li>Dual Fuel technol\u00f3gia: haszn\u00e1lhat\u00f3 SF18350 akkumul\u00e1torral vagy egy 123A l\u00edtium elemmel<\/li>\n<li>Katonai szabv\u00e1ny szerint kem\u00e9nyen elox\u00e1lt alum\u00ednium test<\/li>\n<li>IPX7 v\u00edz\u00e1ll\u00f3s\u00e1gi besorol\u00e1s<\/li>\n<\/ul>\n<p>F\u0151bb jellemz\u0151k:<\/p>\n<ul>\n<li>Magas f\u00e9nyer\u0151: 650 lumen (18350 akkumul\u00e1torral)<\/li>\n<li>\u00dczemid\u0151: 45 perc magas fokozaton (18350 akkumul\u00e1torral)<\/li>\n<li>Hossz: 4,76 h\u00fcvelyk (12,1 cm)<\/li>\n<li>S\u00faly: 4,56 uncia (128,3 g) 18350 akkumul\u00e1torral<\/li>\n<li>K\u00e9tir\u00e1ny\u00fa csipesz a sokoldal\u00fa hordoz\u00e1si lehet\u0151s\u00e9gekhez<\/li>\n<\/ul>\n<p>A SureFire min\u0151s\u00e9g \u00e9s teljes\u00edtm\u00e9ny kompakt form\u00e1ban, amely l\u00e1that\u00f3s\u00e1got biztos\u00edt b\u00e1rmely helyzetben.<\/p>\n<\/div>\n","protected":false},"excerpt":{"rendered":"<p>Kompakt EDC zsebl\u00e1mpa 95.000 kandela f\u00e9nyerej\u0171 sug\u00e1rral \u00e9s kett\u0151s energiaforr\u00e1s opci\u00f3val.<\/p>\n","protected":false},"featured_media":66064,"template":"","meta":{"_acf_changed":false},"product_brand":[11863],"product_cat":[12957,12926,12958],"product_tag":[],"class_list":{"0":"post-66063","1":"product","2":"type-product","3":"status-publish","4":"has-post-thumbnail","6":"product_brand-surefire","7":"product_cat-edc","8":"product_cat-edc-lampak","9":"product_cat-lampak","11":"first","12":"instock","13":"taxable","14":"shipping-taxable","15":"purchasable","16":"product-type-variable","17":"wvs-archive-product-wrapper"},"acf":[],"_links":{"self":[{"href":"https:\/\/staging.nbg.eu\/hu\/wp-json\/wp\/v2\/product\/66063","targetHints":{"allow":["GET"]}}],"collection":[{"href":"https:\/\/staging.nbg.eu\/hu\/wp-json\/wp\/v2\/product"}],"about":[{"href":"https:\/\/staging.nbg.eu\/hu\/wp-json\/wp\/v2\/types\/product"}],"wp:featuredmedia":[{"embeddable":true,"href":"https:\/\/staging.nbg.eu\/hu\/wp-json\/wp\/v2\/media\/66064"}],"wp:attachment":[{"href":"https:\/\/staging.nbg.eu\/hu\/wp-json\/wp\/v2\/media?parent=66063"}],"wp:term":[{"taxonomy":"product_brand","embeddable":true,"href":"https:\/\/staging.nbg.eu\/hu\/wp-json\/wp\/v2\/product_brand?post=66063"},{"taxonomy":"product_cat","embeddable":true,"href":"https:\/\/staging.nbg.eu\/hu\/wp-json\/wp\/v2\/product_cat?post=66063"},{"taxonomy":"product_tag","embeddable":true,"href":"https:\/\/staging.nbg.eu\/hu\/wp-json\/wp\/v2\/product_tag?post=66063"}],"curies":[{"name":"wp","href":"https:\/\/api.w.org\/{rel}","templated":true}]}}