{"id":65775,"date":"2024-01-21T17:29:54","date_gmt":"2024-09-20T11:35:58","guid":{"rendered":"https:\/\/staging.nbg.eu\/product\/surefire-edc2-dft\/"},"modified":"2024-09-20T11:36:52","modified_gmt":"2024-09-20T11:36:52","slug":"surefire-edc2-dft","status":"publish","type":"product","link":"https:\/\/staging.nbg.eu\/hu\/termek\/surefire-edc2-dft\/","title":{"rendered":"SureFire EDC2-DFT"},"content":{"rendered":"<h2>SureFire EDC2-DFT: Zsebl\u00e1mpa<\/h2>\n<p>A SureFire EDC2-DFT egy kompakt zsebl\u00e1mpa mindennapi haszn\u00e1latra. Jellemz\u0151i:<\/p>\n<ul>\n<li>100 000 candela cs\u00facs f\u00e9nyer\u0151ss\u00e9g (SF18650B akkumul\u00e1torral)<\/li>\n<li>Turbo f\u00e9nysug\u00e1r koncentr\u00e1lt megvil\u00e1g\u00edt\u00e1shoz<\/li>\n<li>Kett\u0151s \u00fczemanyag technol\u00f3gia: \u00fajrat\u00f6lthet\u0151 SF18650 vagy k\u00e9t 123A l\u00edtium elem<\/li>\n<li>Katonai szabv\u00e1ny szerint elox\u00e1lt alum\u00ednium test, IPX7 v\u00edz\u00e1ll\u00f3s\u00e1gi szabv\u00e1nynak megfelel\u0151en<\/li>\n<li>700 lumen f\u00e9nyer\u0151 2,75 \u00f3ra \u00fczemid\u0151vel (18650 akkumul\u00e1torral)<\/li>\n<li>632 m\u00e9teres f\u00e9nysug\u00e1r t\u00e1vols\u00e1g<\/li>\n<li>5,91 h\u00fcvelyk hossz\u00fas\u00e1g, 5,6 uncia s\u00faly<\/li>\n<\/ul>\n<p>Az EDC2-DFT Turbo sorozat\u00fa reflektora a legt\u00e1volabbi f\u00e9nysugarat biztos\u00edtja a SureFire kompakt EDC term\u00e9kcsal\u00e1dj\u00e1ban. Strapab\u00edr\u00f3 kialak\u00edt\u00e1sa \u00e9s k\u00e9tir\u00e1ny\u00fa cs\u00edptet\u0151je megb\u00edzhat\u00f3s\u00e1got biztos\u00edt. Szem\u00e9lyes biztons\u00e1gra vagy szakmai haszn\u00e1latra alkalmas.<\/p>\n<p>SureFire min\u0151s\u00e9g\u0171, teljes\u00edtm\u00e9ny\u0171 \u00e9s megb\u00edzhat\u00f3s\u00e1g\u00fa zsebl\u00e1mpa.<\/p>\n","protected":false},"excerpt":{"rendered":"<p>Kompakt, nagy teljes\u00edtm\u00e9ny\u0171 zsebl\u00e1mpa 100.000 kandela f\u00e9nyer\u0151ss\u00e9g\u0171 sug\u00e1rral \u00e9s kett\u0151s \u00fczemanyag-rendszerrel.<\/p>\n","protected":false},"featured_media":65776,"template":"","meta":{"_acf_changed":false},"product_brand":[11863],"product_cat":[12957,12926,12958],"product_tag":[],"class_list":{"0":"post-65775","1":"product","2":"type-product","3":"status-publish","4":"has-post-thumbnail","6":"product_brand-surefire","7":"product_cat-edc","8":"product_cat-edc-lampak","9":"product_cat-lampak","11":"first","12":"instock","13":"taxable","14":"shipping-taxable","15":"purchasable","16":"product-type-variable","17":"wvs-archive-product-wrapper"},"acf":[],"_links":{"self":[{"href":"https:\/\/staging.nbg.eu\/hu\/wp-json\/wp\/v2\/product\/65775","targetHints":{"allow":["GET"]}}],"collection":[{"href":"https:\/\/staging.nbg.eu\/hu\/wp-json\/wp\/v2\/product"}],"about":[{"href":"https:\/\/staging.nbg.eu\/hu\/wp-json\/wp\/v2\/types\/product"}],"wp:featuredmedia":[{"embeddable":true,"href":"https:\/\/staging.nbg.eu\/hu\/wp-json\/wp\/v2\/media\/65776"}],"wp:attachment":[{"href":"https:\/\/staging.nbg.eu\/hu\/wp-json\/wp\/v2\/media?parent=65775"}],"wp:term":[{"taxonomy":"product_brand","embeddable":true,"href":"https:\/\/staging.nbg.eu\/hu\/wp-json\/wp\/v2\/product_brand?post=65775"},{"taxonomy":"product_cat","embeddable":true,"href":"https:\/\/staging.nbg.eu\/hu\/wp-json\/wp\/v2\/product_cat?post=65775"},{"taxonomy":"product_tag","embeddable":true,"href":"https:\/\/staging.nbg.eu\/hu\/wp-json\/wp\/v2\/product_tag?post=65775"}],"curies":[{"name":"wp","href":"https:\/\/api.w.org\/{rel}","templated":true}]}}