{"id":65639,"date":"2024-01-21T17:47:21","date_gmt":"2024-09-20T11:31:59","guid":{"rendered":"https:\/\/staging.nbg.eu\/product\/surefire-sflfp123-batteries\/"},"modified":"2024-09-20T11:32:50","modified_gmt":"2024-09-20T11:32:50","slug":"surefire-sflfp123-elemek","status":"publish","type":"product","link":"https:\/\/staging.nbg.eu\/hu\/termek\/surefire-sflfp123-elemek\/","title":{"rendered":"SureFire SFLFP123 ELEMEK"},"content":{"rendered":"<div class=\"product-description\">\n<h2>SureFire SFLFP123 \u00dajrat\u00f6lthet\u0151 Elemek<\/h2>\n<p>A SureFire SFLFP123 l\u00edtium-vas-foszf\u00e1t (LiFePO4) \u00fajrat\u00f6lthet\u0151 elemek LED-es vil\u00e1g\u00edt\u00f3eszk\u00f6z\u00f6kh\u00f6z haszn\u00e1lhat\u00f3k. Ezek a 3,2V-os cell\u00e1k 450mAh kapacit\u00e1ssal \u00e9s 1,44Wh energi\u00e1val rendelkeznek, hossz\u00fa \u00e9lettartamot biztos\u00edtva.<\/p>\n<ul>\n<li>Bels\u0151 \u00e1ramk\u00f6r a biztons\u00e1gos t\u00f6lt\u00e9shez<\/li>\n<li>V\u00e9delem t\u00falt\u00f6lt\u00e9s, r\u00f6vidz\u00e1rlat \u00e9s ford\u00edtott polarit\u00e1s ellen<\/li>\n<li>Gyors t\u00f6lt\u00e9s: 1,5-3 \u00f3ra<\/li>\n<li>K\u00f6nny\u0171: elemenk\u00e9nt 17 gramm<\/li>\n<li>El\u00e9rhet\u0151 csak elemk\u00e9nt vagy teljes k\u00e9szletk\u00e9nt t\u00f6lt\u0151vel<\/li>\n<\/ul>\n<p>Megjegyz\u00e9s: Ezek az elemek kiz\u00e1r\u00f3lag LED-es vil\u00e1g\u00edt\u00e1si term\u00e9kekhez k\u00e9sz\u00fcltek, \u00e9s nem haszn\u00e1lhat\u00f3k izz\u00f3l\u00e1mp\u00e1kkal.<\/p>\n<\/div>\n","protected":false},"excerpt":{"rendered":"<p>SureFire SFLFP123: \u00dajrat\u00f6lthet\u0151 3,2V-os LiFePO4 akkumul\u00e1torok LED l\u00e1mp\u00e1khoz.<\/p>\n","protected":false},"featured_media":65640,"template":"","meta":{"_acf_changed":false},"product_brand":[11863],"product_cat":[],"product_tag":[],"class_list":{"0":"post-65639","1":"product","2":"type-product","3":"status-publish","4":"has-post-thumbnail","6":"product_brand-surefire","8":"first","9":"instock","10":"taxable","11":"shipping-taxable","12":"product-type-simple"},"acf":[],"_links":{"self":[{"href":"https:\/\/staging.nbg.eu\/hu\/wp-json\/wp\/v2\/product\/65639","targetHints":{"allow":["GET"]}}],"collection":[{"href":"https:\/\/staging.nbg.eu\/hu\/wp-json\/wp\/v2\/product"}],"about":[{"href":"https:\/\/staging.nbg.eu\/hu\/wp-json\/wp\/v2\/types\/product"}],"wp:featuredmedia":[{"embeddable":true,"href":"https:\/\/staging.nbg.eu\/hu\/wp-json\/wp\/v2\/media\/65640"}],"wp:attachment":[{"href":"https:\/\/staging.nbg.eu\/hu\/wp-json\/wp\/v2\/media?parent=65639"}],"wp:term":[{"taxonomy":"product_brand","embeddable":true,"href":"https:\/\/staging.nbg.eu\/hu\/wp-json\/wp\/v2\/product_brand?post=65639"},{"taxonomy":"product_cat","embeddable":true,"href":"https:\/\/staging.nbg.eu\/hu\/wp-json\/wp\/v2\/product_cat?post=65639"},{"taxonomy":"product_tag","embeddable":true,"href":"https:\/\/staging.nbg.eu\/hu\/wp-json\/wp\/v2\/product_tag?post=65639"}],"curies":[{"name":"wp","href":"https:\/\/api.w.org\/{rel}","templated":true}]}}