{"id":65336,"date":"2024-09-19T17:15:31","date_gmt":"2024-09-19T14:15:31","guid":{"rendered":"https:\/\/staging.nbg.eu\/?post_type=product&#038;p=65336"},"modified":"2025-10-20T12:25:37","modified_gmt":"2025-10-20T09:25:37","slug":"rh-owb-classics-tok","status":"publish","type":"product","link":"https:\/\/staging.nbg.eu\/hu\/termek\/rh-owb-classics-tok\/","title":{"rendered":"RH OWB Classics Tok"},"content":{"rendered":"<div class=\"product-description\">\n<h2>RH OWB Klasszikus Tok<\/h2>\n<p>Az RH OWB Klasszikus Tok a hagyom\u00e1nyos \u00e9s funkcion\u00e1lis elemeket \u00f6tv\u00f6zi a mindennapi hord\u00e1shoz. B\u0151rb\u0151l k\u00e9sz\u00fclt, varrott, \u00e9s a k\u00f6vetkez\u0151ket k\u00edn\u00e1lja:<\/p>\n<ul>\n<li>Tart\u00f3s szerkezet hossz\u00fa t\u00e1v\u00fa haszn\u00e1latra<\/li>\n<li>K\u00e9nyelmes illeszked\u00e9s eg\u00e9sz napos visel\u00e9shez<\/li>\n<li>Biztons\u00e1gos r\u00f6gz\u00edt\u00e9s a fegyver helyben tart\u00e1s\u00e1hoz<\/li>\n<li>Gyors \u00e9s k\u00f6nny\u0171 el\u0151h\u00faz\u00e1s<\/li>\n<li>Klasszikus diz\u00e1jn<\/li>\n<\/ul>\n<p>Sz\u00e1mos n\u00e9pszer\u0171 k\u00e9zifegyver modellhez el\u00e9rhet\u0151, az RH OWB Klasszikus Tok alkalmas rejtett hord\u00e1sra, l\u0151t\u00e9ri gyakorl\u00e1sra vagy ny\u00edlt visel\u00e9sre. Ez a tok megb\u00edzhat\u00f3 \u00e9s k\u00e9nyelmes.<\/p>\n<\/div>\n","protected":false},"excerpt":{"rendered":"<p>Biztons\u00e1gos, k\u00e9nyelmes \u00f6v\u00f6n k\u00edv\u00fcl hordhat\u00f3 tok klasszikus l\u0151fegyverekhez. Tart\u00f3s kialak\u00edt\u00e1s.<\/p>\n","protected":false},"featured_media":65452,"template":"","meta":{"_acf_changed":false},"product_brand":[11643],"product_cat":[12959,12908,12921],"product_tag":[],"class_list":{"0":"post-65336","1":"product","2":"type-product","3":"status-publish","4":"has-post-thumbnail","6":"product_brand-rh-holsters","7":"product_cat-sport-tok","8":"product_cat-taktikai-tokk","9":"product_cat-tokk","10":"pa_belt-size-40mm-hu","11":"pa_light-streamlight-tlr-1","12":"pa_light-surefire-x300-ultra-a-hu","13":"pa_light-surefire-x300u","14":"pa_light-without-light-hu","15":"pa_model-1911-hu","16":"pa_model-beretta-92fs-hu","17":"pa_model-beretta-92x-hu","18":"pa_model-cz-75-b-hu","19":"pa_model-glock-17-hu","20":"pa_model-glock-19-17","21":"pa_model-glock-19-23-32-hu","22":"pa_model-glock-43x-hu","23":"pa_model-hk45-hu-2","24":"pa_model-sig-sauer-p226-bez-railu-hu","25":"pa_strong-hand-right-hu","27":"first","28":"instock","29":"taxable","30":"shipping-taxable","31":"purchasable","32":"product-type-variable","33":"wvs-archive-product-wrapper"},"acf":[],"_links":{"self":[{"href":"https:\/\/staging.nbg.eu\/hu\/wp-json\/wp\/v2\/product\/65336","targetHints":{"allow":["GET"]}}],"collection":[{"href":"https:\/\/staging.nbg.eu\/hu\/wp-json\/wp\/v2\/product"}],"about":[{"href":"https:\/\/staging.nbg.eu\/hu\/wp-json\/wp\/v2\/types\/product"}],"wp:featuredmedia":[{"embeddable":true,"href":"https:\/\/staging.nbg.eu\/hu\/wp-json\/wp\/v2\/media\/65452"}],"wp:attachment":[{"href":"https:\/\/staging.nbg.eu\/hu\/wp-json\/wp\/v2\/media?parent=65336"}],"wp:term":[{"taxonomy":"product_brand","embeddable":true,"href":"https:\/\/staging.nbg.eu\/hu\/wp-json\/wp\/v2\/product_brand?post=65336"},{"taxonomy":"product_cat","embeddable":true,"href":"https:\/\/staging.nbg.eu\/hu\/wp-json\/wp\/v2\/product_cat?post=65336"},{"taxonomy":"product_tag","embeddable":true,"href":"https:\/\/staging.nbg.eu\/hu\/wp-json\/wp\/v2\/product_tag?post=65336"}],"curies":[{"name":"wp","href":"https:\/\/api.w.org\/{rel}","templated":true}]}}