{"id":63531,"date":"2024-01-23T18:50:53","date_gmt":"2024-09-16T13:21:10","guid":{"rendered":"https:\/\/staging.nbg.eu\/product\/iosso-case-polish\/"},"modified":"2024-09-16T13:22:02","modified_gmt":"2024-09-16T13:22:02","slug":"iosso-huevely-fenyesito","status":"publish","type":"product","link":"https:\/\/staging.nbg.eu\/hu\/termek\/iosso-huevely-fenyesito\/","title":{"rendered":"Iosso H\u00fcvely F\u00e9nyes\u00edt\u0151"},"content":{"rendered":"<p>\nIosso h\u00fcvelytiszt\u00edt\u00f3:<\/p>\n<ul>\n<li>Tiszt\u00edt \u00e9s f\u00e9nyes\u00edt<\/li>\n<li>Elt\u00e1vol\u00edtja a szennyez\u0151d\u00e9seket, maradv\u00e1nyokat \u00e9s oxid\u00e1ci\u00f3t<\/li>\n<li>Cs\u00f6kkenti a pol\u00edroz\u00e1si id\u0151t<\/li>\n<li>V\u00e9d a j\u00f6v\u0151beli oxid\u00e1ci\u00f3t\u00f3l<\/li>\n<li>\u00daj, biol\u00f3giai alap\u00fa formula<\/li>\n<li>Biztons\u00e1gos a felhaszn\u00e1l\u00f3k \u00e9s a k\u00f6rnyezet sz\u00e1m\u00e1ra<\/li>\n<\/ul>\n<p>\u00dajszer\u0171 fel\u00fcletet biztos\u00edt a s\u00e1rgar\u00e9z h\u00fcvelyeken. Alkalmas szennyezett vagy el\u0151tiszt\u00edtott h\u00fcvelyekhez.<\/p>\n","protected":false},"excerpt":{"rendered":"<p>Iosso tokf\u00e9nyez\u0151: Vissza\u00e1ll\u00edtja a r\u00e9z t\u00f6lt\u00e9nyh\u00fcvelyek ragyog\u00f3 f\u00e9ny\u00e9t.<\/p>\n","protected":false},"featured_media":102448,"template":"","meta":{"_acf_changed":false},"product_brand":[11475],"product_cat":[12961,12963],"product_tag":[],"class_list":{"0":"post-63531","1":"product","2":"type-product","3":"status-publish","4":"has-post-thumbnail","6":"product_brand-iosso","7":"product_cat-huevely-elokeszites","8":"product_cat-ujratoeltes","10":"first","11":"instock","12":"taxable","13":"shipping-taxable","14":"purchasable","15":"product-type-variable","16":"wvs-archive-product-wrapper"},"acf":[],"_links":{"self":[{"href":"https:\/\/staging.nbg.eu\/hu\/wp-json\/wp\/v2\/product\/63531","targetHints":{"allow":["GET"]}}],"collection":[{"href":"https:\/\/staging.nbg.eu\/hu\/wp-json\/wp\/v2\/product"}],"about":[{"href":"https:\/\/staging.nbg.eu\/hu\/wp-json\/wp\/v2\/types\/product"}],"wp:featuredmedia":[{"embeddable":true,"href":"https:\/\/staging.nbg.eu\/hu\/wp-json\/wp\/v2\/media\/102448"}],"wp:attachment":[{"href":"https:\/\/staging.nbg.eu\/hu\/wp-json\/wp\/v2\/media?parent=63531"}],"wp:term":[{"taxonomy":"product_brand","embeddable":true,"href":"https:\/\/staging.nbg.eu\/hu\/wp-json\/wp\/v2\/product_brand?post=63531"},{"taxonomy":"product_cat","embeddable":true,"href":"https:\/\/staging.nbg.eu\/hu\/wp-json\/wp\/v2\/product_cat?post=63531"},{"taxonomy":"product_tag","embeddable":true,"href":"https:\/\/staging.nbg.eu\/hu\/wp-json\/wp\/v2\/product_tag?post=63531"}],"curies":[{"name":"wp","href":"https:\/\/api.w.org\/{rel}","templated":true}]}}