{"id":63423,"date":"2024-01-23T19:15:27","date_gmt":"2024-09-16T13:12:39","guid":{"rendered":"https:\/\/staging.nbg.eu\/product\/iosso-cotton-knit-cleaning-patches\/"},"modified":"2024-09-16T13:13:32","modified_gmt":"2024-09-16T13:13:32","slug":"iosso-pamut-koetoett-tisztito-foltok","status":"publish","type":"product","link":"https:\/\/staging.nbg.eu\/hu\/termek\/iosso-pamut-koetoett-tisztito-foltok\/","title":{"rendered":"Iosso Pamut K\u00f6t\u00f6tt Tiszt\u00edt\u00f3 Foltok"},"content":{"rendered":"<p>\nIosso pamut k\u00f6t\u00f6tt tiszt\u00edt\u00f3foltok: 100% pamut, sz\u00f6szmentes \u00e9s nem foszlik. A k\u00f6t\u00f6tt sz\u00f6vet jobban megfogja a szennyez\u0151d\u00e9seket, mint a flanell vagy az akril. El\u00e9rhet\u0151 m\u00e9retek:<\/p>\n<ul>\n<li>1-1\/2&#8243;: .22-es pusk\u00e1t\u00f3l .270-esig<\/li>\n<li>2-1\/2&#8243;: .338-t\u00f3l .357-ig<\/li>\n<li>3&#8243;: s\u00f6r\u00e9tes pusk\u00e1khoz<\/li>\n<li>6&#8243;: 37-40mm-eshez<\/li>\n<\/ul>\n<p>K270 k\u00f6t\u00f6tt pik\u00e9sz\u00f6vet j\u00f3 tiszt\u00edt\u00e1si teljes\u00edtm\u00e9nyt biztos\u00edt.<\/p>\n","protected":false},"excerpt":{"rendered":"<p>Sz\u00f6szmentes\u00edtett, k\u00f6t\u00f6tt pamut tiszt\u00edt\u00f3p\u00e1rn\u00e1k kiv\u00e1l\u00f3 fegyvertiszt\u00edt\u00e1shoz.<\/p>\n","protected":false},"featured_media":107563,"template":"","meta":{"_acf_changed":false},"product_brand":[11475],"product_cat":[12948,12975],"product_tag":[],"class_list":{"0":"post-63423","1":"product","2":"type-product","3":"status-publish","4":"has-post-thumbnail","6":"product_brand-iosso","7":"product_cat-fegyvertisztitas","8":"product_cat-kefek","10":"first","11":"instock","12":"taxable","13":"shipping-taxable","14":"purchasable","15":"product-type-variable","16":"wvs-archive-product-wrapper"},"acf":[],"_links":{"self":[{"href":"https:\/\/staging.nbg.eu\/hu\/wp-json\/wp\/v2\/product\/63423","targetHints":{"allow":["GET"]}}],"collection":[{"href":"https:\/\/staging.nbg.eu\/hu\/wp-json\/wp\/v2\/product"}],"about":[{"href":"https:\/\/staging.nbg.eu\/hu\/wp-json\/wp\/v2\/types\/product"}],"wp:featuredmedia":[{"embeddable":true,"href":"https:\/\/staging.nbg.eu\/hu\/wp-json\/wp\/v2\/media\/107563"}],"wp:attachment":[{"href":"https:\/\/staging.nbg.eu\/hu\/wp-json\/wp\/v2\/media?parent=63423"}],"wp:term":[{"taxonomy":"product_brand","embeddable":true,"href":"https:\/\/staging.nbg.eu\/hu\/wp-json\/wp\/v2\/product_brand?post=63423"},{"taxonomy":"product_cat","embeddable":true,"href":"https:\/\/staging.nbg.eu\/hu\/wp-json\/wp\/v2\/product_cat?post=63423"},{"taxonomy":"product_tag","embeddable":true,"href":"https:\/\/staging.nbg.eu\/hu\/wp-json\/wp\/v2\/product_tag?post=63423"}],"curies":[{"name":"wp","href":"https:\/\/api.w.org\/{rel}","templated":true}]}}