{"id":63351,"date":"2024-01-23T19:37:48","date_gmt":"2024-09-16T13:09:37","guid":{"rendered":"https:\/\/staging.nbg.eu\/product\/iosso-firearms-parts-cleaner-degreaser-37l\/"},"modified":"2024-09-16T13:10:28","modified_gmt":"2024-09-16T13:10:28","slug":"iosso-lofegyver-alkatresz-tisztito-zsiroldo-37l","status":"publish","type":"product","link":"https:\/\/staging.nbg.eu\/hu\/termek\/iosso-lofegyver-alkatresz-tisztito-zsiroldo-37l\/","title":{"rendered":"Iosso L\u0151fegyver Alkatr\u00e9sz Tiszt\u00edt\u00f3 (Zs\u00edrold\u00f3, 3,7L)"},"content":{"rendered":"<p>\nIosso Fegyveralkatr\u00e9sz-tiszt\u00edt\u00f3: Er\u0151s, k\u00f6rnyezetbar\u00e1t zs\u00edrtalan\u00edt\u00f3 fegyverekhez. Ez a biol\u00f3giailag leboml\u00f3, bio-alap\u00fa tiszt\u00edt\u00f3szer hat\u00e9konyan t\u00e1vol\u00edtja el a szennyez\u0151d\u00e9st, a szenet, a zs\u00edrt \u00e9s a lerak\u00f3d\u00e1sokat. Ultrahangos g\u00e9pekhez biztons\u00e1gos, alacsony VOC-tartalm\u00fa \u00e9s term\u00e9szetes n\u00f6v\u00e9nyi kivonatokb\u00f3l k\u00e9sz\u00fcl. Permetezze, \u00e1ztassa vagy t\u00f6r\u00f6lje le a hat\u00e9kony tiszt\u00edt\u00e1shoz, amely biztons\u00e1gos \u00d6nnek \u00e9s a k\u00f6rnyezetnek is.<\/p>\n","protected":false},"excerpt":{"rendered":"<p>K\u00f6rnyezetbar\u00e1t, er\u0151s zs\u00edrold\u00f3 alapos fegyveralkatr\u00e9sz-tiszt\u00edt\u00e1shoz.<\/p>\n","protected":false},"featured_media":102527,"template":"","meta":{"_acf_changed":false},"product_brand":[11475],"product_cat":[12948,12962],"product_tag":[],"class_list":{"0":"post-63351","1":"product","2":"type-product","3":"status-publish","4":"has-post-thumbnail","6":"product_brand-iosso","7":"product_cat-fegyvertisztitas","8":"product_cat-tisztitoszerek","10":"first","11":"instock","12":"taxable","13":"shipping-taxable","14":"purchasable","15":"product-type-simple"},"acf":[],"_links":{"self":[{"href":"https:\/\/staging.nbg.eu\/hu\/wp-json\/wp\/v2\/product\/63351","targetHints":{"allow":["GET"]}}],"collection":[{"href":"https:\/\/staging.nbg.eu\/hu\/wp-json\/wp\/v2\/product"}],"about":[{"href":"https:\/\/staging.nbg.eu\/hu\/wp-json\/wp\/v2\/types\/product"}],"wp:featuredmedia":[{"embeddable":true,"href":"https:\/\/staging.nbg.eu\/hu\/wp-json\/wp\/v2\/media\/102527"}],"wp:attachment":[{"href":"https:\/\/staging.nbg.eu\/hu\/wp-json\/wp\/v2\/media?parent=63351"}],"wp:term":[{"taxonomy":"product_brand","embeddable":true,"href":"https:\/\/staging.nbg.eu\/hu\/wp-json\/wp\/v2\/product_brand?post=63351"},{"taxonomy":"product_cat","embeddable":true,"href":"https:\/\/staging.nbg.eu\/hu\/wp-json\/wp\/v2\/product_cat?post=63351"},{"taxonomy":"product_tag","embeddable":true,"href":"https:\/\/staging.nbg.eu\/hu\/wp-json\/wp\/v2\/product_tag?post=63351"}],"curies":[{"name":"wp","href":"https:\/\/api.w.org\/{rel}","templated":true}]}}