{"id":63297,"date":"2024-01-23T19:46:33","date_gmt":"2024-09-16T13:04:38","guid":{"rendered":"https:\/\/staging.nbg.eu\/product\/iosso-gunbrite\/"},"modified":"2024-09-16T13:05:31","modified_gmt":"2024-09-16T13:05:31","slug":"iosso-gunbrite","status":"publish","type":"product","link":"https:\/\/staging.nbg.eu\/hu\/termek\/iosso-gunbrite\/","title":{"rendered":"Iosso GunBrite"},"content":{"rendered":"<p>\nIosso GunBrite: Fegyvertiszt\u00edt\u00f3 szer<\/p>\n<ul>\n<li>Biztons\u00e1gos minden fegyverbevonatra<\/li>\n<li>Elt\u00e1vol\u00edtja a lerak\u00f3d\u00e1st, rozsd\u00e1t, foltokat \u00e9s elsz\u00ednez\u0151d\u00e9st<\/li>\n<li>Tiszt\u00edtja a makacs hengergy\u0171r\u0171ket<\/li>\n<li>V\u00e9d\u0151r\u00e9teget hagy, amely nem olajos<\/li>\n<li>Ellen\u00e1ll az ujjlenyomatoknak \u00e9s a nedvess\u00e9gnek<\/li>\n<\/ul>\n<p>Tartsa fegyvereit tiszt\u00e1n az Iosso GunBrite seg\u00edts\u00e9g\u00e9vel<\/p>\n","protected":false},"excerpt":{"rendered":"<p>Iosso GunBrite: Biztons\u00e1gosan tiszt\u00edtja, f\u00e9nyes\u00edti \u00e9s v\u00e9di a l\u0151fegyvereket.<\/p>\n","protected":false},"featured_media":102604,"template":"","meta":{"_acf_changed":false},"product_brand":[11475],"product_cat":[12948,12962],"product_tag":[],"class_list":{"0":"post-63297","1":"product","2":"type-product","3":"status-publish","4":"has-post-thumbnail","6":"product_brand-iosso","7":"product_cat-fegyvertisztitas","8":"product_cat-tisztitoszerek","10":"first","11":"instock","12":"taxable","13":"shipping-taxable","14":"purchasable","15":"product-type-variable","16":"wvs-archive-product-wrapper"},"acf":[],"_links":{"self":[{"href":"https:\/\/staging.nbg.eu\/hu\/wp-json\/wp\/v2\/product\/63297","targetHints":{"allow":["GET"]}}],"collection":[{"href":"https:\/\/staging.nbg.eu\/hu\/wp-json\/wp\/v2\/product"}],"about":[{"href":"https:\/\/staging.nbg.eu\/hu\/wp-json\/wp\/v2\/types\/product"}],"wp:featuredmedia":[{"embeddable":true,"href":"https:\/\/staging.nbg.eu\/hu\/wp-json\/wp\/v2\/media\/102604"}],"wp:attachment":[{"href":"https:\/\/staging.nbg.eu\/hu\/wp-json\/wp\/v2\/media?parent=63297"}],"wp:term":[{"taxonomy":"product_brand","embeddable":true,"href":"https:\/\/staging.nbg.eu\/hu\/wp-json\/wp\/v2\/product_brand?post=63297"},{"taxonomy":"product_cat","embeddable":true,"href":"https:\/\/staging.nbg.eu\/hu\/wp-json\/wp\/v2\/product_cat?post=63297"},{"taxonomy":"product_tag","embeddable":true,"href":"https:\/\/staging.nbg.eu\/hu\/wp-json\/wp\/v2\/product_tag?post=63297"}],"curies":[{"name":"wp","href":"https:\/\/api.w.org\/{rel}","templated":true}]}}