{"id":63233,"date":"2024-01-23T19:51:36","date_gmt":"2024-09-16T13:03:07","guid":{"rendered":"https:\/\/staging.nbg.eu\/product\/iosso-sizing-lubricant-and-cleaner\/"},"modified":"2024-09-16T13:03:59","modified_gmt":"2024-09-16T13:03:59","slug":"iosso-meretezo-kenoanyag-es-tisztito","status":"publish","type":"product","link":"https:\/\/staging.nbg.eu\/hu\/termek\/iosso-meretezo-kenoanyag-es-tisztito\/","title":{"rendered":"Iosso M\u00e9retez\u0151 Ken\u0151anyag \u00e9s Tiszt\u00edt\u00f3"},"content":{"rendered":"<p>\nIosso m\u00e9retez\u0151 ken\u0151anyag \u00e9s tiszt\u00edt\u00f3: Biol\u00f3giai alap\u00fa megold\u00e1s a t\u00f6lt\u00e9nyh\u00fcvelyek m\u00e9retez\u00e9s\u00e9hez. Ez a 120 ml-es term\u00e9k tiszt\u00edt \u00e9s ken, megakad\u00e1lyozza a h\u00fcvelyek beszorul\u00e1s\u00e1t \u00e9s meghosszabb\u00edtja a szersz\u00e1mok \u00e9lettartam\u00e1t. K\u00f6nnyen haszn\u00e1lhat\u00f3, nem hagy marad\u00e9kot \u00e9s szagtalan. V\u00edzben old\u00f3d\u00f3, biol\u00f3giailag leboml\u00f3 \u00e9s nem gy\u00fal\u00e9kony. G\u00e1tolja a korr\u00f3zi\u00f3t \u00e9s a rozsd\u00e1sod\u00e1st. Egyszer\u0171en vonja be a h\u00fcvelyeket, m\u00e9retezze, majd t\u00f6r\u00f6lje le vagy \u00f6bl\u00edtse le \u00fajrat\u00f6lt\u00e9s el\u0151tt.<\/p>\n","protected":false},"excerpt":{"rendered":"<p>Biol\u00f3giai alap\u00fa tiszt\u00edt\u00f3 \u00e9s ken\u0151anyag a sim\u00e1bb m\u00e9retez\u00e9shez \u00e9s a hosszabb \u00e9lettartam\u00fa szersz\u00e1mokhoz.<\/p>\n","protected":false},"featured_media":107661,"template":"","meta":{"_acf_changed":false},"product_brand":[11475],"product_cat":[12962,12963],"product_tag":[],"class_list":{"0":"post-63233","1":"product","2":"type-product","3":"status-publish","4":"has-post-thumbnail","6":"product_brand-iosso","7":"product_cat-tisztitoszerek","8":"product_cat-ujratoeltes","10":"first","11":"instock","12":"taxable","13":"shipping-taxable","14":"purchasable","15":"product-type-variable","16":"wvs-archive-product-wrapper"},"acf":[],"_links":{"self":[{"href":"https:\/\/staging.nbg.eu\/hu\/wp-json\/wp\/v2\/product\/63233","targetHints":{"allow":["GET"]}}],"collection":[{"href":"https:\/\/staging.nbg.eu\/hu\/wp-json\/wp\/v2\/product"}],"about":[{"href":"https:\/\/staging.nbg.eu\/hu\/wp-json\/wp\/v2\/types\/product"}],"wp:featuredmedia":[{"embeddable":true,"href":"https:\/\/staging.nbg.eu\/hu\/wp-json\/wp\/v2\/media\/107661"}],"wp:attachment":[{"href":"https:\/\/staging.nbg.eu\/hu\/wp-json\/wp\/v2\/media?parent=63233"}],"wp:term":[{"taxonomy":"product_brand","embeddable":true,"href":"https:\/\/staging.nbg.eu\/hu\/wp-json\/wp\/v2\/product_brand?post=63233"},{"taxonomy":"product_cat","embeddable":true,"href":"https:\/\/staging.nbg.eu\/hu\/wp-json\/wp\/v2\/product_cat?post=63233"},{"taxonomy":"product_tag","embeddable":true,"href":"https:\/\/staging.nbg.eu\/hu\/wp-json\/wp\/v2\/product_tag?post=63233"}],"curies":[{"name":"wp","href":"https:\/\/api.w.org\/{rel}","templated":true}]}}