{"id":63157,"date":"2024-01-24T09:44:05","date_gmt":"2024-09-16T13:00:41","guid":{"rendered":"https:\/\/staging.nbg.eu\/product\/iosso-triple-action-oil-solution\/"},"modified":"2024-09-16T13:01:34","modified_gmt":"2024-09-16T13:01:34","slug":"iosso-tripla-hatasu-olaj-oldoszer","status":"publish","type":"product","link":"https:\/\/staging.nbg.eu\/hu\/termek\/iosso-tripla-hatasu-olaj-oldoszer\/","title":{"rendered":"Iosso Tripla Hat\u00e1s\u00fa Olaj Old\u00f3szer"},"content":{"rendered":"<p>\nIosso H\u00e1rmas Hat\u00e1s\u00fa Olajoldat: Tiszt\u00edtsa, kenje \u00e9s v\u00e9dje fegyvereit ezzel a biol\u00f3giailag leboml\u00f3, n\u00f6v\u00e9nyi alap\u00fa k\u00e9sz\u00edtm\u00e9nnyel. Behatol a l\u0151por, sz\u00e9n \u00e9s m\u0171anyag fojt\u00e1s fellaz\u00edt\u00e1s\u00e1ra. Alkatr\u00e9szek ken\u00e9s\u00e9re \u00e9s korr\u00f3zi\u00f3 g\u00e1tl\u00e1s\u00e1ra alkalmas. -74F(-65C) fokig m\u0171k\u00f6d\u0151k\u00e9pes extr\u00e9m h\u0151m\u00e9rs\u00e9kleteken. K\u00f6rnyezetbar\u00e1t \u00e9s hat\u00e9kony a cs\u0151tiszt\u00edt\u00e1shoz \u00e9s fegyverkarbantart\u00e1shoz.<\/p>\n","protected":false},"excerpt":{"rendered":"<p>K\u00f6rnyezetbar\u00e1t olaj hat\u00e9konyan tiszt\u00edtja, keni \u00e9s v\u00e9di a l\u0151fegyvereket.<\/p>\n","protected":false},"featured_media":107615,"template":"","meta":{"_acf_changed":false},"product_brand":[11475],"product_cat":[12948,12936,12962],"product_tag":[],"class_list":{"0":"post-63157","1":"product","2":"type-product","3":"status-publish","4":"has-post-thumbnail","6":"product_brand-iosso","7":"product_cat-fegyvertisztitas","8":"product_cat-kenoanyagok","9":"product_cat-tisztitoszerek","11":"first","12":"instock","13":"taxable","14":"shipping-taxable","15":"purchasable","16":"product-type-variable","17":"wvs-archive-product-wrapper"},"acf":[],"_links":{"self":[{"href":"https:\/\/staging.nbg.eu\/hu\/wp-json\/wp\/v2\/product\/63157","targetHints":{"allow":["GET"]}}],"collection":[{"href":"https:\/\/staging.nbg.eu\/hu\/wp-json\/wp\/v2\/product"}],"about":[{"href":"https:\/\/staging.nbg.eu\/hu\/wp-json\/wp\/v2\/types\/product"}],"wp:featuredmedia":[{"embeddable":true,"href":"https:\/\/staging.nbg.eu\/hu\/wp-json\/wp\/v2\/media\/107615"}],"wp:attachment":[{"href":"https:\/\/staging.nbg.eu\/hu\/wp-json\/wp\/v2\/media?parent=63157"}],"wp:term":[{"taxonomy":"product_brand","embeddable":true,"href":"https:\/\/staging.nbg.eu\/hu\/wp-json\/wp\/v2\/product_brand?post=63157"},{"taxonomy":"product_cat","embeddable":true,"href":"https:\/\/staging.nbg.eu\/hu\/wp-json\/wp\/v2\/product_cat?post=63157"},{"taxonomy":"product_tag","embeddable":true,"href":"https:\/\/staging.nbg.eu\/hu\/wp-json\/wp\/v2\/product_tag?post=63157"}],"curies":[{"name":"wp","href":"https:\/\/api.w.org\/{rel}","templated":true}]}}