{"id":63095,"date":"2024-01-24T18:43:40","date_gmt":"2024-09-16T12:56:05","guid":{"rendered":"https:\/\/staging.nbg.eu\/product\/iosso-ar-bolt-carrier-key-tube-brush\/"},"modified":"2024-09-16T12:56:54","modified_gmt":"2024-09-16T12:56:54","slug":"iosso-ar-zarvezeto-kulcs-cso-kefe","status":"publish","type":"product","link":"https:\/\/staging.nbg.eu\/hu\/termek\/iosso-ar-zarvezeto-kulcs-cso-kefe\/","title":{"rendered":"Iosso AR Z\u00e1rvezet\u0151 Kulcs Cs\u0151 Kefe"},"content":{"rendered":"<p>\nIosso AR z\u00e1rszerkezet-kulcs cs\u0151 kefe: Pontosan illeszkedik, elt\u00e1vol\u00edtja a lerak\u00f3dott szenet. Haszn\u00e1lja Iosso olajjal. Nem hagy sz\u00f6sz\u00f6s marad\u00e9kot. AR karbantart\u00e1shoz aj\u00e1nlott.<\/p>\n","protected":false},"excerpt":{"rendered":"<p>Iosso AR z\u00e1rtest kulcs cs\u0151 tiszt\u00edt\u00f3kefe: Hat\u00e9konyan tiszt\u00edtja a sz\u00e9nlerak\u00f3d\u00e1st.<\/p>\n","protected":false},"featured_media":102285,"template":"","meta":{"_acf_changed":false},"product_brand":[11475],"product_cat":[12948,12975],"product_tag":[],"class_list":{"0":"post-63095","1":"product","2":"type-product","3":"status-publish","4":"has-post-thumbnail","6":"product_brand-iosso","7":"product_cat-fegyvertisztitas","8":"product_cat-kefek","10":"first","11":"instock","12":"taxable","13":"shipping-taxable","14":"purchasable","15":"product-type-simple"},"acf":[],"_links":{"self":[{"href":"https:\/\/staging.nbg.eu\/hu\/wp-json\/wp\/v2\/product\/63095","targetHints":{"allow":["GET"]}}],"collection":[{"href":"https:\/\/staging.nbg.eu\/hu\/wp-json\/wp\/v2\/product"}],"about":[{"href":"https:\/\/staging.nbg.eu\/hu\/wp-json\/wp\/v2\/types\/product"}],"wp:featuredmedia":[{"embeddable":true,"href":"https:\/\/staging.nbg.eu\/hu\/wp-json\/wp\/v2\/media\/102285"}],"wp:attachment":[{"href":"https:\/\/staging.nbg.eu\/hu\/wp-json\/wp\/v2\/media?parent=63095"}],"wp:term":[{"taxonomy":"product_brand","embeddable":true,"href":"https:\/\/staging.nbg.eu\/hu\/wp-json\/wp\/v2\/product_brand?post=63095"},{"taxonomy":"product_cat","embeddable":true,"href":"https:\/\/staging.nbg.eu\/hu\/wp-json\/wp\/v2\/product_cat?post=63095"},{"taxonomy":"product_tag","embeddable":true,"href":"https:\/\/staging.nbg.eu\/hu\/wp-json\/wp\/v2\/product_tag?post=63095"}],"curies":[{"name":"wp","href":"https:\/\/api.w.org\/{rel}","templated":true}]}}