{"id":63053,"date":"2024-01-24T18:50:37","date_gmt":"2024-01-24T18:50:37","guid":{"rendered":"https:\/\/staging.nbg.eu\/product\/iosso-cleaning-brush-2-sided-2-pk\/"},"modified":"2024-09-16T12:54:22","modified_gmt":"2024-09-16T12:54:22","slug":"iosso-tisztito-kefe-2-oldalas-2-db","status":"publish","type":"product","link":"https:\/\/staging.nbg.eu\/hu\/termek\/iosso-tisztito-kefe-2-oldalas-2-db\/","title":{"rendered":"Iosso Tiszt\u00edt\u00f3 Kefe 2 Oldalas &#8211; 2 db"},"content":{"rendered":"<p>\nAz Iosso Tiszt\u00edt\u00f3kefe 2 oldalas &#8211; 2 db\/csomag tart\u00f3s nejlon s\u00f6rt\u00e9kkel rendelkezik a hat\u00e9kony tiszt\u00edt\u00e1shoz. Minden csomag k\u00e9t kef\u00e9t tartalmaz, egy sz\u00e9les, hossz\u00fa oldallal \u00e9s egy keskeny oldallal. Haszn\u00e1lhat\u00f3 Iosso Triple Action olajjal, cs\u0151tiszt\u00edt\u00f3val vagy f\u00e9mpolit\u00farral. Alkalmas sz\u00e9nlerak\u00f3d\u00e1s \u00e9s l\u0151pormaradv\u00e1nyok elt\u00e1vol\u00edt\u00e1s\u00e1ra l\u0151fegyverekb\u0151l vagy ipari alkalmaz\u00e1sokban.<\/p>\n","protected":false},"excerpt":{"rendered":"<p>K\u00e9toldal\u00fa nejlonkefe sokoldal\u00fa tiszt\u00edt\u00e1shoz. 2 darabos csomag.<\/p>\n","protected":false},"featured_media":63054,"template":"","meta":{"_acf_changed":false},"product_brand":[11475],"product_cat":[12948,12975],"product_tag":[],"class_list":{"0":"post-63053","1":"product","2":"type-product","3":"status-publish","4":"has-post-thumbnail","6":"product_brand-iosso","7":"product_cat-fegyvertisztitas","8":"product_cat-kefek","10":"first","11":"instock","12":"taxable","13":"shipping-taxable","14":"purchasable","15":"product-type-simple"},"acf":[],"_links":{"self":[{"href":"https:\/\/staging.nbg.eu\/hu\/wp-json\/wp\/v2\/product\/63053","targetHints":{"allow":["GET"]}}],"collection":[{"href":"https:\/\/staging.nbg.eu\/hu\/wp-json\/wp\/v2\/product"}],"about":[{"href":"https:\/\/staging.nbg.eu\/hu\/wp-json\/wp\/v2\/types\/product"}],"wp:featuredmedia":[{"embeddable":true,"href":"https:\/\/staging.nbg.eu\/hu\/wp-json\/wp\/v2\/media\/63054"}],"wp:attachment":[{"href":"https:\/\/staging.nbg.eu\/hu\/wp-json\/wp\/v2\/media?parent=63053"}],"wp:term":[{"taxonomy":"product_brand","embeddable":true,"href":"https:\/\/staging.nbg.eu\/hu\/wp-json\/wp\/v2\/product_brand?post=63053"},{"taxonomy":"product_cat","embeddable":true,"href":"https:\/\/staging.nbg.eu\/hu\/wp-json\/wp\/v2\/product_cat?post=63053"},{"taxonomy":"product_tag","embeddable":true,"href":"https:\/\/staging.nbg.eu\/hu\/wp-json\/wp\/v2\/product_tag?post=63053"}],"curies":[{"name":"wp","href":"https:\/\/api.w.org\/{rel}","templated":true}]}}