{"id":63011,"date":"2024-01-25T20:06:46","date_gmt":"2024-09-16T12:23:16","guid":{"rendered":"https:\/\/staging.nbg.eu\/product\/iosso-ar-rifle-gas-tube-cleaning-kit\/"},"modified":"2024-09-16T12:24:04","modified_gmt":"2024-09-16T12:24:04","slug":"iosso-ar-puska-gazcso-tisztito-keszlet","status":"publish","type":"product","link":"https:\/\/staging.nbg.eu\/hu\/termek\/iosso-ar-puska-gazcso-tisztito-keszlet\/","title":{"rendered":"Iosso AR Puska G\u00e1zcs\u0151 Tiszt\u00edt\u00f3 K\u00e9szlet"},"content":{"rendered":"<p>\nAz Iosso AR puska g\u00e1zcs\u0151 tiszt\u00edt\u00f3 k\u00e9szlet megold\u00e1st k\u00edn\u00e1l az AR puska karbantart\u00e1s\u00e1hoz. A szabadalmaztatott k\u00e9szlet tartalma:<\/p>\n<ul>\n<li>K\u00e9t speci\u00e1lis g\u00e1zcs\u0151 kefe<\/li>\n<li>\u00c1tl\u00e1tsz\u00f3 vezet\u0151cs\u0151<\/li>\n<li>Iosso h\u00e1rmas hat\u00e1s\u00fa olaj<\/li>\n<\/ul>\n<p>Tiszt\u00edtsa a g\u00e1zcs\u00f6vet sz\u00e9tszerel\u00e9s n\u00e9lk\u00fcl, biztos\u00edtva a z\u00e1r megfelel\u0151 m\u0171k\u00f6d\u00e9s\u00e9t \u00e9s megel\u0151zve a sz\u00e9nlerak\u00f3d\u00e1st. Ez a tiszt\u00edt\u00f3rendszer id\u0151t \u00e9s er\u0151fesz\u00edt\u00e9st takar\u00edt meg.<\/p>\n","protected":false},"excerpt":{"rendered":"<p>Hat\u00e9kony AR g\u00e1zcs\u0151tiszt\u00edt\u00f3 \u2013 nem ig\u00e9nyel sz\u00e9tszerel\u00e9st.<\/p>\n","protected":false},"featured_media":102323,"template":"","meta":{"_acf_changed":false},"product_brand":[11475],"product_cat":[12948,12975],"product_tag":[],"class_list":{"0":"post-63011","1":"product","2":"type-product","3":"status-publish","4":"has-post-thumbnail","6":"product_brand-iosso","7":"product_cat-fegyvertisztitas","8":"product_cat-kefek","10":"first","11":"instock","12":"taxable","13":"shipping-taxable","14":"purchasable","15":"product-type-simple"},"acf":[],"_links":{"self":[{"href":"https:\/\/staging.nbg.eu\/hu\/wp-json\/wp\/v2\/product\/63011","targetHints":{"allow":["GET"]}}],"collection":[{"href":"https:\/\/staging.nbg.eu\/hu\/wp-json\/wp\/v2\/product"}],"about":[{"href":"https:\/\/staging.nbg.eu\/hu\/wp-json\/wp\/v2\/types\/product"}],"wp:featuredmedia":[{"embeddable":true,"href":"https:\/\/staging.nbg.eu\/hu\/wp-json\/wp\/v2\/media\/102323"}],"wp:attachment":[{"href":"https:\/\/staging.nbg.eu\/hu\/wp-json\/wp\/v2\/media?parent=63011"}],"wp:term":[{"taxonomy":"product_brand","embeddable":true,"href":"https:\/\/staging.nbg.eu\/hu\/wp-json\/wp\/v2\/product_brand?post=63011"},{"taxonomy":"product_cat","embeddable":true,"href":"https:\/\/staging.nbg.eu\/hu\/wp-json\/wp\/v2\/product_cat?post=63011"},{"taxonomy":"product_tag","embeddable":true,"href":"https:\/\/staging.nbg.eu\/hu\/wp-json\/wp\/v2\/product_tag?post=63011"}],"curies":[{"name":"wp","href":"https:\/\/api.w.org\/{rel}","templated":true}]}}