{"id":62921,"date":"2024-01-25T20:19:03","date_gmt":"2024-09-16T12:21:16","guid":{"rendered":"https:\/\/staging.nbg.eu\/product\/iosso-chamber-brushes-2-pack\/"},"modified":"2024-09-16T12:22:11","modified_gmt":"2024-09-16T12:22:11","slug":"iosso-kamra-kefek-2-darabos-csomag","status":"publish","type":"product","link":"https:\/\/staging.nbg.eu\/hu\/termek\/iosso-kamra-kefek-2-darabos-csomag\/","title":{"rendered":"Iosso Kamra Kef\u00e9k 2 Darabos Csomag"},"content":{"rendered":"<p style=\"text-align: center\"><strong><span style=\"font-size: 170%\">Iosso kamratiszt\u00edt\u00f3 kef\u00e9k (2 csomag)<\/span><\/strong><\/p>\n<p>Az els\u0151 kefe, amely tiszt\u00edtja a 6,5 Creedmoor kamr\u00e1t. M\u00e9ret\u00fck pontosan illeszkedik a prec\u00edz tiszt\u00edt\u00e1shoz. K\u00e9k sz\u00e1lakb\u00f3l k\u00e9sz\u00fclnek, amelyek vastagok, merevek \u00e9s j\u00f3l tartj\u00e1k alakjukat, ellent\u00e9tben a hagyom\u00e1nyos r\u00e9z \u00e9s bronz kef\u00e9kkel. T\u00f6bbsz\u00f6r haszn\u00e1lhat\u00f3k, miel\u0151tt elkopn\u00e1nak. A csomag 2 kef\u00e9t tartalmaz. Javasolt tiszt\u00edt\u00f3szerek ehhez a kef\u00e9hez az Iosso cs\u0151tiszt\u00edt\u00f3 \u00e9s az Iosso h\u00e1rmas hat\u00e1s\u00fa olaj. <strong>A k\u00e9k kef\u00e9k az Iosso Products v\u00e9djegyei.<\/strong><\/p>\n<table width=\"305\">\n<tbody>\n<tr>\n<td width=\"305\"><strong>AR-15 kamratiszt\u00edt\u00f3 kefe csappal, 2 darab<\/strong><\/td>\n<\/tr>\n<tr>\n<td><strong>Grendel AR-15 6,5 kamratiszt\u00edt\u00f3 kefe, 2 darab<\/strong><\/td>\n<\/tr>\n<tr>\n<td><strong>Creedmoor 6,5 kamratiszt\u00edt\u00f3 kefe, 2 darab<\/strong><\/td>\n<\/tr>\n<tr>\n<td><strong>AR.308 puska kamratiszt\u00edt\u00f3 kefe csappal, 2 darab<\/strong><\/td>\n<\/tr>\n<\/tbody>\n<\/table>\n","protected":false},"excerpt":{"rendered":"<p><strong>Az els\u0151 kefe a 6,5 Creedmoor kamra tiszt\u00edt\u00e1s\u00e1hoz<\/strong><\/p>\n","protected":false},"featured_media":107684,"template":"","meta":{"_acf_changed":false},"product_brand":[11475],"product_cat":[12948,12975],"product_tag":[],"class_list":{"0":"post-62921","1":"product","2":"type-product","3":"status-publish","4":"has-post-thumbnail","6":"product_brand-iosso","7":"product_cat-fegyvertisztitas","8":"product_cat-kefek","9":"pa_model-6-5-creedmoor-hu","10":"pa_model-6-5-grendel-hu","11":"pa_model-ar-308-hu-2","12":"pa_model-ar-15-hu","14":"first","15":"instock","16":"taxable","17":"shipping-taxable","18":"purchasable","19":"product-type-variable","20":"wvs-archive-product-wrapper"},"acf":[],"_links":{"self":[{"href":"https:\/\/staging.nbg.eu\/hu\/wp-json\/wp\/v2\/product\/62921","targetHints":{"allow":["GET"]}}],"collection":[{"href":"https:\/\/staging.nbg.eu\/hu\/wp-json\/wp\/v2\/product"}],"about":[{"href":"https:\/\/staging.nbg.eu\/hu\/wp-json\/wp\/v2\/types\/product"}],"wp:featuredmedia":[{"embeddable":true,"href":"https:\/\/staging.nbg.eu\/hu\/wp-json\/wp\/v2\/media\/107684"}],"wp:attachment":[{"href":"https:\/\/staging.nbg.eu\/hu\/wp-json\/wp\/v2\/media?parent=62921"}],"wp:term":[{"taxonomy":"product_brand","embeddable":true,"href":"https:\/\/staging.nbg.eu\/hu\/wp-json\/wp\/v2\/product_brand?post=62921"},{"taxonomy":"product_cat","embeddable":true,"href":"https:\/\/staging.nbg.eu\/hu\/wp-json\/wp\/v2\/product_cat?post=62921"},{"taxonomy":"product_tag","embeddable":true,"href":"https:\/\/staging.nbg.eu\/hu\/wp-json\/wp\/v2\/product_tag?post=62921"}],"curies":[{"name":"wp","href":"https:\/\/api.w.org\/{rel}","templated":true}]}}