{"id":62839,"date":"2024-01-25T20:40:36","date_gmt":"2024-09-16T12:17:24","guid":{"rendered":"https:\/\/staging.nbg.eu\/product\/iosso-shotgun-adapter-brass-8-32-to-5-16-27\/"},"modified":"2024-09-16T12:18:14","modified_gmt":"2024-09-16T12:18:14","slug":"iosso-soretes-puska-adapter-sargarez-832-516-27","status":"publish","type":"product","link":"https:\/\/staging.nbg.eu\/hu\/termek\/iosso-soretes-puska-adapter-sargarez-832-516-27\/","title":{"rendered":"Iosso Sor\u00e9tes Puska Adapter s\u00e1rgar\u00e9z 8\/32 &#8211; 5\/16-27"},"content":{"rendered":"<p>\nIosso S\u00f6r\u00e9tes Puska Adapter: 8\/32 csapos 5\/16-27 h\u00fcvelyes. \u00c1talak\u00edtja a rudakat s\u00f6r\u00e9tes puska kef\u00e9ihez. T\u00f6m\u00f6r s\u00e1rgar\u00e9z, USA-ban gy\u00e1rtott.<\/p>\n","protected":false},"excerpt":{"rendered":"<p>R\u00e9z adapter: 8\/32 apa menet 5\/16-27 anya menetre. S\u00f6r\u00e9tes pusk\u00e1k tiszt\u00edt\u00f3kef\u00e9ihez. Amerikai gy\u00e1rtm\u00e1ny.<\/p>\n","protected":false},"featured_media":107309,"template":"","meta":{"_acf_changed":false},"product_brand":[11475],"product_cat":[12948,12975,12973],"product_tag":[],"class_list":{"0":"post-62839","1":"product","2":"type-product","3":"status-publish","4":"has-post-thumbnail","6":"product_brand-iosso","7":"product_cat-fegyvertisztitas","8":"product_cat-kefek","9":"product_cat-tisztitopalcak","11":"first","12":"instock","13":"taxable","14":"shipping-taxable","15":"purchasable","16":"product-type-simple"},"acf":[],"_links":{"self":[{"href":"https:\/\/staging.nbg.eu\/hu\/wp-json\/wp\/v2\/product\/62839","targetHints":{"allow":["GET"]}}],"collection":[{"href":"https:\/\/staging.nbg.eu\/hu\/wp-json\/wp\/v2\/product"}],"about":[{"href":"https:\/\/staging.nbg.eu\/hu\/wp-json\/wp\/v2\/types\/product"}],"wp:featuredmedia":[{"embeddable":true,"href":"https:\/\/staging.nbg.eu\/hu\/wp-json\/wp\/v2\/media\/107309"}],"wp:attachment":[{"href":"https:\/\/staging.nbg.eu\/hu\/wp-json\/wp\/v2\/media?parent=62839"}],"wp:term":[{"taxonomy":"product_brand","embeddable":true,"href":"https:\/\/staging.nbg.eu\/hu\/wp-json\/wp\/v2\/product_brand?post=62839"},{"taxonomy":"product_cat","embeddable":true,"href":"https:\/\/staging.nbg.eu\/hu\/wp-json\/wp\/v2\/product_cat?post=62839"},{"taxonomy":"product_tag","embeddable":true,"href":"https:\/\/staging.nbg.eu\/hu\/wp-json\/wp\/v2\/product_tag?post=62839"}],"curies":[{"name":"wp","href":"https:\/\/api.w.org\/{rel}","templated":true}]}}