{"id":62445,"date":"2024-02-13T20:10:34","date_gmt":"2024-09-16T11:53:46","guid":{"rendered":"https:\/\/staging.nbg.eu\/product\/geissele-chf-chrome-lined-barrel-5-56-13-9\/"},"modified":"2024-09-16T11:54:42","modified_gmt":"2024-09-16T11:54:42","slug":"geissele-chf-kromozott-cso-556-139","status":"publish","type":"product","link":"https:\/\/staging.nbg.eu\/hu\/termek\/geissele-chf-kromozott-cso-556-139\/","title":{"rendered":"Geissele CHF, Kromozott Cso, 5.56 &#8211; 13.9&#8243;"},"content":{"rendered":"<div class=\"product-description\">\n<h2>Geissele CHF Kr\u00f3mozott Cs\u0151 &#8211; 5,56<\/h2>\n<p>A Geissele CHF kr\u00f3mozott cs\u0151 5,56 NATO kaliberben North Wales-ben, PA-ban k\u00e9sz\u00fcl, \u00f6tv\u00f6zve a technol\u00f3gi\u00e1t \u00e9s a mesters\u00e9gbeli tud\u00e1st.<\/p>\n<ul>\n<li>Hidegen kov\u00e1csolt (CHF) a tart\u00f3ss\u00e1g \u00e9rdek\u00e9ben<\/li>\n<li>Kr\u00f3mozott a korr\u00f3zi\u00f3\u00e1ll\u00f3s\u00e1g \u00e9s a k\u00f6nnyebb tiszt\u00edt\u00e1s \u00e9rdek\u00e9ben<\/li>\n<li>Nagynyom\u00e1s\u00fa tesztelt (HPT) \u00e9s m\u00e1gneses r\u00e9szecskevizsg\u00e1lattal ellen\u0151rz\u00f6tt (MPI) a min\u0151s\u00e9gbiztos\u00edt\u00e1s \u00e9rdek\u00e9ben<\/li>\n<li>Alkalmas szolg\u00e1lati fegyverekhez, versenyfegyverekhez \u00e9s egy\u00e9b felhaszn\u00e1l\u00e1sra<\/li>\n<li>Prec\u00edzi\u00f3s megmunk\u00e1l\u00e1s min\u0151s\u00e9gi anyagokb\u00f3l a konzisztencia \u00e9s pontoss\u00e1g \u00e9rdek\u00e9ben<\/li>\n<\/ul>\n<p>V\u00e1lassza a Geissele-t a teljes\u00edtm\u00e9ny\u00e9rt b\u00e1rmilyen helyzetben.<\/p>\n<\/div>\n","protected":false},"excerpt":{"rendered":"<p>Prec\u00edzi\u00f3s kov\u00e1csol\u00e1s\u00fa 5,56-os cs\u0151. HPT\/MPI tesztelt a megb\u00edzhat\u00f3s\u00e1g \u00e9rdek\u00e9ben.<\/p>\n","protected":false},"featured_media":62446,"template":"","meta":{"_acf_changed":false},"product_brand":[11393],"product_cat":[12941,12964,12967,12916],"product_tag":[],"class_list":{"0":"post-62445","1":"product","2":"type-product","3":"status-publish","4":"has-post-thumbnail","6":"product_brand-geissele","7":"product_cat-csoevek","8":"product_cat-karabelyok","9":"product_cat-puska","10":"product_cat-puska-tuning","12":"first","13":"instock","14":"taxable","15":"shipping-taxable","16":"product-type-simple"},"acf":[],"_links":{"self":[{"href":"https:\/\/staging.nbg.eu\/hu\/wp-json\/wp\/v2\/product\/62445","targetHints":{"allow":["GET"]}}],"collection":[{"href":"https:\/\/staging.nbg.eu\/hu\/wp-json\/wp\/v2\/product"}],"about":[{"href":"https:\/\/staging.nbg.eu\/hu\/wp-json\/wp\/v2\/types\/product"}],"wp:featuredmedia":[{"embeddable":true,"href":"https:\/\/staging.nbg.eu\/hu\/wp-json\/wp\/v2\/media\/62446"}],"wp:attachment":[{"href":"https:\/\/staging.nbg.eu\/hu\/wp-json\/wp\/v2\/media?parent=62445"}],"wp:term":[{"taxonomy":"product_brand","embeddable":true,"href":"https:\/\/staging.nbg.eu\/hu\/wp-json\/wp\/v2\/product_brand?post=62445"},{"taxonomy":"product_cat","embeddable":true,"href":"https:\/\/staging.nbg.eu\/hu\/wp-json\/wp\/v2\/product_cat?post=62445"},{"taxonomy":"product_tag","embeddable":true,"href":"https:\/\/staging.nbg.eu\/hu\/wp-json\/wp\/v2\/product_tag?post=62445"}],"curies":[{"name":"wp","href":"https:\/\/api.w.org\/{rel}","templated":true}]}}