{"id":62374,"date":"2024-02-14T06:58:29","date_gmt":"2024-09-16T11:50:01","guid":{"rendered":"https:\/\/staging.nbg.eu\/product\/geissele-super-mcx-ssa-m4-curved-trigger\/"},"modified":"2024-09-16T11:50:51","modified_gmt":"2024-09-16T11:50:51","slug":"geissele-super-mcx-ssa-m4-ivelt-ravasz","status":"publish","type":"product","link":"https:\/\/staging.nbg.eu\/hu\/termek\/geissele-super-mcx-ssa-m4-ivelt-ravasz\/","title":{"rendered":"Geissele Super MCX SSA &#8211; M4 Ivelt Ravasz"},"content":{"rendered":"<div class=\"product-description\">\n<h2>Geissele Super MCX SSA &#8211; M4 \u00edvelt ravasz<\/h2>\n<p>A Geissele Super MCX SSA egy k\u00e9tfokozat\u00fa ravasz. A CRANE biztons\u00e1gi tan\u00fas\u00edtv\u00e1nnyal rendelkez\u0151 M4 karab\u00e9ly ravasz\u00e1b\u00f3l fejlesztett\u00e9k ki, ez a kb. 4,5 fontos nem \u00e1ll\u00edthat\u00f3 ravasz a k\u00f6vetkez\u0151ket k\u00edn\u00e1lja:<\/p>\n<ul>\n<li>Pontos ravaszvez\u00e9rl\u00e9s<\/li>\n<li>El\u00e9g k\u00f6nny\u0171 prec\u00edzi\u00f3s alkalmaz\u00e1sokhoz<\/li>\n<li>Megfelel\u0151 ig\u00e9nyes helyzetekhez, mint a k\u00f6zelharchoz<\/li>\n<li>Alkalmas vad\u00e1szathoz, rendv\u00e9delemhez \u00e9s katonai haszn\u00e1latra<\/li>\n<\/ul>\n<p>A Super MCX SSA egyes\u00edti a teljes\u00edtm\u00e9nyt, megb\u00edzhat\u00f3s\u00e1got, biztons\u00e1got \u00e9s sokoldal\u00fas\u00e1got, ami alkalmass\u00e1 teszi k\u00fcl\u00f6nb\u00f6z\u0151 l\u0151fegyverekhez.<\/p>\n<\/div>\n","protected":false},"excerpt":{"rendered":"<p>Nagy teljes\u00edtm\u00e9ny\u0171, k\u00e9tfokozat\u00fa ravasz prec\u00edzi\u00f3s \u00e9s k\u00f6zelharcra. 2 kg-os h\u00faz\u00f3er\u0151.<\/p>\n","protected":false},"featured_media":62375,"template":"","meta":{"_acf_changed":false},"product_brand":[11393],"product_cat":[12967,12916,12904],"product_tag":[],"class_list":{"0":"post-62374","1":"product","2":"type-product","3":"status-publish","4":"has-post-thumbnail","6":"product_brand-geissele","7":"product_cat-puska","8":"product_cat-puska-tuning","9":"product_cat-ravaszok","11":"first","12":"instock","13":"taxable","14":"shipping-taxable","15":"product-type-simple"},"acf":[],"_links":{"self":[{"href":"https:\/\/staging.nbg.eu\/hu\/wp-json\/wp\/v2\/product\/62374","targetHints":{"allow":["GET"]}}],"collection":[{"href":"https:\/\/staging.nbg.eu\/hu\/wp-json\/wp\/v2\/product"}],"about":[{"href":"https:\/\/staging.nbg.eu\/hu\/wp-json\/wp\/v2\/types\/product"}],"wp:featuredmedia":[{"embeddable":true,"href":"https:\/\/staging.nbg.eu\/hu\/wp-json\/wp\/v2\/media\/62375"}],"wp:attachment":[{"href":"https:\/\/staging.nbg.eu\/hu\/wp-json\/wp\/v2\/media?parent=62374"}],"wp:term":[{"taxonomy":"product_brand","embeddable":true,"href":"https:\/\/staging.nbg.eu\/hu\/wp-json\/wp\/v2\/product_brand?post=62374"},{"taxonomy":"product_cat","embeddable":true,"href":"https:\/\/staging.nbg.eu\/hu\/wp-json\/wp\/v2\/product_cat?post=62374"},{"taxonomy":"product_tag","embeddable":true,"href":"https:\/\/staging.nbg.eu\/hu\/wp-json\/wp\/v2\/product_tag?post=62374"}],"curies":[{"name":"wp","href":"https:\/\/api.w.org\/{rel}","templated":true}]}}