{"id":62334,"date":"2024-02-14T07:09:17","date_gmt":"2024-09-16T11:47:25","guid":{"rendered":"https:\/\/staging.nbg.eu\/product\/geissele-super-semi-automatic-ssa-trigger\/"},"modified":"2024-09-16T11:48:14","modified_gmt":"2024-09-16T11:48:14","slug":"geissele-super-felautomata-ssa-ravasz","status":"publish","type":"product","link":"https:\/\/staging.nbg.eu\/hu\/termek\/geissele-super-felautomata-ssa-ravasz\/","title":{"rendered":"Geissele Super Felautomata (SSA) Ravasz"},"content":{"rendered":"<h2>Geissele F\u00e9lautomata (SSA\u00ae) Ravasz<\/h2>\n<p>A Geissele SSA\u00ae ravasz a h\u00edres Super Select-Fire ravasz f\u00e9lautomata v\u00e1ltozata. Ez a nem \u00e1ll\u00edthat\u00f3, k\u00e9tl\u00e9pcs\u0151s ravasz a k\u00f6vetkez\u0151ket k\u00edn\u00e1lja:<\/p>\n<ul>\n<li>Pontoss\u00e1g a prec\u00edz l\u00f6v\u00e9sekhez<\/li>\n<li>Sokoldal\u00fas\u00e1g k\u00f6zelharchoz<\/li>\n<li>Crane Naval Surface Warfare Center biztons\u00e1gi tan\u00fas\u00edtv\u00e1nya<\/li>\n<li>Alkalmas rendv\u00e9delmi \u00e9s dinamikus k\u00f6rnyezetekhez<\/li>\n<\/ul>\n<p>Az SSA\u00ae kialak\u00edt\u00e1sa k\u00f6nny\u0171 \u00e9rint\u00e9st biztos\u00edt a nagy t\u00e1vols\u00e1g\u00fa pontoss\u00e1ghoz, mik\u00f6zben megtartja a gyorst\u00fczel\u00e9shez sz\u00fcks\u00e9ges rugalmass\u00e1got. K\u00f6z\u00e9pt\u00e1v\u00fa karab\u00e9lymunk\u00e1hoz vagy nagy stresszhelyzetekben az SSA\u00ae ravasz k\u00f6vetkezetes teljes\u00edtm\u00e9nyt ny\u00fajt.<\/p>\n<p>Ez a pr\u00e9mium ravaszmechanizmus jav\u00edthatja a fegyver k\u00e9pess\u00e9geit.<\/p>\n","protected":false},"excerpt":{"rendered":"<p>Prec\u00edzi\u00f3s k\u00e9tfokozat\u00fa els\u00fct\u0151billenty\u0171 sokoldal\u00fa, pontos l\u00f6v\u00e9szethez.<\/p>\n","protected":false},"featured_media":62249,"template":"","meta":{"_acf_changed":false},"product_brand":[11393],"product_cat":[12967,12916,12904],"product_tag":[],"class_list":{"0":"post-62334","1":"product","2":"type-product","3":"status-publish","4":"has-post-thumbnail","6":"product_brand-geissele","7":"product_cat-puska","8":"product_cat-puska-tuning","9":"product_cat-ravaszok","11":"first","12":"instock","13":"taxable","14":"shipping-taxable","15":"product-type-simple"},"acf":[],"_links":{"self":[{"href":"https:\/\/staging.nbg.eu\/hu\/wp-json\/wp\/v2\/product\/62334","targetHints":{"allow":["GET"]}}],"collection":[{"href":"https:\/\/staging.nbg.eu\/hu\/wp-json\/wp\/v2\/product"}],"about":[{"href":"https:\/\/staging.nbg.eu\/hu\/wp-json\/wp\/v2\/types\/product"}],"wp:featuredmedia":[{"embeddable":true,"href":"https:\/\/staging.nbg.eu\/hu\/wp-json\/wp\/v2\/media\/62249"}],"wp:attachment":[{"href":"https:\/\/staging.nbg.eu\/hu\/wp-json\/wp\/v2\/media?parent=62334"}],"wp:term":[{"taxonomy":"product_brand","embeddable":true,"href":"https:\/\/staging.nbg.eu\/hu\/wp-json\/wp\/v2\/product_brand?post=62334"},{"taxonomy":"product_cat","embeddable":true,"href":"https:\/\/staging.nbg.eu\/hu\/wp-json\/wp\/v2\/product_cat?post=62334"},{"taxonomy":"product_tag","embeddable":true,"href":"https:\/\/staging.nbg.eu\/hu\/wp-json\/wp\/v2\/product_tag?post=62334"}],"curies":[{"name":"wp","href":"https:\/\/api.w.org\/{rel}","templated":true}]}}