{"id":62248,"date":"2024-02-14T07:22:04","date_gmt":"2024-02-14T07:22:04","guid":{"rendered":"https:\/\/staging.nbg.eu\/product\/geissele-super-semi-automatic-enhanced-ssa-e-trigger\/"},"modified":"2024-09-16T11:45:05","modified_gmt":"2024-09-16T11:45:05","slug":"geissele-super-felautomata-tovabbfejlesztett-ssa-e-ravasz","status":"publish","type":"product","link":"https:\/\/staging.nbg.eu\/hu\/termek\/geissele-super-felautomata-tovabbfejlesztett-ssa-e-ravasz\/","title":{"rendered":"Geissele Super Felautomata Tovabbfejlesztett (SSA-E) Ravasz"},"content":{"rendered":"<div class=\"product-description\">\n<h2>Geissele Super Semi-Automatic Enhanced (SSA-E\u2122) Els\u00fct\u0151szerkezet<\/h2>\n<p>A Geissele SSA-E\u2122 els\u00fct\u0151szerkezet az SSA\u00ae bev\u00e1lt alapj\u00e1ra \u00e9p\u00fcl. Ez a tov\u00e1bbfejlesztett k\u00e9tfokozat\u00fa els\u00fct\u0151szerkezet a k\u00f6vetkez\u0151ket k\u00edn\u00e1lja:<\/p>\n<ul>\n<li>Cs\u00f6kkentett h\u00faz\u00f3er\u0151<\/li>\n<li>K\u00f6nny\u0171 els\u0151 fokozat<\/li>\n<li>Hat\u00e1rozott m\u00e1sodik fokozat<\/li>\n<li>Harct\u00e9ren bizony\u00edtott megb\u00edzhat\u00f3s\u00e1g<\/li>\n<li>Nem \u00e1ll\u00edthat\u00f3, behelyezhet\u0151 kivitel<\/li>\n<\/ul>\n<p>Az SSA-E\u2122 alkalmas prec\u00edzi\u00f3s mesterl\u00f6v\u00e9sz pusk\u00e1khoz, \u00e9s jobb els\u00fct\u0151szerkezet-ir\u00e1ny\u00edt\u00e1st \u00e9s fegyverpontoss\u00e1got biztos\u00edt. Az Egyes\u00fclt \u00c1llamok k\u00fcl\u00f6nleges er\u0151i \u00e1ltal haszn\u00e1lt automata harci els\u00fct\u0151szerkezetb\u0151l kifejlesztett f\u00e9lautomata v\u00e1ltozat megb\u00edzhat\u00f3 teljes\u00edtm\u00e9nyt ny\u00fajt.<\/p>\n<\/div>\n","protected":false},"excerpt":{"rendered":"<p>Fokozott pontoss\u00e1g\u00fa ravasz mesterl\u00f6v\u00e9szek sz\u00e1m\u00e1ra: egyenletes h\u00faz\u00e1s, hat\u00e1rozott elv\u00e1l\u00e1s.<\/p>\n","protected":false},"featured_media":62249,"template":"","meta":{"_acf_changed":false},"product_brand":[11393],"product_cat":[12967,12916,12904],"product_tag":[],"class_list":{"0":"post-62248","1":"product","2":"type-product","3":"status-publish","4":"has-post-thumbnail","6":"product_brand-geissele","7":"product_cat-puska","8":"product_cat-puska-tuning","9":"product_cat-ravaszok","11":"first","12":"instock","13":"taxable","14":"shipping-taxable","15":"product-type-simple"},"acf":[],"_links":{"self":[{"href":"https:\/\/staging.nbg.eu\/hu\/wp-json\/wp\/v2\/product\/62248","targetHints":{"allow":["GET"]}}],"collection":[{"href":"https:\/\/staging.nbg.eu\/hu\/wp-json\/wp\/v2\/product"}],"about":[{"href":"https:\/\/staging.nbg.eu\/hu\/wp-json\/wp\/v2\/types\/product"}],"wp:featuredmedia":[{"embeddable":true,"href":"https:\/\/staging.nbg.eu\/hu\/wp-json\/wp\/v2\/media\/62249"}],"wp:attachment":[{"href":"https:\/\/staging.nbg.eu\/hu\/wp-json\/wp\/v2\/media?parent=62248"}],"wp:term":[{"taxonomy":"product_brand","embeddable":true,"href":"https:\/\/staging.nbg.eu\/hu\/wp-json\/wp\/v2\/product_brand?post=62248"},{"taxonomy":"product_cat","embeddable":true,"href":"https:\/\/staging.nbg.eu\/hu\/wp-json\/wp\/v2\/product_cat?post=62248"},{"taxonomy":"product_tag","embeddable":true,"href":"https:\/\/staging.nbg.eu\/hu\/wp-json\/wp\/v2\/product_tag?post=62248"}],"curies":[{"name":"wp","href":"https:\/\/api.w.org\/{rel}","templated":true}]}}