{"id":62106,"date":"2024-02-14T07:32:28","date_gmt":"2024-09-16T11:41:33","guid":{"rendered":"https:\/\/staging.nbg.eu\/product\/geissele-ssa-x-trigger-with-lightning-bow\/"},"modified":"2024-09-16T11:42:23","modified_gmt":"2024-09-16T11:42:23","slug":"geissele-ssa-x-ravasz-lightning-bow-val","status":"publish","type":"product","link":"https:\/\/staging.nbg.eu\/hu\/termek\/geissele-ssa-x-ravasz-lightning-bow-val\/","title":{"rendered":"Geissele SSA X Ravasz Lightning Bow-val"},"content":{"rendered":"<div class=\"product-description\">\n<h2>Geissele SSA X Ravasz Lightning Bow\u00ae technol\u00f3gi\u00e1val<\/h2>\n<p>Az SSA-X Lightning Bow\u00ae technol\u00f3gi\u00e1val rendelkezik. Ez a ravasz a k\u00f6vetkez\u0151ket kombin\u00e1lja:<\/p>\n<ul>\n<li>F\u00e9lig \u00edvelt, sz\u00e9les test<\/li>\n<li>A hagyom\u00e1nyos \u00edvelt AR ravaszok \u00e9s a lapos \u00edv\u0171 kialak\u00edt\u00e1sok legjobb tulajdons\u00e1gai<\/li>\n<li>Nanoweapon bevonat a kop\u00e1s \u00e9s korr\u00f3zi\u00f3 elleni v\u00e9delemhez<\/li>\n<li>M\u0171k\u00f6d\u00e9s minim\u00e1lis ken\u00e9s mellett<\/li>\n<\/ul>\n<p>Az SSA hagyom\u00e1nyait k\u00f6vetve ez a szolg\u00e1lati min\u0151s\u00edt\u00e9s\u0171 ravasz a k\u00f6vetkez\u0151ket k\u00edn\u00e1lja:<\/p>\n<ul>\n<li>Pontoss\u00e1g a hossz\u00fa t\u00e1v\u00fa l\u00f6v\u00e9sekhez<\/li>\n<li>Alkalmass\u00e1g k\u00f6zelharcra (CQB)<\/li>\n<\/ul>\n<p>A Geissele SSA X Ravasz jav\u00edtja az AR teljes\u00edtm\u00e9ny\u00e9t.<\/p>\n<\/div>\n","protected":false},"excerpt":{"rendered":"<p>Prec\u00edzi\u00f3s gy\u00e1rt\u00e1s\u00fa AR ravasz hibrid \u00edvvel a kiv\u00e1l\u00f3 ir\u00e1ny\u00edthat\u00f3s\u00e1g \u00e9s tart\u00f3ss\u00e1g \u00e9rdek\u00e9ben.<\/p>\n","protected":false},"featured_media":62107,"template":"","meta":{"_acf_changed":false},"product_brand":[11393],"product_cat":[12967,12916,12904],"product_tag":[],"class_list":{"0":"post-62106","1":"product","2":"type-product","3":"status-publish","4":"has-post-thumbnail","6":"product_brand-geissele","7":"product_cat-puska","8":"product_cat-puska-tuning","9":"product_cat-ravaszok","11":"first","12":"instock","13":"taxable","14":"shipping-taxable","15":"product-type-simple"},"acf":[],"_links":{"self":[{"href":"https:\/\/staging.nbg.eu\/hu\/wp-json\/wp\/v2\/product\/62106","targetHints":{"allow":["GET"]}}],"collection":[{"href":"https:\/\/staging.nbg.eu\/hu\/wp-json\/wp\/v2\/product"}],"about":[{"href":"https:\/\/staging.nbg.eu\/hu\/wp-json\/wp\/v2\/types\/product"}],"wp:featuredmedia":[{"embeddable":true,"href":"https:\/\/staging.nbg.eu\/hu\/wp-json\/wp\/v2\/media\/62107"}],"wp:attachment":[{"href":"https:\/\/staging.nbg.eu\/hu\/wp-json\/wp\/v2\/media?parent=62106"}],"wp:term":[{"taxonomy":"product_brand","embeddable":true,"href":"https:\/\/staging.nbg.eu\/hu\/wp-json\/wp\/v2\/product_brand?post=62106"},{"taxonomy":"product_cat","embeddable":true,"href":"https:\/\/staging.nbg.eu\/hu\/wp-json\/wp\/v2\/product_cat?post=62106"},{"taxonomy":"product_tag","embeddable":true,"href":"https:\/\/staging.nbg.eu\/hu\/wp-json\/wp\/v2\/product_tag?post=62106"}],"curies":[{"name":"wp","href":"https:\/\/api.w.org\/{rel}","templated":true}]}}