{"id":62043,"date":"2024-02-14T07:49:55","date_gmt":"2024-09-16T11:38:30","guid":{"rendered":"https:\/\/staging.nbg.eu\/product\/geissele-ssa-e-x-trigger-with-lightning-bow\/"},"modified":"2024-09-16T11:39:22","modified_gmt":"2024-09-16T11:39:22","slug":"geissele-ssa-e-x-ravasz-lightning-bow-val","status":"publish","type":"product","link":"https:\/\/staging.nbg.eu\/hu\/termek\/geissele-ssa-e-x-ravasz-lightning-bow-val\/","title":{"rendered":"Geissele SSA-E X Ravasz Lightning Bow-val"},"content":{"rendered":"<div class=\"product-description\">\n<h2>Geissele SSA-E X Ravasz Lightning Bow\u00ae technol\u00f3gi\u00e1val<\/h2>\n<p>Az SSA-E X\u2122 Lightning Bow\u00ae technol\u00f3gi\u00e1val a k\u00f6vetkez\u0151ket k\u00edn\u00e1lja:<\/p>\n<ul>\n<li>F\u00e9lig \u00edvelt, sz\u00e9les profil\u00fa kialak\u00edt\u00e1s<\/li>\n<li>Nanoweapon bevonat a tart\u00f3ss\u00e1g \u00e9rdek\u00e9ben<\/li>\n<li>K\u00f6nny\u0171 els\u0151 fokozat\u00fa h\u00faz\u00e1s<\/li>\n<li>Hat\u00e1rozott m\u00e1sodik fokozat\u00fa kiold\u00e1s<\/li>\n<\/ul>\n<p>Az SSA-E X\u2122 prec\u00edzi\u00f3s mesterl\u00f6v\u00e9sz pusk\u00e1khoz alkalmas. Egyedi kialak\u00edt\u00e1sa \u00f6tv\u00f6zi az \u00edvelt \u00e9s lapos ravaszh\u00faz\u00f3k el\u0151nyeit, \u00e9s minim\u00e1lis ken\u00e9s mellett is megfelel\u0151en m\u0171k\u00f6dik.<\/p>\n<\/div>\n","protected":false},"excerpt":{"rendered":"<p>Prec\u00edzi\u00f3s AR ravasz hibrid \u00edj kialak\u00edt\u00e1ssal a kiv\u00e1l\u00f3 ir\u00e1ny\u00edt\u00e1s \u00e9s pontoss\u00e1g \u00e9rdek\u00e9ben.<\/p>\n","protected":false},"featured_media":62044,"template":"","meta":{"_acf_changed":false},"product_brand":[11393],"product_cat":[12967,12916,12904],"product_tag":[],"class_list":{"0":"post-62043","1":"product","2":"type-product","3":"status-publish","4":"has-post-thumbnail","6":"product_brand-geissele","7":"product_cat-puska","8":"product_cat-puska-tuning","9":"product_cat-ravaszok","11":"first","12":"instock","13":"taxable","14":"shipping-taxable","15":"product-type-simple"},"acf":[],"_links":{"self":[{"href":"https:\/\/staging.nbg.eu\/hu\/wp-json\/wp\/v2\/product\/62043","targetHints":{"allow":["GET"]}}],"collection":[{"href":"https:\/\/staging.nbg.eu\/hu\/wp-json\/wp\/v2\/product"}],"about":[{"href":"https:\/\/staging.nbg.eu\/hu\/wp-json\/wp\/v2\/types\/product"}],"wp:featuredmedia":[{"embeddable":true,"href":"https:\/\/staging.nbg.eu\/hu\/wp-json\/wp\/v2\/media\/62044"}],"wp:attachment":[{"href":"https:\/\/staging.nbg.eu\/hu\/wp-json\/wp\/v2\/media?parent=62043"}],"wp:term":[{"taxonomy":"product_brand","embeddable":true,"href":"https:\/\/staging.nbg.eu\/hu\/wp-json\/wp\/v2\/product_brand?post=62043"},{"taxonomy":"product_cat","embeddable":true,"href":"https:\/\/staging.nbg.eu\/hu\/wp-json\/wp\/v2\/product_cat?post=62043"},{"taxonomy":"product_tag","embeddable":true,"href":"https:\/\/staging.nbg.eu\/hu\/wp-json\/wp\/v2\/product_tag?post=62043"}],"curies":[{"name":"wp","href":"https:\/\/api.w.org\/{rel}","templated":true}]}}