{"id":61979,"date":"2024-02-14T11:11:36","date_gmt":"2024-09-16T11:22:15","guid":{"rendered":"https:\/\/staging.nbg.eu\/product\/geissele-super-dynamic-enhanced-sd-e-trigger\/"},"modified":"2024-09-16T11:23:06","modified_gmt":"2024-09-16T11:23:06","slug":"geissele-super-dynamic-enhanced-sd-e-ravasz","status":"publish","type":"product","link":"https:\/\/staging.nbg.eu\/hu\/termek\/geissele-super-dynamic-enhanced-sd-e-ravasz\/","title":{"rendered":"Geissele Super Dynamic Enhanced (SD-E) Ravasz"},"content":{"rendered":"<div class=\"product-description\">\n<h2>Geissele Super Dynamic Enhanced (SD-E) Ravasz<\/h2>\n<p>A Geissele SD-E Ravasz egy k\u00e9tl\u00e9pcs\u0151s ravasz, amely a k\u00f6vetkez\u0151 jellemz\u0151kkel rendelkezik:<\/p>\n<ul>\n<li>Lapos ravasz\u00edv kialak\u00edt\u00e1s<\/li>\n<li>Finomhangolt mechanizmus a jobb ir\u00e1ny\u00edt\u00e1s\u00e9rt<\/li>\n<li>Jav\u00edtott fegyver pontoss\u00e1g<\/li>\n<li>Megb\u00edzhat\u00f3s\u00e1g<\/li>\n<\/ul>\n<p>Az SD-E az SSA-E lapos \u00edv\u0171 v\u00e1ltozata, azonos teljes\u00edtm\u00e9nnyel. A kialak\u00edt\u00e1s biztos\u00edtja:<\/p>\n<ul>\n<li>Hat\u00e1rozott els\u00fct\u00e9st<\/li>\n<li>Konzisztens h\u00faz\u00f3er\u0151t<\/li>\n<li>Gyorsabb ism\u00e9tl\u00e9st<\/li>\n<\/ul>\n<p>A Geissele SD-E Ravasz pontoss\u00e1got \u00e9s teljes\u00edtm\u00e9nyt k\u00edn\u00e1l.<\/p>\n<\/div>\n","protected":false},"excerpt":{"rendered":"<p>Prec\u00edzi\u00f3s lapos \u00edj\u00fa k\u00e9tfokozat\u00fa ravasz a jobb ir\u00e1ny\u00edthat\u00f3s\u00e1g \u00e9s pontoss\u00e1g \u00e9rdek\u00e9ben.<\/p>\n","protected":false},"featured_media":61980,"template":"","meta":{"_acf_changed":false},"product_brand":[11393],"product_cat":[12967,12916,12904],"product_tag":[],"class_list":{"0":"post-61979","1":"product","2":"type-product","3":"status-publish","4":"has-post-thumbnail","6":"product_brand-geissele","7":"product_cat-puska","8":"product_cat-puska-tuning","9":"product_cat-ravaszok","11":"first","12":"instock","13":"taxable","14":"shipping-taxable","15":"product-type-simple"},"acf":[],"_links":{"self":[{"href":"https:\/\/staging.nbg.eu\/hu\/wp-json\/wp\/v2\/product\/61979","targetHints":{"allow":["GET"]}}],"collection":[{"href":"https:\/\/staging.nbg.eu\/hu\/wp-json\/wp\/v2\/product"}],"about":[{"href":"https:\/\/staging.nbg.eu\/hu\/wp-json\/wp\/v2\/types\/product"}],"wp:featuredmedia":[{"embeddable":true,"href":"https:\/\/staging.nbg.eu\/hu\/wp-json\/wp\/v2\/media\/61980"}],"wp:attachment":[{"href":"https:\/\/staging.nbg.eu\/hu\/wp-json\/wp\/v2\/media?parent=61979"}],"wp:term":[{"taxonomy":"product_brand","embeddable":true,"href":"https:\/\/staging.nbg.eu\/hu\/wp-json\/wp\/v2\/product_brand?post=61979"},{"taxonomy":"product_cat","embeddable":true,"href":"https:\/\/staging.nbg.eu\/hu\/wp-json\/wp\/v2\/product_cat?post=61979"},{"taxonomy":"product_tag","embeddable":true,"href":"https:\/\/staging.nbg.eu\/hu\/wp-json\/wp\/v2\/product_tag?post=61979"}],"curies":[{"name":"wp","href":"https:\/\/api.w.org\/{rel}","templated":true}]}}