{"id":61917,"date":"2024-02-14T11:24:38","date_gmt":"2024-09-16T11:18:28","guid":{"rendered":"https:\/\/staging.nbg.eu\/product\/geissele-super-dynamic-3-gun-sd-3g-trigger\/"},"modified":"2024-09-16T11:19:19","modified_gmt":"2024-09-16T11:19:19","slug":"geissele-super-dynamic-3-gun-sd-3g-ravasz","status":"publish","type":"product","link":"https:\/\/staging.nbg.eu\/hu\/termek\/geissele-super-dynamic-3-gun-sd-3g-ravasz\/","title":{"rendered":"Geissele Super Dynamic 3 Gun (SD-3G) Ravasz"},"content":{"rendered":"<div class=\"product-description\">\n<h2>Geissele Super Dynamic 3 Gun (SD-3G) Els\u00fct\u0151szerkezet<\/h2>\n<p>A Geissele SD-3G els\u00fct\u0151szerkezet jellemz\u0151i:<\/p>\n<ul>\n<li>Lapos els\u00fct\u0151billenty\u0171 a cs\u00f6kkentett \u00e9rz\u00e9kelt h\u00faz\u00f3er\u0151 \u00e9rdek\u00e9ben<\/li>\n<li>Hibrid kialak\u00edt\u00e1s, amely \u00f6tv\u00f6zi az egyfokozat\u00fa \u00e9s k\u00e9tfokozat\u00fa els\u00fct\u0151szerkezetek tulajdons\u00e1gait<\/li>\n<li>R\u00f6vid\u00edtett h\u00faz\u00e1si hossz \u00e9s gyors vissza\u00e1ll\u00e1s<\/li>\n<li>Fokozott tapint\u00e1si visszajelz\u00e9s a jobb kezelhet\u0151s\u00e9g \u00e9rdek\u00e9ben<\/li>\n<li>3 Gun versenyekhez tervezve<\/li>\n<\/ul>\n<p>Alkalmas r\u00f6vid p\u00e1ly\u00e1s versenyekhez, ahol gyors c\u00e9lra tart\u00e1s \u00e9s gyors ism\u00e9tl\u0151 l\u00f6v\u00e9sek sz\u00fcks\u00e9gesek. Nem aj\u00e1nlott szolg\u00e1lati haszn\u00e1latra, bench rest vagy prec\u00edzi\u00f3s l\u00f6v\u00e9szetre.<\/p>\n<p><strong>Megjegyz\u00e9s:<\/strong> Az SD-3G nagy sebess\u00e9get biztos\u00edt, mik\u00f6zben megtartja egy k\u00e9tfokozat\u00fa harci els\u00fct\u0151szerkezet biztons\u00e1g\u00e1t \u00e9s megb\u00edzhat\u00f3s\u00e1g\u00e1t.<\/p>\n<\/div>\n","protected":false},"excerpt":{"rendered":"<p>Lapos \u00edj\u00fa 3-fegyveres ravasz: ultragyors, r\u00f6vid h\u00faz\u00e1s, gyors \u00fajrat\u00f6lt\u00e9s.<\/p>\n","protected":false},"featured_media":61918,"template":"","meta":{"_acf_changed":false},"product_brand":[11393],"product_cat":[12967,12916,12904],"product_tag":[],"class_list":{"0":"post-61917","1":"product","2":"type-product","3":"status-publish","4":"has-post-thumbnail","6":"product_brand-geissele","7":"product_cat-puska","8":"product_cat-puska-tuning","9":"product_cat-ravaszok","11":"first","12":"outofstock","13":"taxable","14":"shipping-taxable","15":"product-type-simple"},"acf":[],"_links":{"self":[{"href":"https:\/\/staging.nbg.eu\/hu\/wp-json\/wp\/v2\/product\/61917","targetHints":{"allow":["GET"]}}],"collection":[{"href":"https:\/\/staging.nbg.eu\/hu\/wp-json\/wp\/v2\/product"}],"about":[{"href":"https:\/\/staging.nbg.eu\/hu\/wp-json\/wp\/v2\/types\/product"}],"wp:featuredmedia":[{"embeddable":true,"href":"https:\/\/staging.nbg.eu\/hu\/wp-json\/wp\/v2\/media\/61918"}],"wp:attachment":[{"href":"https:\/\/staging.nbg.eu\/hu\/wp-json\/wp\/v2\/media?parent=61917"}],"wp:term":[{"taxonomy":"product_brand","embeddable":true,"href":"https:\/\/staging.nbg.eu\/hu\/wp-json\/wp\/v2\/product_brand?post=61917"},{"taxonomy":"product_cat","embeddable":true,"href":"https:\/\/staging.nbg.eu\/hu\/wp-json\/wp\/v2\/product_cat?post=61917"},{"taxonomy":"product_tag","embeddable":true,"href":"https:\/\/staging.nbg.eu\/hu\/wp-json\/wp\/v2\/product_tag?post=61917"}],"curies":[{"name":"wp","href":"https:\/\/api.w.org\/{rel}","templated":true}]}}