{"id":61855,"date":"2024-02-14T19:46:21","date_gmt":"2024-09-16T11:14:20","guid":{"rendered":"https:\/\/staging.nbg.eu\/product\/geissele-hk-mr-556-trigger\/"},"modified":"2024-09-16T11:15:10","modified_gmt":"2024-09-16T11:15:10","slug":"geissele-hk-mr-556-ravasz","status":"publish","type":"product","link":"https:\/\/staging.nbg.eu\/hu\/termek\/geissele-hk-mr-556-ravasz\/","title":{"rendered":"Geissele HK MR 556 Ravasz"},"content":{"rendered":"<h2>Geissele HK MR 556 Ravasz<\/h2>\n<p>Fejlessze HK 556 vagy f\u00e9lautomata HK 416 fegyver\u00e9t a Geissele HK MR 556 ravasszal. Az SSA Ravaszunkhoz hasonl\u00f3an ez a be\u00e9p\u00edthet\u0151 fejleszt\u00e9s a k\u00f6vetkez\u0151ket k\u00edn\u00e1lja:<\/p>\n<ul>\n<li>Jobb pontoss\u00e1g<\/li>\n<li>Sim\u00e1bb h\u00faz\u00e1s<\/li>\n<li>Gyorsabb ism\u00e9tl\u0151 l\u00f6v\u00e9sek<\/li>\n<li>Kompatibilis a HK 556 \u00e9s f\u00e9lautomata HK 416 modellekkel<\/li>\n<\/ul>\n<p>Fejlessze l\u00f6v\u00e9szeti \u00e9lm\u00e9ny\u00e9t a Geissele term\u00e9k\u00e9vel.<\/p>\n","protected":false},"excerpt":{"rendered":"<p>Prec\u00edzi\u00f3s HK MR 556\/416 els\u00fct\u0151szerkezet. SSA-szer\u0171 teljes\u00edtm\u00e9ny a fokozott pontoss\u00e1g\u00e9rt.<\/p>\n","protected":false},"featured_media":61856,"template":"","meta":{"_acf_changed":false},"product_brand":[11393],"product_cat":[12967,12916,12904],"product_tag":[],"class_list":{"0":"post-61855","1":"product","2":"type-product","3":"status-publish","4":"has-post-thumbnail","6":"product_brand-geissele","7":"product_cat-puska","8":"product_cat-puska-tuning","9":"product_cat-ravaszok","11":"first","12":"instock","13":"taxable","14":"shipping-taxable","15":"product-type-simple"},"acf":[],"_links":{"self":[{"href":"https:\/\/staging.nbg.eu\/hu\/wp-json\/wp\/v2\/product\/61855","targetHints":{"allow":["GET"]}}],"collection":[{"href":"https:\/\/staging.nbg.eu\/hu\/wp-json\/wp\/v2\/product"}],"about":[{"href":"https:\/\/staging.nbg.eu\/hu\/wp-json\/wp\/v2\/types\/product"}],"wp:featuredmedia":[{"embeddable":true,"href":"https:\/\/staging.nbg.eu\/hu\/wp-json\/wp\/v2\/media\/61856"}],"wp:attachment":[{"href":"https:\/\/staging.nbg.eu\/hu\/wp-json\/wp\/v2\/media?parent=61855"}],"wp:term":[{"taxonomy":"product_brand","embeddable":true,"href":"https:\/\/staging.nbg.eu\/hu\/wp-json\/wp\/v2\/product_brand?post=61855"},{"taxonomy":"product_cat","embeddable":true,"href":"https:\/\/staging.nbg.eu\/hu\/wp-json\/wp\/v2\/product_cat?post=61855"},{"taxonomy":"product_tag","embeddable":true,"href":"https:\/\/staging.nbg.eu\/hu\/wp-json\/wp\/v2\/product_tag?post=61855"}],"curies":[{"name":"wp","href":"https:\/\/api.w.org\/{rel}","templated":true}]}}