{"id":61793,"date":"2024-02-14T19:52:46","date_gmt":"2024-09-16T11:12:28","guid":{"rendered":"https:\/\/staging.nbg.eu\/product\/geissele-hk-mr-762-trigger\/"},"modified":"2024-09-16T11:13:19","modified_gmt":"2024-09-16T11:13:19","slug":"geissele-hk-mr-762-ravasz","status":"publish","type":"product","link":"https:\/\/staging.nbg.eu\/hu\/termek\/geissele-hk-mr-762-ravasz\/","title":{"rendered":"Geissele HK MR 762 Ravasz"},"content":{"rendered":"<div class=\"product-description\">\n<h2>Geissele HK MR 762 Els\u00fct\u0151szerkezet<\/h2>\n<p>HK 762 vagy f\u00e9lautomata HK 417 fegyver\u00e9hez. A Geissele HK MR 762 els\u00fct\u0151szerkezet, hasonl\u00f3an az SSA els\u00fct\u0151szerkezethez, a k\u00f6vetkez\u0151ket k\u00edn\u00e1lja:<\/p>\n<ul>\n<li>Egyenletes h\u00faz\u00e1s<\/li>\n<li>Jobb pontoss\u00e1g<\/li>\n<li>Kompatibilis HK 762 \u00e9s HK 417 modellekkel<\/li>\n<li>Tart\u00f3s szerkezet<\/li>\n<\/ul>\n<p>Geissele els\u00fct\u0151szerkezet technol\u00f3gi\u00e1ja.<\/p>\n<\/div>\n","protected":false},"excerpt":{"rendered":"<p>Prec\u00edzi\u00f3s SSA-st\u00edlus\u00fa els\u00fct\u0151szerkezet HK 762 \u00e9s f\u00e9lautomata HK 417 pusk\u00e1khoz.<\/p>\n","protected":false},"featured_media":61794,"template":"","meta":{"_acf_changed":false},"product_brand":[11393],"product_cat":[12967,12916,12904],"product_tag":[],"class_list":{"0":"post-61793","1":"product","2":"type-product","3":"status-publish","4":"has-post-thumbnail","6":"product_brand-geissele","7":"product_cat-puska","8":"product_cat-puska-tuning","9":"product_cat-ravaszok","11":"first","12":"instock","13":"taxable","14":"shipping-taxable","15":"product-type-simple"},"acf":[],"_links":{"self":[{"href":"https:\/\/staging.nbg.eu\/hu\/wp-json\/wp\/v2\/product\/61793","targetHints":{"allow":["GET"]}}],"collection":[{"href":"https:\/\/staging.nbg.eu\/hu\/wp-json\/wp\/v2\/product"}],"about":[{"href":"https:\/\/staging.nbg.eu\/hu\/wp-json\/wp\/v2\/types\/product"}],"wp:featuredmedia":[{"embeddable":true,"href":"https:\/\/staging.nbg.eu\/hu\/wp-json\/wp\/v2\/media\/61794"}],"wp:attachment":[{"href":"https:\/\/staging.nbg.eu\/hu\/wp-json\/wp\/v2\/media?parent=61793"}],"wp:term":[{"taxonomy":"product_brand","embeddable":true,"href":"https:\/\/staging.nbg.eu\/hu\/wp-json\/wp\/v2\/product_brand?post=61793"},{"taxonomy":"product_cat","embeddable":true,"href":"https:\/\/staging.nbg.eu\/hu\/wp-json\/wp\/v2\/product_cat?post=61793"},{"taxonomy":"product_tag","embeddable":true,"href":"https:\/\/staging.nbg.eu\/hu\/wp-json\/wp\/v2\/product_tag?post=61793"}],"curies":[{"name":"wp","href":"https:\/\/api.w.org\/{rel}","templated":true}]}}