{"id":61719,"date":"2024-02-14T19:58:42","date_gmt":"2024-09-16T11:07:42","guid":{"rendered":"https:\/\/staging.nbg.eu\/product\/geissele-10-5-super-modular-rail-mk16-m-lok\/"},"modified":"2024-09-16T11:08:37","modified_gmt":"2024-09-16T11:08:37","slug":"geissele-105-super-modularis-sin-mk16-m-lok","status":"publish","type":"product","link":"https:\/\/staging.nbg.eu\/hu\/termek\/geissele-105-super-modularis-sin-mk16-m-lok\/","title":{"rendered":"Geissele 10.5&#8243; Super Modularis Sin MK16 M-LOK"},"content":{"rendered":"<h2 style=\"text-align: center\"><b>10,5\u2033 Super Modular Rail MK16 M-LOK\u00ae<\/b><\/h2>\n<p>A Geissele Super Modular Rail MK16 az AR-15 fels\u0151h\u00f6z csatlakozik a Geissele cs\u0151anya friss\u00edtett verzi\u00f3j\u00e1val. K\u00f6nnyen telep\u00edthet\u0151 \u00e9s karbantarthat\u00f3, \u00e9s kiv\u00e1l\u00f3 merevs\u00e9get biztos\u00edt. Az elfordul\u00e1s-g\u00e1tl\u00f3 f\u00fclek \u00e9s csavarok biztos\u00edtj\u00e1k, hogy a s\u00edn ne forduljon el m\u00e9g extr\u00e9m haszn\u00e1lati k\u00f6r\u00fclm\u00e9nyek k\u00f6z\u00f6tt sem. M<b>1913 picatinny s\u00edn fel\u00fcl \u00e9s M-LOK\u2122<\/b> ny\u00edl\u00e1sok minden negyeden maxim\u00e1lis testreszabhat\u00f3s\u00e1got biztos\u00edtanak. A Geissele SMR MK16 <b>7000-es sorozat\u00fa alum\u00edniumb\u00f3l<\/b> k\u00e9sz\u00fcl er\u0151s, merev \u00e9s k\u00f6nny\u0171 tulajdons\u00e1gai miatt, \u00e9s tart\u00f3s 3-as t\u00edpus\u00fa kem\u00e9nybevonat\u00fa elox\u00e1l\u00e1ssal van ell\u00e1tva.<\/p>\n<p>A Super Modular Rail 13,5&#8243; (SMR) MK16 M-LOK\u00ae, NSN# 1005-01-672-4794 (13,5&#8243;), <b>az USASOC \u00e1ltal ker\u00fclt elfogad\u00e1sra az URG-I programban (Fejlesztett Fels\u0151 Vev\u0151csoport)<\/b>.<\/p>\n<p>&nbsp;<\/p>\n<h2 style=\"text-align: center\"><strong>SPECIFIK\u00c1CI\u00d3K<\/strong><\/h2>\n<hr \/>\n<table border=\"1\">\n<tbody>\n<tr>\n<td><strong>MAGASS\u00c1G: <\/strong><\/td>\n<td> 2,39&#8243;<\/td>\n<\/tr>\n<tr>\n<td><strong>SZ\u00cdN: <\/strong><\/td>\n<td> Fekete, DDC, Sz\u00fcrke, ODG<\/td>\n<\/tr>\n<tr>\n<td><strong>ANYAG: <\/strong><\/td>\n<td> 7000-es sorozat\u00fa alum\u00ednium<\/td>\n<\/tr>\n<tr>\n<td><strong>BEVONAT: <\/strong><\/td>\n<td> 3-as t\u00edpus\u00fa kem\u00e9nybevonat\u00fa elox\u00e1l\u00e1s<\/td>\n<\/tr>\n<tr>\n<td><strong>EL\u00c9RHET\u0150 HOSSZ\u00daS\u00c1GOK: <\/strong><\/td>\n<td> 9,3&#8243;, 10,5&#8243;, 13,5&#8243;, 15&#8243;<\/td>\n<\/tr>\n<tr>\n<td><strong>BELS\u0150 \u00c1TM\u00c9R\u0150: <\/strong><\/td>\n<td> 1,26&#8243;<\/td>\n<\/tr>\n<tr>\n<td><strong>K\u00dcLS\u0150 \u00c1TM\u00c9R\u0150 (NTT*): <\/strong><\/td>\n<td> 1,59&#8243;<\/td>\n<\/tr>\n<tr>\n<td><strong>SMR MK16 9,3&#8243; S\u00daLY: <\/strong><\/td>\n<td> 286 g (333 g cs\u0151any\u00e1val)<\/td>\n<\/tr>\n<tr>\n<td><strong>SMR MK16 10,5&#8243; S\u00daLY: <\/strong><\/td>\n<td> 312 g (357 g cs\u0151any\u00e1val)<\/td>\n<\/tr>\n<tr>\n<td><strong>SMR MK16 13,5&#8243; S\u00daLY: <\/strong><\/td>\n<td> 380 g (422 g cs\u0151any\u00e1val)<\/td>\n<\/tr>\n<tr>\n<td><strong>SMR MK16 15&#8243; S\u00daLY: <\/strong><\/td>\n<td> 403 g (448 g cs\u0151any\u00e1val)<\/td>\n<\/tr>\n<\/tbody>\n<\/table>\n<p><em>*NTT &#8211; Negyedek T\u00e1vols\u00e1ga<\/em><\/p>\n","protected":false},"excerpt":{"rendered":"<p><strong>P\u00e1ratlan teljes\u00edtm\u00e9ny a legig\u00e9nyesebb l\u00f6v\u00e9szek sz\u00e1m\u00e1ra<\/strong><\/p>\n","protected":false},"featured_media":61720,"template":"","meta":{"_acf_changed":false},"product_brand":[11393],"product_cat":[12964,12967,12916,12915],"product_tag":[],"class_list":{"0":"post-61719","1":"product","2":"type-product","3":"status-publish","4":"has-post-thumbnail","6":"product_brand-geissele","7":"product_cat-karabelyok","8":"product_cat-puska","9":"product_cat-puska-tuning","10":"product_cat-sinek","12":"first","13":"instock","14":"taxable","15":"shipping-taxable","16":"product-type-variable","17":"wvs-archive-product-wrapper"},"acf":[],"_links":{"self":[{"href":"https:\/\/staging.nbg.eu\/hu\/wp-json\/wp\/v2\/product\/61719","targetHints":{"allow":["GET"]}}],"collection":[{"href":"https:\/\/staging.nbg.eu\/hu\/wp-json\/wp\/v2\/product"}],"about":[{"href":"https:\/\/staging.nbg.eu\/hu\/wp-json\/wp\/v2\/types\/product"}],"wp:featuredmedia":[{"embeddable":true,"href":"https:\/\/staging.nbg.eu\/hu\/wp-json\/wp\/v2\/media\/61720"}],"wp:attachment":[{"href":"https:\/\/staging.nbg.eu\/hu\/wp-json\/wp\/v2\/media?parent=61719"}],"wp:term":[{"taxonomy":"product_brand","embeddable":true,"href":"https:\/\/staging.nbg.eu\/hu\/wp-json\/wp\/v2\/product_brand?post=61719"},{"taxonomy":"product_cat","embeddable":true,"href":"https:\/\/staging.nbg.eu\/hu\/wp-json\/wp\/v2\/product_cat?post=61719"},{"taxonomy":"product_tag","embeddable":true,"href":"https:\/\/staging.nbg.eu\/hu\/wp-json\/wp\/v2\/product_tag?post=61719"}],"curies":[{"name":"wp","href":"https:\/\/api.w.org\/{rel}","templated":true}]}}