{"id":61527,"date":"2024-02-14T20:12:21","date_gmt":"2024-09-16T10:54:36","guid":{"rendered":"https:\/\/staging.nbg.eu\/product\/geissele-13-5-super-modular-rail-mk16-m-lok\/"},"modified":"2024-09-16T11:03:15","modified_gmt":"2024-09-16T11:03:15","slug":"geissele-135-super-modularis-sin-mk16-m-lok","status":"publish","type":"product","link":"https:\/\/staging.nbg.eu\/hu\/termek\/geissele-135-super-modularis-sin-mk16-m-lok\/","title":{"rendered":"Geissele 13.5&#8243; Super Modularis Sin MK16 M-LOK"},"content":{"rendered":"<h2 style=\"text-align: center\"><b>13,5&#8243; Super Modular Rail MK16 M-LOK\u00ae<\/b><\/h2>\n<p>A Geissele Super Modular Rail MK16 teljes\u00edtm\u00e9nyt k\u00edn\u00e1l az ig\u00e9nyes l\u00f6v\u00e9szeknek. Az AR-15 fels\u0151 r\u00e9sz\u00e9re a Geissele cs\u0151anya friss\u00edtett v\u00e1ltozat\u00e1val szerelhet\u0151, az MK16 k\u00f6nnyen telep\u00edthet\u0151 \u00e9s karbantarthat\u00f3, valamint kiv\u00e1l\u00f3 merevs\u00e9get biztos\u00edt. Az elfordul\u00e1st g\u00e1tl\u00f3 f\u00fclek \u00e9s csavarok biztos\u00edtj\u00e1k, hogy a s\u00edn ne forduljon el, m\u00e9g extr\u00e9m haszn\u00e1lati k\u00f6r\u00fclm\u00e9nyek k\u00f6z\u00f6tt sem. <b>M1913 picatinny s\u00edn fel\u00fcl \u00e9s M-LOK\u2122<\/b> ny\u00edl\u00e1sok minden negyeden maxim\u00e1lis testreszab\u00e1st biztos\u00edtanak a kieg\u00e9sz\u00edt\u0151kh\u00f6z. A Geissele SMR MK16 prec\u00edzi\u00f3s megmunk\u00e1l\u00e1ssal k\u00e9sz\u00fcl <b>7000-es sorozat\u00fa alum\u00edniumb\u00f3l<\/b> annak er\u0151s, merev \u00e9s k\u00f6nny\u0171 tulajdons\u00e1gai miatt, \u00e9s tart\u00f3s 3-as t\u00edpus\u00fa kem\u00e9nybevonat\u00fa elox\u00e1l\u00e1ssal van ell\u00e1tva.<\/p>\n<p>A Super Modular Rail 13,5&#8243; (SMR) MK16 M-LOK\u00ae, NSN# 1005-01-672-4794 (13,5&#8243;), <b>az USASOC \u00e1ltal elfogadott az URG-I programhoz (Tov\u00e1bbfejlesztett Fels\u0151 Vev\u0151csoport)<\/b>.<\/p>\n<p>&nbsp;<\/p>\n<h2 style=\"text-align: center\"><strong>SPECIFIK\u00c1CI\u00d3K<\/strong><\/h2>\n<hr \/>\n<table border=\"1\">\n<tbody>\n<tr>\n<td><strong>MAGASS\u00c1G: <\/strong><\/td>\n<td> 2,39&#8243;<\/td>\n<\/tr>\n<tr>\n<td><strong>SZ\u00cdN: <\/strong><\/td>\n<td> Fekete, DDC, Sz\u00fcrke, ODG<\/td>\n<\/tr>\n<tr>\n<td><strong>ANYAG: <\/strong><\/td>\n<td> 7000-es sorozat\u00fa alum\u00ednium<\/td>\n<\/tr>\n<tr>\n<td><strong>FEL\u00dcLET: <\/strong><\/td>\n<td> 3-as t\u00edpus\u00fa kem\u00e9nybevonat\u00fa elox\u00e1l\u00e1s<\/td>\n<\/tr>\n<tr>\n<td><strong>EL\u00c9RHET\u0150 HOSSZ\u00daS\u00c1GOK: <\/strong><\/td>\n<td> 9,3&#8243;, 10,5&#8243;, 13,5&#8243;, 15&#8243;<\/td>\n<\/tr>\n<tr>\n<td><strong>BELS\u0150 \u00c1TM\u00c9R\u0150: <\/strong><\/td>\n<td> 1,26&#8243;<\/td>\n<\/tr>\n<tr>\n<td><strong>K\u00dcLS\u0150 \u00c1TM\u00c9R\u0150 (DN\u00c1*): <\/strong><\/td>\n<td> 1,59&#8243;<\/td>\n<\/tr>\n<tr>\n<td><strong>SMR MK16 9,3&#8243; S\u00daLY: <\/strong><\/td>\n<td> 10,1 uncia (11,74 uncia cs\u0151any\u00e1val)<\/td>\n<\/tr>\n<tr>\n<td><strong>SMR MK16 10,5&#8243; S\u00daLY: <\/strong><\/td>\n<td> 11 uncia (12,6 uncia cs\u0151any\u00e1val)<\/td>\n<\/tr>\n<tr>\n<td><strong>SMR MK16 13,5&#8243; S\u00daLY: <\/strong><\/td>\n<td> 13,4 uncia (14,9 uncia cs\u0151any\u00e1val)<\/td>\n<\/tr>\n<tr>\n<td><strong>SMR MK16 15&#8243; S\u00daLY: <\/strong><\/td>\n<td> 14,2 uncia (15,8 uncia cs\u0151any\u00e1val)<\/td>\n<\/tr>\n<\/tbody>\n<\/table>\n","protected":false},"excerpt":{"rendered":"<p><strong>P\u00e1ratlan Teljes\u00edtm\u00e9ny A Legig\u00e9nyesebb L\u00f6v\u00e9szek Sz\u00e1m\u00e1ra<\/strong><\/p>\n","protected":false},"featured_media":61528,"template":"","meta":{"_acf_changed":false},"product_brand":[11393],"product_cat":[12964,12967,12916,12915],"product_tag":[],"class_list":{"0":"post-61527","1":"product","2":"type-product","3":"status-publish","4":"has-post-thumbnail","6":"product_brand-geissele","7":"product_cat-karabelyok","8":"product_cat-puska","9":"product_cat-puska-tuning","10":"product_cat-sinek","12":"first","13":"instock","14":"taxable","15":"shipping-taxable","16":"product-type-variable","17":"wvs-archive-product-wrapper"},"acf":[],"_links":{"self":[{"href":"https:\/\/staging.nbg.eu\/hu\/wp-json\/wp\/v2\/product\/61527","targetHints":{"allow":["GET"]}}],"collection":[{"href":"https:\/\/staging.nbg.eu\/hu\/wp-json\/wp\/v2\/product"}],"about":[{"href":"https:\/\/staging.nbg.eu\/hu\/wp-json\/wp\/v2\/types\/product"}],"wp:featuredmedia":[{"embeddable":true,"href":"https:\/\/staging.nbg.eu\/hu\/wp-json\/wp\/v2\/media\/61528"}],"wp:attachment":[{"href":"https:\/\/staging.nbg.eu\/hu\/wp-json\/wp\/v2\/media?parent=61527"}],"wp:term":[{"taxonomy":"product_brand","embeddable":true,"href":"https:\/\/staging.nbg.eu\/hu\/wp-json\/wp\/v2\/product_brand?post=61527"},{"taxonomy":"product_cat","embeddable":true,"href":"https:\/\/staging.nbg.eu\/hu\/wp-json\/wp\/v2\/product_cat?post=61527"},{"taxonomy":"product_tag","embeddable":true,"href":"https:\/\/staging.nbg.eu\/hu\/wp-json\/wp\/v2\/product_tag?post=61527"}],"curies":[{"name":"wp","href":"https:\/\/api.w.org\/{rel}","templated":true}]}}