{"id":61045,"date":"2024-02-14T20:33:29","date_gmt":"2024-09-16T10:40:17","guid":{"rendered":"https:\/\/staging.nbg.eu\/product\/geissele-16-super-modular-rail-mk18-m-lok\/"},"modified":"2024-09-16T10:41:14","modified_gmt":"2024-09-16T10:41:14","slug":"geissele-16-super-modularis-sin-mk18-m-lok","status":"publish","type":"product","link":"https:\/\/staging.nbg.eu\/hu\/termek\/geissele-16-super-modularis-sin-mk18-m-lok\/","title":{"rendered":"Geissele 16&#8243; Super Modularis Sin MK18 M-LOK"},"content":{"rendered":"<h2 style=\"text-align: center\"><b>16&#8243; Super Modular Rail MK18 M-LOK\u00ae<\/b><\/h2>\n<p>Az MK18 a Geissele Super Modular s\u00ednek leg\u00fajabb tagja, kifejezetten az Arca-Swiss gyorskiold\u00f3 rendszerhez tervezve. Ez az \u00faj el\u0151agy az MK16 M-LOK Super Modular Rail alapj\u00e1n k\u00e9sz\u00fclt, kis \u00e1tm\u00e9r\u0151vel \u00e9s magass\u00e1ggal, karcs\u00fa profilt biztos\u00edtva. Az MK18 lapos alapja 35 mm sz\u00e9les, 45 fokos fecskefarkkal, amely lehet\u0151v\u00e9 teszi a gyors r\u00f6gz\u00edt\u00e9st Arca-Swiss gyorskiold\u00f3 r\u00f6gz\u00edt\u0151alaphoz. Az MK18 a Geissele 2,25 h\u00fcvelyk hossz\u00fa cs\u0151any\u00e1j\u00e1val rendelkezik, amely illeszkedik a tokhoz \u00e9s egyenes alapot biztos\u00edt a teljes hosszon. A 16 h\u00fcvelyk hossz\u00fa MK18 3D prec\u00edzi\u00f3s megmunk\u00e1l\u00e1ssal k\u00e9sz\u00fcl 7000-es sorozat\u00fa alum\u00edniumb\u00f3l.<\/p>\n<p>Magpul M-LOK technol\u00f3gi\u00e1t haszn\u00e1l a f\u0151 3 negyedben (bal, jobb \u00e9s als\u00f3), valamint a fels\u0151 45 fokban. Az MK18 Super Modular s\u00edn Type 3 kem\u00e9ny elox\u00e1lt bevonattal rendelkezik, fekete vagy Geissele DDC sz\u00ednben.<\/p>\n<p>A Geissele Super Modular Rail MK18 kompatibilis a katonai szabv\u00e1ny\u00fa AR15 t\u00edpus\u00fa pusk\u00e1kkal.<\/p>\n<h2 style=\"text-align: center\"><strong>SPECIFIK\u00c1CI\u00d3K<\/strong><\/h2>\n<hr \/>\n<table border=\"1\">\n<tbody>\n<tr>\n<td><strong>MAGASS\u00c1G: <\/strong><\/td>\n<td> 2,08<\/td>\n<\/tr>\n<tr>\n<td><strong>SZ\u00cdN: <\/strong><\/td>\n<td> DDC \/ Fekete<\/td>\n<\/tr>\n<tr>\n<td><strong>ANYAG: <\/strong><\/td>\n<td> 7000-es sorozat\u00fa alum\u00ednium<\/td>\n<\/tr>\n<tr>\n<td><strong>FEL\u00dcLET: <\/strong><\/td>\n<td> Type 3 kem\u00e9ny elox\u00e1lt<\/td>\n<\/tr>\n<tr>\n<td><strong>HOSSZ: <\/strong><\/td>\n<td> 16,5&#8243;<\/td>\n<\/tr>\n<tr>\n<td><strong>BELS\u0150 \u00c1TM\u00c9R\u0150: <\/strong><\/td>\n<td> 1,26&#8243;<\/td>\n<\/tr>\n<tr>\n<td><strong>K\u00dcLS\u0150 \u00c1TM\u00c9R\u0150 (DAQ*): <\/strong><\/td>\n<td> 1,59&#8243;<\/td>\n<\/tr>\n<tr>\n<td><strong>SMR MK18 S\u00daLY: <\/strong><\/td>\n<td> 17 uncia (18,4 uncia cs\u0151any\u00e1val)<\/td>\n<\/tr>\n<\/tbody>\n<\/table>\n<p>&nbsp;<\/p>\n<p><em>*DAQ &#8211; T\u00e1vols\u00e1g a negyedek k\u00f6z\u00f6tt<\/em><\/p>\n","protected":false},"excerpt":{"rendered":"<p><strong>Az Arca-Swiss gyorskiold\u00f3 rendszerhez val\u00f3 csatlakoz\u00e1sra tervezve<\/strong><\/p>\n","protected":false},"featured_media":61046,"template":"","meta":{"_acf_changed":false},"product_brand":[11393],"product_cat":[12964,12967,12916,12915],"product_tag":[],"class_list":{"0":"post-61045","1":"product","2":"type-product","3":"status-publish","4":"has-post-thumbnail","6":"product_brand-geissele","7":"product_cat-karabelyok","8":"product_cat-puska","9":"product_cat-puska-tuning","10":"product_cat-sinek","12":"first","13":"outofstock","14":"taxable","15":"shipping-taxable","16":"product-type-variable","17":"wvs-archive-product-wrapper"},"acf":[],"_links":{"self":[{"href":"https:\/\/staging.nbg.eu\/hu\/wp-json\/wp\/v2\/product\/61045","targetHints":{"allow":["GET"]}}],"collection":[{"href":"https:\/\/staging.nbg.eu\/hu\/wp-json\/wp\/v2\/product"}],"about":[{"href":"https:\/\/staging.nbg.eu\/hu\/wp-json\/wp\/v2\/types\/product"}],"wp:featuredmedia":[{"embeddable":true,"href":"https:\/\/staging.nbg.eu\/hu\/wp-json\/wp\/v2\/media\/61046"}],"wp:attachment":[{"href":"https:\/\/staging.nbg.eu\/hu\/wp-json\/wp\/v2\/media?parent=61045"}],"wp:term":[{"taxonomy":"product_brand","embeddable":true,"href":"https:\/\/staging.nbg.eu\/hu\/wp-json\/wp\/v2\/product_brand?post=61045"},{"taxonomy":"product_cat","embeddable":true,"href":"https:\/\/staging.nbg.eu\/hu\/wp-json\/wp\/v2\/product_cat?post=61045"},{"taxonomy":"product_tag","embeddable":true,"href":"https:\/\/staging.nbg.eu\/hu\/wp-json\/wp\/v2\/product_tag?post=61045"}],"curies":[{"name":"wp","href":"https:\/\/api.w.org\/{rel}","templated":true}]}}