{"id":60827,"date":"2024-02-14T20:38:31","date_gmt":"2024-09-16T10:32:09","guid":{"rendered":"https:\/\/staging.nbg.eu\/product\/alg-defense-emr-v3x-15-handguard-black\/"},"modified":"2024-09-16T10:32:59","modified_gmt":"2024-09-16T10:32:59","slug":"alg-defense-emr-v3x-15-eloagy-fekete","status":"publish","type":"product","link":"https:\/\/staging.nbg.eu\/hu\/termek\/alg-defense-emr-v3x-15-eloagy-fekete\/","title":{"rendered":"ALG Defense EMR V3X 15&#8243; Eloagy &#8211; Fekete"},"content":{"rendered":"<p>Az ALG Defense EMR V3X 15&#8243; Handguard fekete sz\u00ednben M-LOK rendszerrel rendelkezik. Kieg\u00e9sz\u00edt\u0151k r\u00f6gz\u00edthet\u0151k 2, 4, 6, 8 \u00e9s 10 \u00f3ra poz\u00edci\u00f3kban. Teljes hossz\u00fas\u00e1g\u00fa M1913 picatinny s\u00edn tal\u00e1lhat\u00f3 12 \u00f3ra poz\u00edci\u00f3ban ir\u00e1nyz\u00e9kok, l\u00e9zerek, l\u00e1mp\u00e1k \u00e9s egy\u00e9b optik\u00e1k r\u00f6gz\u00edt\u00e9s\u00e9hez. A fegyver egy\u00e9ni ig\u00e9nyekhez val\u00f3 alak\u00edt\u00e1s\u00e1ra alkalmas.<\/p>\n","protected":false},"excerpt":{"rendered":"<p>Sokoldal\u00fa 15&#8243; M-LOK el\u0151agy teljes hossz\u00fas\u00e1g\u00fa Picatinny s\u00ednnel.<\/p>\n","protected":false},"featured_media":60828,"template":"","meta":{"_acf_changed":false},"product_brand":[11393],"product_cat":[12967,12916,12915],"product_tag":[],"class_list":{"0":"post-60827","1":"product","2":"type-product","3":"status-publish","4":"has-post-thumbnail","6":"product_brand-geissele","7":"product_cat-puska","8":"product_cat-puska-tuning","9":"product_cat-sinek","11":"first","12":"instock","13":"taxable","14":"shipping-taxable","15":"product-type-simple"},"acf":[],"_links":{"self":[{"href":"https:\/\/staging.nbg.eu\/hu\/wp-json\/wp\/v2\/product\/60827","targetHints":{"allow":["GET"]}}],"collection":[{"href":"https:\/\/staging.nbg.eu\/hu\/wp-json\/wp\/v2\/product"}],"about":[{"href":"https:\/\/staging.nbg.eu\/hu\/wp-json\/wp\/v2\/types\/product"}],"wp:featuredmedia":[{"embeddable":true,"href":"https:\/\/staging.nbg.eu\/hu\/wp-json\/wp\/v2\/media\/60828"}],"wp:attachment":[{"href":"https:\/\/staging.nbg.eu\/hu\/wp-json\/wp\/v2\/media?parent=60827"}],"wp:term":[{"taxonomy":"product_brand","embeddable":true,"href":"https:\/\/staging.nbg.eu\/hu\/wp-json\/wp\/v2\/product_brand?post=60827"},{"taxonomy":"product_cat","embeddable":true,"href":"https:\/\/staging.nbg.eu\/hu\/wp-json\/wp\/v2\/product_cat?post=60827"},{"taxonomy":"product_tag","embeddable":true,"href":"https:\/\/staging.nbg.eu\/hu\/wp-json\/wp\/v2\/product_tag?post=60827"}],"curies":[{"name":"wp","href":"https:\/\/api.w.org\/{rel}","templated":true}]}}