{"id":60418,"date":"2024-02-15T07:17:14","date_gmt":"2024-02-15T07:17:14","guid":{"rendered":"https:\/\/staging.nbg.eu\/product\/geissele-super-42-rifle-length-spring\/"},"modified":"2024-09-13T16:16:36","modified_gmt":"2024-09-13T16:16:36","slug":"geissele-super-42-puska-hosszusagu-rugo","status":"publish","type":"product","link":"https:\/\/staging.nbg.eu\/hu\/termek\/geissele-super-42-puska-hosszusagu-rugo\/","title":{"rendered":"Geissele Super 42 Puska Hosszusagu Rugo"},"content":{"rendered":"<p>\nA Geissele Super 42 puskahossz\u00fas\u00e1g\u00fa rug\u00f3 jav\u00edtja az M-16\/AR-15 teljes\u00edtm\u00e9ny\u00e9t. H\u00e1rmas huzalszerkezet\u0171 kialak\u00edt\u00e1sa harmonikus csillap\u00edt\u00f3k\u00e9nt m\u0171k\u00f6dik, energi\u00e1t nyel el \u00e9s cs\u00f6kkenti a rug\u00f3 meghib\u00e1sod\u00e1s\u00e1t. N\u00f6veli a megb\u00edzhat\u00f3s\u00e1got, cs\u00f6kkenti a &#8222;cseng\u0151&#8221; hangot, \u00e9s kompatibilis a szabv\u00e1nyos puskahossz\u00fas\u00e1g\u00fa \u00fctk\u00f6z\u0151kkel \u00e9s cs\u00f6vekkel. <\/p>\n","protected":false},"excerpt":{"rendered":"<p>Fokozza az AR-15 teljes\u00edtm\u00e9ny\u00e9t a Geissele innovat\u00edv 3 sz\u00e1l\u00fa rug\u00f3j\u00e1val.<\/p>\n","protected":false},"featured_media":60419,"template":"","meta":{"_acf_changed":false},"product_brand":[11393],"product_cat":[12967,12916,12978],"product_tag":[],"class_list":{"0":"post-60418","1":"product","2":"type-product","3":"status-publish","4":"has-post-thumbnail","6":"product_brand-geissele","7":"product_cat-puska","8":"product_cat-puska-tuning","9":"product_cat-rugok","11":"first","12":"instock","13":"taxable","14":"shipping-taxable","15":"product-type-simple"},"acf":[],"_links":{"self":[{"href":"https:\/\/staging.nbg.eu\/hu\/wp-json\/wp\/v2\/product\/60418","targetHints":{"allow":["GET"]}}],"collection":[{"href":"https:\/\/staging.nbg.eu\/hu\/wp-json\/wp\/v2\/product"}],"about":[{"href":"https:\/\/staging.nbg.eu\/hu\/wp-json\/wp\/v2\/types\/product"}],"wp:featuredmedia":[{"embeddable":true,"href":"https:\/\/staging.nbg.eu\/hu\/wp-json\/wp\/v2\/media\/60419"}],"wp:attachment":[{"href":"https:\/\/staging.nbg.eu\/hu\/wp-json\/wp\/v2\/media?parent=60418"}],"wp:term":[{"taxonomy":"product_brand","embeddable":true,"href":"https:\/\/staging.nbg.eu\/hu\/wp-json\/wp\/v2\/product_brand?post=60418"},{"taxonomy":"product_cat","embeddable":true,"href":"https:\/\/staging.nbg.eu\/hu\/wp-json\/wp\/v2\/product_cat?post=60418"},{"taxonomy":"product_tag","embeddable":true,"href":"https:\/\/staging.nbg.eu\/hu\/wp-json\/wp\/v2\/product_tag?post=60418"}],"curies":[{"name":"wp","href":"https:\/\/api.w.org\/{rel}","templated":true}]}}