{"id":60252,"date":"2024-02-15T07:27:09","date_gmt":"2024-09-13T16:10:56","guid":{"rendered":"https:\/\/staging.nbg.eu\/product\/geissele-super-charging-handle-sch-5-56\/"},"modified":"2024-09-13T16:11:50","modified_gmt":"2024-09-13T16:11:50","slug":"geissele-super-felhuzokar-sch-556","status":"publish","type":"product","link":"https:\/\/staging.nbg.eu\/hu\/termek\/geissele-super-felhuzokar-sch-556\/","title":{"rendered":"Geissele Super Felh\u00faz\u00f3kar (SCH\u00ae) 5.56"},"content":{"rendered":"<div class=\"product-description\">\n<h2>Geissele Super T\u00f6lt\u0151foganty\u00fa (SCH\u00ae) 5,56<\/h2>\n<p>7075-T6 alum\u00edniumb\u00f3l prec\u00edzi\u00f3s megmunk\u00e1l\u00e1ssal k\u00e9sz\u00fclt, k\u00e9tkezes t\u00f6lt\u0151foganty\u00fa jellemz\u0151i:<\/p>\n<ul>\n<li>Kett\u0151s kont\u00far\u00fa karok rec\u00e9zett markolattal<\/li>\n<li>Fejlesztett g\u00e1zkezel\u00e9s hangtomp\u00edtott rendszerekhez<\/li>\n<li>3-as t\u00edpus\u00fa kem\u00e9nybevonat\u00fa elox\u00e1lt fel\u00fclet<\/li>\n<li>Fekete \u00e9s DDC sz\u00ednekben el\u00e9rhet\u0151<\/li>\n<\/ul>\n<p>Jav\u00edtja az AR-15 ergon\u00f3mi\u00e1j\u00e1t \u00e9s tart\u00f3ss\u00e1g\u00e1t.<\/p>\n<\/div>\n","protected":false},"excerpt":{"rendered":"<p>K\u00e9tkezes, 7075-T6 alum\u00ednium felh\u00faz\u00f3kar. G\u00e1zcs\u00f6kkent\u0151 kialak\u00edt\u00e1s.<\/p>\n","protected":false},"featured_media":60253,"template":"","meta":{"_acf_changed":false},"product_brand":[11393],"product_cat":[12967,12916,12922],"product_tag":[],"class_list":{"0":"post-60252","1":"product","2":"type-product","3":"status-publish","4":"has-post-thumbnail","6":"product_brand-geissele","7":"product_cat-puska","8":"product_cat-puska-tuning","9":"product_cat-toeltokarok","11":"first","12":"instock","13":"taxable","14":"shipping-taxable","15":"product-type-variable","16":"wvs-archive-product-wrapper"},"acf":[],"_links":{"self":[{"href":"https:\/\/staging.nbg.eu\/hu\/wp-json\/wp\/v2\/product\/60252","targetHints":{"allow":["GET"]}}],"collection":[{"href":"https:\/\/staging.nbg.eu\/hu\/wp-json\/wp\/v2\/product"}],"about":[{"href":"https:\/\/staging.nbg.eu\/hu\/wp-json\/wp\/v2\/types\/product"}],"wp:featuredmedia":[{"embeddable":true,"href":"https:\/\/staging.nbg.eu\/hu\/wp-json\/wp\/v2\/media\/60253"}],"wp:attachment":[{"href":"https:\/\/staging.nbg.eu\/hu\/wp-json\/wp\/v2\/media?parent=60252"}],"wp:term":[{"taxonomy":"product_brand","embeddable":true,"href":"https:\/\/staging.nbg.eu\/hu\/wp-json\/wp\/v2\/product_brand?post=60252"},{"taxonomy":"product_cat","embeddable":true,"href":"https:\/\/staging.nbg.eu\/hu\/wp-json\/wp\/v2\/product_cat?post=60252"},{"taxonomy":"product_tag","embeddable":true,"href":"https:\/\/staging.nbg.eu\/hu\/wp-json\/wp\/v2\/product_tag?post=60252"}],"curies":[{"name":"wp","href":"https:\/\/api.w.org\/{rel}","templated":true}]}}