{"id":60026,"date":"2024-02-15T07:54:43","date_gmt":"2024-09-13T16:09:17","guid":{"rendered":"https:\/\/staging.nbg.eu\/product\/geissele-super-charging-handle-sch-7-62\/"},"modified":"2024-09-13T16:10:10","modified_gmt":"2024-09-13T16:10:10","slug":"geissele-super-felhuzokar-sch-762","status":"publish","type":"product","link":"https:\/\/staging.nbg.eu\/hu\/termek\/geissele-super-felhuzokar-sch-762\/","title":{"rendered":"Geissele Super Felh\u00faz\u00f3kar (SCH\u00ae) 7.62"},"content":{"rendered":"<div class=\"product-description\">\n<h2>Geissele Super T\u00f6lt\u0151foganty\u00fa (SCH\u00ae) 7.62<\/h2>\n<p>Az <b>SCH\u00ae 7.62<\/b> egy k\u00e9tkezes t\u00f6lt\u0151foganty\u00fa, <u>7075-T6 rep\u00fcl\u0151g\u00e9p-alum\u00edniumb\u00f3l 3D megmunk\u00e1l\u00e1ssal k\u00e9sz\u00fclt<\/u>. K\u00e9toldalas karokkal \u00e9s rec\u00e9s markolatfel\u00fclettel rendelkezik, keszty\u0171ben is k\u00f6nnyen haszn\u00e1lhat\u00f3. A megemelt h\u00e1ts\u00f3 perem cs\u00f6kkenti a g\u00e1zvissza\u00e1raml\u00e1st. 3-as t\u00edpus\u00fa kem\u00e9ny elox\u00e1lt bevonattal k\u00e9sz\u00fcl, <b>fekete \u00e9s DDC (sivatagi homok) sz\u00ednben kaphat\u00f3<\/b>.<\/p>\n<p>Kompatibilis a legt\u00f6bb SR25, DPMS\/LR308 \u00e9s AR10 t\u00edpus\u00fa fegyverrel. Beszerel\u00e9s el\u0151tt ellen\u0151rizze a kompatibilit\u00e1st a fegyver gy\u00e1rt\u00f3j\u00e1n\u00e1l.<\/p>\n<p><strong>Nem kompatibilis:<\/strong> HK 762, Colt 901, DPMS GII, Adams Arms .308 Patrol Rifle, Daniel Defense DD5, Sig 716, BPM Long Range Marksman .308, Smith &amp; Wesson MP-10, Bushmaster BAR-10, Rock River Arms LAR-8.<\/p>\n<\/div>\n","protected":false},"excerpt":{"rendered":"<p>K\u00e9tkezes 7075-T6 alum\u00ednium felh\u00faz\u00f3kar 7,62-es pusk\u00e1khoz.<\/p>\n","protected":false},"featured_media":60027,"template":"","meta":{"_acf_changed":false},"product_brand":[11393],"product_cat":[12967,12916,12922],"product_tag":[],"class_list":{"0":"post-60026","1":"product","2":"type-product","3":"status-publish","4":"has-post-thumbnail","6":"product_brand-geissele","7":"product_cat-puska","8":"product_cat-puska-tuning","9":"product_cat-toeltokarok","11":"first","12":"instock","13":"taxable","14":"shipping-taxable","15":"product-type-variable","16":"wvs-archive-product-wrapper"},"acf":[],"_links":{"self":[{"href":"https:\/\/staging.nbg.eu\/hu\/wp-json\/wp\/v2\/product\/60026","targetHints":{"allow":["GET"]}}],"collection":[{"href":"https:\/\/staging.nbg.eu\/hu\/wp-json\/wp\/v2\/product"}],"about":[{"href":"https:\/\/staging.nbg.eu\/hu\/wp-json\/wp\/v2\/types\/product"}],"wp:featuredmedia":[{"embeddable":true,"href":"https:\/\/staging.nbg.eu\/hu\/wp-json\/wp\/v2\/media\/60027"}],"wp:attachment":[{"href":"https:\/\/staging.nbg.eu\/hu\/wp-json\/wp\/v2\/media?parent=60026"}],"wp:term":[{"taxonomy":"product_brand","embeddable":true,"href":"https:\/\/staging.nbg.eu\/hu\/wp-json\/wp\/v2\/product_brand?post=60026"},{"taxonomy":"product_cat","embeddable":true,"href":"https:\/\/staging.nbg.eu\/hu\/wp-json\/wp\/v2\/product_cat?post=60026"},{"taxonomy":"product_tag","embeddable":true,"href":"https:\/\/staging.nbg.eu\/hu\/wp-json\/wp\/v2\/product_tag?post=60026"}],"curies":[{"name":"wp","href":"https:\/\/api.w.org\/{rel}","templated":true}]}}