{"id":59872,"date":"2024-02-15T10:31:20","date_gmt":"2024-09-13T16:05:36","guid":{"rendered":"https:\/\/staging.nbg.eu\/product\/geissele-super-configurable-safety-selector-black\/"},"modified":"2024-09-13T16:06:25","modified_gmt":"2024-09-13T16:06:25","slug":"geissele-super-konfiguralhato-biztonsagi-kapcsolo-fekete","status":"publish","type":"product","link":"https:\/\/staging.nbg.eu\/hu\/termek\/geissele-super-konfiguralhato-biztonsagi-kapcsolo-fekete\/","title":{"rendered":"Geissele Super Konfigur\u00e1lhat\u00f3 Biztons\u00e1gi Kapcsol\u00f3 &#8211; Fekete"},"content":{"rendered":"<div class=\"product-description\">\n<h2>Geissele Konfigur\u00e1lhat\u00f3 Biztons\u00e1gi V\u00e1laszt\u00f3kapcsol\u00f3 &#8211; Fekete<\/h2>\n<p>K\u00e9tkezes biztons\u00e1gi v\u00e1laszt\u00f3kapcsol\u00f3 karab\u00e9lyokhoz. Cser\u00e9lhet\u0151 karokkal rendelkezik a szem\u00e9lyre szabott haszn\u00e1lathoz. Rug\u00f3s r\u00f6gz\u00edt\u00e9s\u0171, ami megakad\u00e1lyozza az elveszt\u00e9st tiszt\u00edt\u00e1s k\u00f6zben. Rozsdamentes ac\u00e9l hord\u00f3. A fegyver biztons\u00e1g\u00e1nak \u00e9s haszn\u00e1lhat\u00f3s\u00e1g\u00e1nak jav\u00edt\u00e1s\u00e1ra szolg\u00e1l.<\/p>\n<\/div>\n","protected":false},"excerpt":{"rendered":"<p>K\u00e9tkezes, konfigur\u00e1lhat\u00f3 biztons\u00e1gi v\u00e1laszt\u00f3kapcsol\u00f3 AR-15-h\u00f6z. Tart\u00f3s ac\u00e9lb\u00f3l k\u00e9sz\u00fclt.<\/p>\n","protected":false},"featured_media":59873,"template":"","meta":{"_acf_changed":false},"product_brand":[11393],"product_cat":[12967,12916],"product_tag":[],"class_list":{"0":"post-59872","1":"product","2":"type-product","3":"status-publish","4":"has-post-thumbnail","6":"product_brand-geissele","7":"product_cat-puska","8":"product_cat-puska-tuning","10":"first","11":"instock","12":"taxable","13":"shipping-taxable","14":"product-type-simple"},"acf":[],"_links":{"self":[{"href":"https:\/\/staging.nbg.eu\/hu\/wp-json\/wp\/v2\/product\/59872","targetHints":{"allow":["GET"]}}],"collection":[{"href":"https:\/\/staging.nbg.eu\/hu\/wp-json\/wp\/v2\/product"}],"about":[{"href":"https:\/\/staging.nbg.eu\/hu\/wp-json\/wp\/v2\/types\/product"}],"wp:featuredmedia":[{"embeddable":true,"href":"https:\/\/staging.nbg.eu\/hu\/wp-json\/wp\/v2\/media\/59873"}],"wp:attachment":[{"href":"https:\/\/staging.nbg.eu\/hu\/wp-json\/wp\/v2\/media?parent=59872"}],"wp:term":[{"taxonomy":"product_brand","embeddable":true,"href":"https:\/\/staging.nbg.eu\/hu\/wp-json\/wp\/v2\/product_brand?post=59872"},{"taxonomy":"product_cat","embeddable":true,"href":"https:\/\/staging.nbg.eu\/hu\/wp-json\/wp\/v2\/product_cat?post=59872"},{"taxonomy":"product_tag","embeddable":true,"href":"https:\/\/staging.nbg.eu\/hu\/wp-json\/wp\/v2\/product_tag?post=59872"}],"curies":[{"name":"wp","href":"https:\/\/api.w.org\/{rel}","templated":true}]}}