{"id":59722,"date":"2024-02-15T10:48:43","date_gmt":"2024-09-13T16:01:58","guid":{"rendered":"https:\/\/staging.nbg.eu\/product\/geissele-maritime-bolt-catch\/"},"modified":"2024-09-13T16:02:48","modified_gmt":"2024-09-13T16:02:48","slug":"geissele-maritime-zarzat-retesz","status":"publish","type":"product","link":"https:\/\/staging.nbg.eu\/hu\/termek\/geissele-maritime-zarzat-retesz\/","title":{"rendered":"Geissele Maritime Z\u00e1rzat Retesz"},"content":{"rendered":"<p>\nA Geissele Maritime Bolt Catch jav\u00edtja az AR-15 funkcionalit\u00e1s\u00e1t:<\/p>\n<ul>\n<li>Kompatibilis a katonai szabv\u00e1ny\u00fa M16\/M4 als\u00f3 v\u00e1zakkal<\/li>\n<li>Megn\u00f6velt fel\u00fclet a k\u00f6nnyebb kezelhet\u0151s\u00e9g \u00e9rdek\u00e9ben<\/li>\n<li>Kiterjesztett vez\u00e9rl\u0151k balkezes l\u00f6v\u00e9szek sz\u00e1m\u00e1ra<\/li>\n<li>Rec\u00e9zett fel\u00fclet a jobb fog\u00e1s \u00e9rdek\u00e9ben<\/li>\n<li>Alkalmas keszty\u0171s haszn\u00e1latra vagy gyenge f\u00e9nyviszonyok k\u00f6z\u00f6tt<\/li>\n<\/ul>\n<p>Ez a z\u00e1rretesz katonai \u00e9s civil felhaszn\u00e1l\u00f3k sz\u00e1m\u00e1ra k\u00e9sz\u00fclt.<\/p>\n","protected":false},"excerpt":{"rendered":"<p>Megn\u00f6velt fel\u00fclet\u0171 z\u00e1rakaszt\u00f3 a k\u00f6nnyebb kezelhet\u0151s\u00e9g \u00e9rdek\u00e9ben.<\/p>\n","protected":false},"featured_media":59723,"template":"","meta":{"_acf_changed":false},"product_brand":[11393],"product_cat":[12967,12916],"product_tag":[],"class_list":{"0":"post-59722","1":"product","2":"type-product","3":"status-publish","4":"has-post-thumbnail","6":"product_brand-geissele","7":"product_cat-puska","8":"product_cat-puska-tuning","10":"first","11":"instock","12":"taxable","13":"shipping-taxable","14":"product-type-simple"},"acf":[],"_links":{"self":[{"href":"https:\/\/staging.nbg.eu\/hu\/wp-json\/wp\/v2\/product\/59722","targetHints":{"allow":["GET"]}}],"collection":[{"href":"https:\/\/staging.nbg.eu\/hu\/wp-json\/wp\/v2\/product"}],"about":[{"href":"https:\/\/staging.nbg.eu\/hu\/wp-json\/wp\/v2\/types\/product"}],"wp:featuredmedia":[{"embeddable":true,"href":"https:\/\/staging.nbg.eu\/hu\/wp-json\/wp\/v2\/media\/59723"}],"wp:attachment":[{"href":"https:\/\/staging.nbg.eu\/hu\/wp-json\/wp\/v2\/media?parent=59722"}],"wp:term":[{"taxonomy":"product_brand","embeddable":true,"href":"https:\/\/staging.nbg.eu\/hu\/wp-json\/wp\/v2\/product_brand?post=59722"},{"taxonomy":"product_cat","embeddable":true,"href":"https:\/\/staging.nbg.eu\/hu\/wp-json\/wp\/v2\/product_cat?post=59722"},{"taxonomy":"product_tag","embeddable":true,"href":"https:\/\/staging.nbg.eu\/hu\/wp-json\/wp\/v2\/product_tag?post=59722"}],"curies":[{"name":"wp","href":"https:\/\/api.w.org\/{rel}","templated":true}]}}