{"id":59528,"date":"2024-02-15T11:08:39","date_gmt":"2024-09-13T15:58:13","guid":{"rendered":"https:\/\/staging.nbg.eu\/product\/geissele-picatinny-rail-for-m-lok-7-slots\/"},"modified":"2024-09-13T15:59:09","modified_gmt":"2024-09-13T15:59:09","slug":"geissele-picatinny-sin-m-lok-hoz-7-slot","status":"publish","type":"product","link":"https:\/\/staging.nbg.eu\/hu\/termek\/geissele-picatinny-sin-m-lok-hoz-7-slot\/","title":{"rendered":"Geissele Picatinny S\u00edn M-LOK-hoz, 7 Slot"},"content":{"rendered":"<div class=\"product-description\">\n<h2>Geissele Picatinny s\u00edn M-LOK-hoz, 7 horonnyal<\/h2>\n<p>B\u0151v\u00edtse AR-15-\u00f6s fegyver\u00e9nek funkcionalit\u00e1s\u00e1t a Geissele Picatinny kieg\u00e9sz\u00edt\u0151 s\u00ednnel. Ez a 7 hornyos s\u00edn 7075-T6 alum\u00edniumb\u00f3l k\u00e9sz\u00fclt, kem\u00e9ny elox\u00e1lt fel\u00fclettel, amely biztons\u00e1gos r\u00f6gz\u00edt\u00e9st biztos\u00edt k\u00fcl\u00f6nb\u00f6z\u0151 kieg\u00e9sz\u00edt\u0151knek. A pontos specifik\u00e1ci\u00f3k szerint tervezt\u00e9k, megb\u00edzhat\u00f3 illeszked\u00e9st \u00e9s stabil platformot biztos\u00edt az M-LOK el\u0151agyhoz.<\/p>\n<\/div>\n","protected":false},"excerpt":{"rendered":"<p>Prec\u00edzi\u00f3s 7 hornyos Picatinny s\u00edn M-LOK rendszerhez. Biztons\u00e1gos AR-15 kieg\u00e9sz\u00edt\u0151 r\u00f6gz\u00edt\u00e9s.<\/p>\n","protected":false},"featured_media":59529,"template":"","meta":{"_acf_changed":false},"product_brand":[11393],"product_cat":[12967,12915],"product_tag":[],"class_list":{"0":"post-59528","1":"product","2":"type-product","3":"status-publish","4":"has-post-thumbnail","6":"product_brand-geissele","7":"product_cat-puska","8":"product_cat-sinek","10":"first","11":"instock","12":"taxable","13":"shipping-taxable","14":"product-type-variable","15":"wvs-archive-product-wrapper"},"acf":[],"_links":{"self":[{"href":"https:\/\/staging.nbg.eu\/hu\/wp-json\/wp\/v2\/product\/59528","targetHints":{"allow":["GET"]}}],"collection":[{"href":"https:\/\/staging.nbg.eu\/hu\/wp-json\/wp\/v2\/product"}],"about":[{"href":"https:\/\/staging.nbg.eu\/hu\/wp-json\/wp\/v2\/types\/product"}],"wp:featuredmedia":[{"embeddable":true,"href":"https:\/\/staging.nbg.eu\/hu\/wp-json\/wp\/v2\/media\/59529"}],"wp:attachment":[{"href":"https:\/\/staging.nbg.eu\/hu\/wp-json\/wp\/v2\/media?parent=59528"}],"wp:term":[{"taxonomy":"product_brand","embeddable":true,"href":"https:\/\/staging.nbg.eu\/hu\/wp-json\/wp\/v2\/product_brand?post=59528"},{"taxonomy":"product_cat","embeddable":true,"href":"https:\/\/staging.nbg.eu\/hu\/wp-json\/wp\/v2\/product_cat?post=59528"},{"taxonomy":"product_tag","embeddable":true,"href":"https:\/\/staging.nbg.eu\/hu\/wp-json\/wp\/v2\/product_tag?post=59528"}],"curies":[{"name":"wp","href":"https:\/\/api.w.org\/{rel}","templated":true}]}}