{"id":59116,"date":"2024-02-15T11:15:35","date_gmt":"2024-09-13T15:20:20","guid":{"rendered":"https:\/\/staging.nbg.eu\/product\/geissele-rail-panels-black-ddc\/"},"modified":"2024-09-13T15:21:16","modified_gmt":"2024-09-13T15:21:16","slug":"geissele-sin-panelek-feketeddc","status":"publish","type":"product","link":"https:\/\/staging.nbg.eu\/hu\/termek\/geissele-sin-panelek-feketeddc\/","title":{"rendered":"Geissele S\u00edn Panelek (Fekete\/DDC)"},"content":{"rendered":"<div class=\"product-description\">\n<h2>Geissele M-Lok s\u00ednek (Fekete\/DDC)<\/h2>\n<p>Geissele M-Lok s\u00ednek URGI s\u00ednrendszerhez. Jellemz\u0151k:<\/p>\n<ul>\n<li>Textur\u00e1lt fel\u00fclet a jobb fog\u00e1s \u00e9rdek\u00e9ben<\/li>\n<li>V\u00e9delmi min\u0151s\u00e9g\u0171 polimer szerkezet<\/li>\n<li>Tart\u00f3s intenz\u00edv haszn\u00e1lat mellett<\/li>\n<li>H\u0151v\u00e9d\u0151 tulajdons\u00e1gok<\/li>\n<li>Fekete \u00e9s DDC sz\u00ednben kaphat\u00f3<\/li>\n<\/ul>\n<p>Jav\u00edtsa a karab\u00e9ly kezelhet\u0151s\u00e9g\u00e9t \u00e9s v\u00e9dje kez\u00e9t ezekkel a s\u00ednpanelekkel.<\/p>\n<\/div>\n","protected":false},"excerpt":{"rendered":"<p>Tart\u00f3s, textur\u00e1lt M-LOK s\u00ednpanelek a jobb fog\u00e1s \u00e9s h\u0151v\u00e9delem \u00e9rdek\u00e9ben.<\/p>\n","protected":false},"featured_media":59117,"template":"","meta":{"_acf_changed":false},"product_brand":[11393],"product_cat":[12967,12915],"product_tag":[],"class_list":{"0":"post-59116","1":"product","2":"type-product","3":"status-publish","4":"has-post-thumbnail","6":"product_brand-geissele","7":"product_cat-puska","8":"product_cat-sinek","10":"first","11":"instock","12":"taxable","13":"shipping-taxable","14":"product-type-variable","15":"wvs-archive-product-wrapper"},"acf":[],"_links":{"self":[{"href":"https:\/\/staging.nbg.eu\/hu\/wp-json\/wp\/v2\/product\/59116","targetHints":{"allow":["GET"]}}],"collection":[{"href":"https:\/\/staging.nbg.eu\/hu\/wp-json\/wp\/v2\/product"}],"about":[{"href":"https:\/\/staging.nbg.eu\/hu\/wp-json\/wp\/v2\/types\/product"}],"wp:featuredmedia":[{"embeddable":true,"href":"https:\/\/staging.nbg.eu\/hu\/wp-json\/wp\/v2\/media\/59117"}],"wp:attachment":[{"href":"https:\/\/staging.nbg.eu\/hu\/wp-json\/wp\/v2\/media?parent=59116"}],"wp:term":[{"taxonomy":"product_brand","embeddable":true,"href":"https:\/\/staging.nbg.eu\/hu\/wp-json\/wp\/v2\/product_brand?post=59116"},{"taxonomy":"product_cat","embeddable":true,"href":"https:\/\/staging.nbg.eu\/hu\/wp-json\/wp\/v2\/product_cat?post=59116"},{"taxonomy":"product_tag","embeddable":true,"href":"https:\/\/staging.nbg.eu\/hu\/wp-json\/wp\/v2\/product_tag?post=59116"}],"curies":[{"name":"wp","href":"https:\/\/api.w.org\/{rel}","templated":true}]}}