{"id":58846,"date":"2024-02-15T19:41:39","date_gmt":"2024-09-13T15:17:28","guid":{"rendered":"https:\/\/staging.nbg.eu\/product\/geissele-super-gas-block-black\/"},"modified":"2024-09-13T15:18:18","modified_gmt":"2024-09-13T15:18:18","slug":"geissele-super-gazblokk-fekete","status":"publish","type":"product","link":"https:\/\/staging.nbg.eu\/hu\/termek\/geissele-super-gazblokk-fekete\/","title":{"rendered":"Geissele Super G\u00e1zblokk &#8211; Fekete"},"content":{"rendered":"<div class=\"product-description\">\n<h2>Geissele Super G\u00e1zblokk &#8211; Fekete<\/h2>\n<p>A Geissele Super G\u00e1zblokk egy alacsony profil\u00fa, prec\u00edzi\u00f3s alkatr\u00e9sz, amely a legt\u00f6bb szabadon \u00fasz\u00f3 el\u0151agy alatt haszn\u00e1lhat\u00f3. 17-4 kiv\u00e1l\u00e1sos kem\u00e9nyed\u00e9s\u0171 rozsdamentes ac\u00e9lb\u00f3l k\u00e9sz\u00fclt, ami korr\u00f3zi\u00f3\u00e1ll\u00f3s\u00e1got \u00e9s tart\u00f3ss\u00e1got biztos\u00edt.<\/p>\n<ul>\n<li>T\u00f6bb ezer l\u00f6v\u00e9st kib\u00edr<\/li>\n<li>Tartalmazza a standard r\u00f6gz\u00edt\u0151csavart \u00e9s a &#8222;Bombabiztos telep\u00edt\u00e9s&#8221; m\u00f3dszereket<\/li>\n<li>Spir\u00e1l csap r\u00f6gz\u00edti a g\u00e1zblokkot a stabilit\u00e1s \u00e9rdek\u00e9ben<\/li>\n<li>Rozsdamentes ac\u00e9l illeszt\u0151csap biztos\u00edtja a pontos illeszked\u00e9st a Geissele CHF cs\u00f6vekkel<\/li>\n<\/ul>\n<p>A Geissele Super G\u00e1zblokk megb\u00edzhat\u00f3s\u00e1got \u00e9s teljes\u00edtm\u00e9nyt ny\u00fajt, \u00e9s b\u00e1rmilyen m\u0171k\u00f6d\u00e9si k\u00f6r\u00fclm\u00e9nyek k\u00f6z\u00f6tt haszn\u00e1lhat\u00f3.<\/p>\n<\/div>\n","protected":false},"excerpt":{"rendered":"<p>Alacsony profil\u00fa, tart\u00f3s rozsdamentes ac\u00e9l g\u00e1zblokk AR-15 pusk\u00e1khoz.<\/p>\n","protected":false},"featured_media":58847,"template":"","meta":{"_acf_changed":false},"product_brand":[11393],"product_cat":[12967,12916],"product_tag":[],"class_list":{"0":"post-58846","1":"product","2":"type-product","3":"status-publish","4":"has-post-thumbnail","6":"product_brand-geissele","7":"product_cat-puska","8":"product_cat-puska-tuning","10":"first","11":"instock","12":"taxable","13":"shipping-taxable","14":"product-type-simple"},"acf":[],"_links":{"self":[{"href":"https:\/\/staging.nbg.eu\/hu\/wp-json\/wp\/v2\/product\/58846","targetHints":{"allow":["GET"]}}],"collection":[{"href":"https:\/\/staging.nbg.eu\/hu\/wp-json\/wp\/v2\/product"}],"about":[{"href":"https:\/\/staging.nbg.eu\/hu\/wp-json\/wp\/v2\/types\/product"}],"wp:featuredmedia":[{"embeddable":true,"href":"https:\/\/staging.nbg.eu\/hu\/wp-json\/wp\/v2\/media\/58847"}],"wp:attachment":[{"href":"https:\/\/staging.nbg.eu\/hu\/wp-json\/wp\/v2\/media?parent=58846"}],"wp:term":[{"taxonomy":"product_brand","embeddable":true,"href":"https:\/\/staging.nbg.eu\/hu\/wp-json\/wp\/v2\/product_brand?post=58846"},{"taxonomy":"product_cat","embeddable":true,"href":"https:\/\/staging.nbg.eu\/hu\/wp-json\/wp\/v2\/product_cat?post=58846"},{"taxonomy":"product_tag","embeddable":true,"href":"https:\/\/staging.nbg.eu\/hu\/wp-json\/wp\/v2\/product_tag?post=58846"}],"curies":[{"name":"wp","href":"https:\/\/api.w.org\/{rel}","templated":true}]}}