{"id":584430,"date":"2025-09-05T18:16:13","date_gmt":"2025-09-05T15:16:13","guid":{"rendered":"https:\/\/staging.nbg.eu\/product\/mak-viper-fts-left\/"},"modified":"2025-10-16T16:00:55","modified_gmt":"2025-10-16T13:00:55","slug":"mak-viper-fts-bal","status":"publish","type":"product","link":"https:\/\/staging.nbg.eu\/hu\/termek\/mak-viper-fts-bal\/","title":{"rendered":"MAK Viper FTS Bal"},"content":{"rendered":"<div class=\"product-description\">\n<h2>MAK Viper FTS Bal<\/h2>\n<p>A MAK Viper FTS Bal egy puska t\u00e1vcs\u0151szerel\u00e9k, amelyet balkezes l\u00f6v\u00e9szek sz\u00e1m\u00e1ra terveztek. A szerel\u00e9k jellemz\u0151i:<\/p>\n<ul>\n<li>Alum\u00ednium konstrukci\u00f3<\/li>\n<li>Fixed Torque System (FTS) a konzisztens r\u00f6gz\u00edt\u00e9shez<\/li>\n<li>Gyorskiold\u00f3 kar a t\u00e1vcs\u0151 egyszer\u0171 le- \u00e9s felszerel\u00e9s\u00e9hez<\/li>\n<li>Balkezes kialak\u00edt\u00e1s<\/li>\n<li>Kompatibilis Picatinny \u00e9s Weaver s\u00ednekkel<\/li>\n<li>K\u00fcl\u00f6nb\u00f6z\u0151 gy\u0171r\u0171m\u00e9retekben kaphat\u00f3 a k\u00fcl\u00f6nb\u00f6z\u0151 t\u00e1vcs\u0151\u00e1tm\u00e9r\u0151kh\u00f6z<\/li>\n<\/ul>\n<p>A MAK Viper FTS Bal stabilit\u00e1st biztos\u00edt \u00e9s megtartja a null\u00e1z\u00e1st er\u0151s h\u00e1trar\u00fag\u00e1s eset\u00e9n is. Ez a szerel\u00e9k balkezes l\u00f6v\u00e9szek sz\u00e1m\u00e1ra k\u00e9sz\u00fclt.<\/p>\n<\/div>\n","protected":false},"excerpt":{"rendered":"<p>MAK Viper FTS balkezes: Prec\u00edzi\u00f3s taktikai c\u00e9lt\u00e1vcs\u0151 balkezes l\u00f6v\u00e9szek sz\u00e1m\u00e1ra.<\/p>\n","protected":false},"featured_media":0,"template":"","meta":{"_acf_changed":false},"product_brand":[],"product_cat":[],"product_tag":[],"class_list":{"0":"post-584430","1":"product","2":"type-product","3":"status-publish","6":"first","7":"instock","8":"taxable","9":"shipping-taxable","10":"purchasable","11":"product-type-simple"},"acf":[],"_links":{"self":[{"href":"https:\/\/staging.nbg.eu\/hu\/wp-json\/wp\/v2\/product\/584430","targetHints":{"allow":["GET"]}}],"collection":[{"href":"https:\/\/staging.nbg.eu\/hu\/wp-json\/wp\/v2\/product"}],"about":[{"href":"https:\/\/staging.nbg.eu\/hu\/wp-json\/wp\/v2\/types\/product"}],"wp:attachment":[{"href":"https:\/\/staging.nbg.eu\/hu\/wp-json\/wp\/v2\/media?parent=584430"}],"wp:term":[{"taxonomy":"product_brand","embeddable":true,"href":"https:\/\/staging.nbg.eu\/hu\/wp-json\/wp\/v2\/product_brand?post=584430"},{"taxonomy":"product_cat","embeddable":true,"href":"https:\/\/staging.nbg.eu\/hu\/wp-json\/wp\/v2\/product_cat?post=584430"},{"taxonomy":"product_tag","embeddable":true,"href":"https:\/\/staging.nbg.eu\/hu\/wp-json\/wp\/v2\/product_tag?post=584430"}],"curies":[{"name":"wp","href":"https:\/\/api.w.org\/{rel}","templated":true}]}}