{"id":583698,"date":"2025-10-10T23:40:13","date_gmt":"2025-10-10T20:40:13","guid":{"rendered":"https:\/\/staging.nbg.eu\/product\/dillon-4-pack-primer-pickup-tubes-small-primer\/"},"modified":"2025-10-16T15:28:42","modified_gmt":"2025-10-16T12:28:42","slug":"dillon-4-es-csomag-gyujtoszerelveny-csoevek-kis-gyujto","status":"publish","type":"product","link":"https:\/\/staging.nbg.eu\/hu\/termek\/dillon-4-es-csomag-gyujtoszerelveny-csoevek-kis-gyujto\/","title":{"rendered":"Dillon 4-es csomag Gy\u00fajt\u00f3szerelv\u00e9ny Cs\u00f6vek &#8211; Kis Gy\u00fajt\u00f3"},"content":{"rendered":"<div class=\"product-description\">\n<h2>Dillon 4 darabos gyutacs felvev\u0151 cs\u0151 k\u00e9szlet &#8211; Kis gyutacshoz<\/h2>\n<p>A Dillon 4 darabos gyutacs felvev\u0151 cs\u0151 k\u00e9szlet kis gyutacsokhoz. Ezek a kieg\u00e9sz\u00edt\u0151k a t\u00f6lt\u00e9si folyamat egyszer\u0171s\u00edt\u00e9s\u00e9re szolg\u00e1lnak.<\/p>\n<ul>\n<li>4 darabos felvev\u0151 cs\u0151 k\u00e9szlet kis \u00e1tm\u00e9r\u0151j\u0171 gyutacsokhoz<\/li>\n<li>El\u0151re felt\u00f6lthet\u0151 cs\u00f6vek a gyors \u00e9s hat\u00e9kony \u00fajrat\u00f6lt\u00e9shez<\/li>\n<li>Kompatibilis Dillon \u00fajrat\u00f6lt\u0151 pr\u00e9sekkel<\/li>\n<li>N\u00f6veli a termel\u00e9kenys\u00e9get \u00e9s id\u0151t takar\u00edt meg<\/li>\n<\/ul>\n<p>Tartsa ezeket a cs\u00f6veket felt\u00f6ltve \u00e9s k\u00e9szenl\u00e9tben a folyamatos \u00fajrat\u00f6lt\u00e9shez. Versenyl\u00f6v\u0151k \u00e9s nagy mennyis\u00e9g\u0171 \u00fajrat\u00f6lt\u0151k sz\u00e1m\u00e1ra.<\/p>\n<\/div>\n","protected":false},"excerpt":{"rendered":"<p>4 kis m\u00e9ret\u0171 gy\u00fajt\u00f3csap-felvev\u0151 cs\u0151 a gyors \u00e9s hat\u00e9kony \u00fajrat\u00f6lt\u00e9shez.<\/p>\n","protected":false},"featured_media":583730,"template":"","meta":{"_acf_changed":false},"product_brand":[],"product_cat":[12963,12917],"product_tag":[],"class_list":{"0":"post-583698","1":"product","2":"type-product","3":"status-publish","4":"has-post-thumbnail","6":"product_cat-ujratoeltes","7":"product_cat-ujratoelto-kiegeszitok","9":"first","10":"instock","11":"taxable","12":"shipping-taxable","13":"purchasable","14":"product-type-simple"},"acf":[],"_links":{"self":[{"href":"https:\/\/staging.nbg.eu\/hu\/wp-json\/wp\/v2\/product\/583698","targetHints":{"allow":["GET"]}}],"collection":[{"href":"https:\/\/staging.nbg.eu\/hu\/wp-json\/wp\/v2\/product"}],"about":[{"href":"https:\/\/staging.nbg.eu\/hu\/wp-json\/wp\/v2\/types\/product"}],"wp:featuredmedia":[{"embeddable":true,"href":"https:\/\/staging.nbg.eu\/hu\/wp-json\/wp\/v2\/media\/583730"}],"wp:attachment":[{"href":"https:\/\/staging.nbg.eu\/hu\/wp-json\/wp\/v2\/media?parent=583698"}],"wp:term":[{"taxonomy":"product_brand","embeddable":true,"href":"https:\/\/staging.nbg.eu\/hu\/wp-json\/wp\/v2\/product_brand?post=583698"},{"taxonomy":"product_cat","embeddable":true,"href":"https:\/\/staging.nbg.eu\/hu\/wp-json\/wp\/v2\/product_cat?post=583698"},{"taxonomy":"product_tag","embeddable":true,"href":"https:\/\/staging.nbg.eu\/hu\/wp-json\/wp\/v2\/product_tag?post=583698"}],"curies":[{"name":"wp","href":"https:\/\/api.w.org\/{rel}","templated":true}]}}